{"id":7008,"date":"2025-07-01T12:54:41","date_gmt":"2025-07-01T12:54:41","guid":{"rendered":"https:\/\/lopeskincar.shop\/?post_type=product&#038;p=7008"},"modified":"2025-12-30T15:15:48","modified_gmt":"2025-12-30T15:15:48","slug":"celimax-the-vita-a-retinol-shot-tightening-booster-15ml","status":"publish","type":"product","link":"https:\/\/lopeskincar.shop\/index.php\/product\/celimax-the-vita-a-retinol-shot-tightening-booster-15ml\/","title":{"rendered":"celimax The Vita-A Retinol Shot Tightening Booster (15ml)"},"content":{"rendered":"<h2 data-start=\"79\" data-end=\"140\">Celimax The Vita-A Retinol Shot Tightening Booster \u2013 15 ml<\/h2>\n<p data-start=\"142\" data-end=\"377\">Le <strong data-start=\"145\" data-end=\"198\">Vita-A Retinol Shot Tightening Booster de Celimax<\/strong> est un soin concentr\u00e9 au <strong data-start=\"224\" data-end=\"245\">r\u00e9tinol encapsul\u00e9<\/strong>, sp\u00e9cialement formul\u00e9 pour am\u00e9liorer la fermet\u00e9 de la peau, lisser les rides et affiner le grain de peau sans irritation excessive.<\/p>\n<p data-start=\"379\" data-end=\"578\">Gr\u00e2ce \u00e0 sa technologie <strong data-start=\"402\" data-end=\"418\">Shot Booster<\/strong>, le r\u00e9tinol p\u00e9n\u00e8tre efficacement dans la peau pour stimuler le renouvellement cellulaire et la production de collag\u00e8ne, tout en respectant les peaux sensibles.<\/p>\n<h3 data-start=\"580\" data-end=\"593\">Bienfaits<\/h3>\n<ul data-start=\"595\" data-end=\"786\">\n<li data-start=\"595\" data-end=\"643\">\n<p data-start=\"597\" data-end=\"643\">Raffermit la peau et am\u00e9liore son \u00e9lasticit\u00e9<\/p>\n<\/li>\n<li data-start=\"644\" data-end=\"687\">\n<p data-start=\"646\" data-end=\"687\">R\u00e9duit visiblement les rides et ridules<\/p>\n<\/li>\n<li data-start=\"688\" data-end=\"719\">\n<p data-start=\"690\" data-end=\"719\">Lisse la texture de la peau<\/p>\n<\/li>\n<li data-start=\"720\" data-end=\"750\">\n<p data-start=\"722\" data-end=\"750\">Aide \u00e0 resserrer les pores<\/p>\n<\/li>\n<li data-start=\"751\" data-end=\"786\">\n<p data-start=\"753\" data-end=\"786\">Teint plus uniforme et lumineux<\/p>\n<\/li>\n<\/ul>\n<h3 data-start=\"788\" data-end=\"803\">Actifs cl\u00e9s<\/h3>\n<ul data-start=\"805\" data-end=\"1086\">\n<li data-start=\"805\" data-end=\"904\">\n<p data-start=\"807\" data-end=\"904\"><strong data-start=\"807\" data-end=\"827\">R\u00e9tinol (Vita-A)<\/strong> : stimule le renouvellement cellulaire et lutte contre les signes de l\u2019\u00e2ge<\/p>\n<\/li>\n<li data-start=\"905\" data-end=\"972\">\n<p data-start=\"907\" data-end=\"972\"><strong data-start=\"907\" data-end=\"919\">Peptides<\/strong> : renforcent la fermet\u00e9 et l\u2019\u00e9lasticit\u00e9 de la peau<\/p>\n<\/li>\n<li data-start=\"973\" data-end=\"1035\">\n<p data-start=\"975\" data-end=\"1035\"><strong data-start=\"975\" data-end=\"1001\">Panth\u00e9nol &amp; Allanto\u00efne<\/strong> : apaisent et hydratent la peau<\/p>\n<\/li>\n<li data-start=\"1036\" data-end=\"1086\">\n<p data-start=\"1038\" data-end=\"1086\"><strong data-start=\"1038\" data-end=\"1051\">C\u00e9ramides<\/strong> : renforcent la barri\u00e8re cutan\u00e9e<\/p>\n<\/li>\n<\/ul>\n<h3 data-start=\"1088\" data-end=\"1104\">Type de peau<\/h3>\n<p data-start=\"1106\" data-end=\"1281\">Convient \u00e0 tous les types de peau.<br data-start=\"1140\" data-end=\"1143\" \/>Id\u00e9al pour les peaux ternes, rel\u00e2ch\u00e9es ou pr\u00e9sentant des signes de l\u2019\u00e2ge.<br data-start=\"1216\" data-end=\"1219\" \/>(Recommand\u00e9 aux d\u00e9butants en r\u00e9tinol gr\u00e2ce \u00e0 sa formule douce)<\/p>\n<h3 data-start=\"1283\" data-end=\"1305\">Mode d\u2019utilisation<\/h3>\n<p data-start=\"1307\" data-end=\"1550\">Appliquez une petite quantit\u00e9 le soir, apr\u00e8s le nettoyage et le toner.<br data-start=\"1377\" data-end=\"1380\" \/>Commencez par <strong data-start=\"1394\" data-end=\"1420\">2 \u00e0 3 fois par semaine<\/strong>, puis augmentez progressivement selon la tol\u00e9rance de la peau.<br data-start=\"1483\" data-end=\"1486\" \/>Utilisez imp\u00e9rativement une <strong data-start=\"1514\" data-end=\"1540\">protection solaire SPF<\/strong> le matin.<\/p>\n<h3 data-start=\"1552\" data-end=\"1566\">Contenance<\/h3>\n<p data-start=\"1568\" data-end=\"1573\">15 ml<\/p>\n","protected":false},"excerpt":{"rendered":"<p>Celimax The Vita-A Retinol Shot Tightening Booster \u2013 15 ml Le Vita-A Retinol Shot Tightening Booster de Celimax est un&#8230;<\/p>\n","protected":false},"featured_media":7011,"comment_status":"open","ping_status":"closed","template":"","meta":[],"product_brand":[],"product_cat":[54],"product_tag":[],"class_list":{"0":"post-7008","1":"product","2":"type-product","3":"status-publish","4":"has-post-thumbnail","6":"product_cat-out-stouk","8":"first","9":"outofstock","10":"sale","11":"taxable","12":"shipping-taxable","13":"purchasable","14":"product-type-simple"},"_links":{"self":[{"href":"https:\/\/lopeskincar.shop\/index.php\/wp-json\/wp\/v2\/product\/7008","targetHints":{"allow":["GET"]}}],"collection":[{"href":"https:\/\/lopeskincar.shop\/index.php\/wp-json\/wp\/v2\/product"}],"about":[{"href":"https:\/\/lopeskincar.shop\/index.php\/wp-json\/wp\/v2\/types\/product"}],"replies":[{"embeddable":true,"href":"https:\/\/lopeskincar.shop\/index.php\/wp-json\/wp\/v2\/comments?post=7008"}],"wp:featuredmedia":[{"embeddable":true,"href":"https:\/\/lopeskincar.shop\/index.php\/wp-json\/wp\/v2\/media\/7011"}],"wp:attachment":[{"href":"https:\/\/lopeskincar.shop\/index.php\/wp-json\/wp\/v2\/media?parent=7008"}],"wp:term":[{"taxonomy":"product_brand","embeddable":true,"href":"https:\/\/lopeskincar.shop\/index.php\/wp-json\/wp\/v2\/product_brand?post=7008"},{"taxonomy":"product_cat","embeddable":true,"href":"https:\/\/lopeskincar.shop\/index.php\/wp-json\/wp\/v2\/product_cat?post=7008"},{"taxonomy":"product_tag","embeddable":true,"href":"https:\/\/lopeskincar.shop\/index.php\/wp-json\/wp\/v2\/product_tag?post=7008"}],"curies":[{"name":"wp","href":"https:\/\/api.w.org\/{rel}","templated":true}]}}