{"id":6188,"date":"2025-06-28T15:38:57","date_gmt":"2025-06-28T15:38:57","guid":{"rendered":"https:\/\/lopeskincar.shop\/?post_type=product&#038;p=6188"},"modified":"2025-12-30T15:17:43","modified_gmt":"2025-12-30T15:17:43","slug":"skin1004-madagascar-centella-quick-calming-pad-70-pads","status":"publish","type":"product","link":"https:\/\/lopeskincar.shop\/index.php\/product\/skin1004-madagascar-centella-quick-calming-pad-70-pads\/","title":{"rendered":"SKIN1004 Madagascar Centella Quick Calming Pad (70 Pads)"},"content":{"rendered":"<h2 data-start=\"102\" data-end=\"161\">SKIN1004 Madagascar Centella Quick Calming Pad (70 Pads)<\/h2>\n<p data-start=\"163\" data-end=\"366\">Les <strong data-start=\"167\" data-end=\"221\">Madagascar Centella Quick Calming Pads de SKIN1004<\/strong> sont des disques impr\u00e9gn\u00e9s con\u00e7us pour <strong data-start=\"261\" data-end=\"295\">apaiser instantan\u00e9ment la peau<\/strong>, r\u00e9duire les rougeurs et r\u00e9\u00e9quilibrer les peaux sensibles ou irrit\u00e9es.<\/p>\n<p data-start=\"368\" data-end=\"576\">Enrichis en <strong data-start=\"380\" data-end=\"415\">Centella Asiatica de Madagascar<\/strong>, reconnue pour ses puissantes propri\u00e9t\u00e9s calmantes et r\u00e9paratrices, ces pads offrent un soin express id\u00e9al au quotidien, m\u00eame pour les peaux les plus d\u00e9licates.<\/p>\n<h3 data-start=\"578\" data-end=\"591\">Bienfaits<\/h3>\n<ul data-start=\"593\" data-end=\"792\">\n<li data-start=\"593\" data-end=\"642\">\n<p data-start=\"595\" data-end=\"642\">Apaise rapidement les irritations et rougeurs<\/p>\n<\/li>\n<li data-start=\"643\" data-end=\"676\">\n<p data-start=\"645\" data-end=\"676\">Hydrate et rafra\u00eechit la peau<\/p>\n<\/li>\n<li data-start=\"677\" data-end=\"709\">\n<p data-start=\"679\" data-end=\"709\">Renforce la barri\u00e8re cutan\u00e9e<\/p>\n<\/li>\n<li data-start=\"710\" data-end=\"746\">\n<p data-start=\"712\" data-end=\"746\">Unifie et lisse le grain de peau<\/p>\n<\/li>\n<li data-start=\"747\" data-end=\"792\">\n<p data-start=\"749\" data-end=\"792\">Parfait pour un usage quotidien et rapide<\/p>\n<\/li>\n<\/ul>\n<h3 data-start=\"794\" data-end=\"809\">Actifs cl\u00e9s<\/h3>\n<ul data-start=\"811\" data-end=\"1051\">\n<li data-start=\"811\" data-end=\"885\">\n<p data-start=\"813\" data-end=\"885\"><strong data-start=\"813\" data-end=\"847\">Centella Asiatica (Madagascar)<\/strong> : apaise, r\u00e9pare et prot\u00e8ge la peau<\/p>\n<\/li>\n<li data-start=\"886\" data-end=\"939\">\n<p data-start=\"888\" data-end=\"939\"><strong data-start=\"888\" data-end=\"918\">Panth\u00e9nol (Provitamine B5)<\/strong> : hydrate et calme<\/p>\n<\/li>\n<li data-start=\"940\" data-end=\"998\">\n<p data-start=\"942\" data-end=\"998\"><strong data-start=\"942\" data-end=\"956\">Allanto\u00efne<\/strong> : aide \u00e0 apaiser et \u00e0 r\u00e9g\u00e9n\u00e9rer la peau<\/p>\n<\/li>\n<li data-start=\"999\" data-end=\"1051\">\n<p data-start=\"1001\" data-end=\"1051\"><strong data-start=\"1001\" data-end=\"1023\">Acide hyaluronique<\/strong> : maintient l\u2019hydratation<\/p>\n<\/li>\n<\/ul>\n<h3 data-start=\"1053\" data-end=\"1069\">Type de peau<\/h3>\n<p data-start=\"1071\" data-end=\"1130\">Convient \u00e0 <strong data-start=\"1082\" data-end=\"1108\">tous les types de peau<\/strong>, particuli\u00e8rement :<\/p>\n<ul data-start=\"1131\" data-end=\"1217\">\n<li data-start=\"1131\" data-end=\"1150\">\n<p data-start=\"1133\" data-end=\"1150\">Peaux sensibles<\/p>\n<\/li>\n<li data-start=\"1151\" data-end=\"1182\">\n<p data-start=\"1153\" data-end=\"1182\">Peaux sujettes aux rougeurs<\/p>\n<\/li>\n<li data-start=\"1183\" data-end=\"1217\">\n<p data-start=\"1185\" data-end=\"1217\">Peaux d\u00e9shydrat\u00e9es ou irrit\u00e9es<\/p>\n<\/li>\n<\/ul>\n<h3 data-start=\"1219\" data-end=\"1241\">Mode d\u2019utilisation<\/h3>\n<ul data-start=\"1243\" data-end=\"1467\">\n<li data-start=\"1243\" data-end=\"1319\">\n<p data-start=\"1245\" data-end=\"1319\">Apr\u00e8s le nettoyage, passez d\u00e9licatement un pad sur l\u2019ensemble du visage.<\/p>\n<\/li>\n<li data-start=\"1320\" data-end=\"1438\">\n<p data-start=\"1322\" data-end=\"1438\">Peut \u00eatre utilis\u00e9 comme <strong data-start=\"1346\" data-end=\"1365\">toner quotidien<\/strong> ou en <strong data-start=\"1372\" data-end=\"1391\">masque localis\u00e9<\/strong> sur les zones irrit\u00e9es pendant 5\u201310 minutes.<\/p>\n<\/li>\n<li data-start=\"1439\" data-end=\"1467\">\n<p data-start=\"1441\" data-end=\"1467\">Utilisez matin et\/ou soir.<\/p>\n<\/li>\n<\/ul>\n<h3 data-start=\"1469\" data-end=\"1483\">Contenance<\/h3>\n<p data-start=\"1485\" data-end=\"1492\">70 pads<\/p>\n","protected":false},"excerpt":{"rendered":"<p>SKIN1004 Madagascar Centella Quick Calming Pad (70 Pads) Les Madagascar Centella Quick Calming Pads de SKIN1004 sont des disques impr\u00e9gn\u00e9s&#8230;<\/p>\n","protected":false},"featured_media":6190,"comment_status":"open","ping_status":"closed","template":"","meta":[],"product_brand":[],"product_cat":[54,70],"product_tag":[],"class_list":{"0":"post-6188","1":"product","2":"type-product","3":"status-publish","4":"has-post-thumbnail","6":"product_cat-out-stouk","7":"product_cat-skin1004","9":"first","10":"outofstock","11":"sale","12":"taxable","13":"shipping-taxable","14":"purchasable","15":"product-type-simple"},"_links":{"self":[{"href":"https:\/\/lopeskincar.shop\/index.php\/wp-json\/wp\/v2\/product\/6188","targetHints":{"allow":["GET"]}}],"collection":[{"href":"https:\/\/lopeskincar.shop\/index.php\/wp-json\/wp\/v2\/product"}],"about":[{"href":"https:\/\/lopeskincar.shop\/index.php\/wp-json\/wp\/v2\/types\/product"}],"replies":[{"embeddable":true,"href":"https:\/\/lopeskincar.shop\/index.php\/wp-json\/wp\/v2\/comments?post=6188"}],"wp:featuredmedia":[{"embeddable":true,"href":"https:\/\/lopeskincar.shop\/index.php\/wp-json\/wp\/v2\/media\/6190"}],"wp:attachment":[{"href":"https:\/\/lopeskincar.shop\/index.php\/wp-json\/wp\/v2\/media?parent=6188"}],"wp:term":[{"taxonomy":"product_brand","embeddable":true,"href":"https:\/\/lopeskincar.shop\/index.php\/wp-json\/wp\/v2\/product_brand?post=6188"},{"taxonomy":"product_cat","embeddable":true,"href":"https:\/\/lopeskincar.shop\/index.php\/wp-json\/wp\/v2\/product_cat?post=6188"},{"taxonomy":"product_tag","embeddable":true,"href":"https:\/\/lopeskincar.shop\/index.php\/wp-json\/wp\/v2\/product_tag?post=6188"}],"curies":[{"name":"wp","href":"https:\/\/api.w.org\/{rel}","templated":true}]}}