{"id":6178,"date":"2025-06-28T15:19:56","date_gmt":"2025-06-28T15:19:56","guid":{"rendered":"https:\/\/lopeskincar.shop\/?post_type=product&#038;p=6178"},"modified":"2025-12-30T15:19:55","modified_gmt":"2025-12-30T15:19:55","slug":"skin1004-centella-poremizing-light-gel-cream-75ml","status":"publish","type":"product","link":"https:\/\/lopeskincar.shop\/index.php\/product\/skin1004-centella-poremizing-light-gel-cream-75ml\/","title":{"rendered":"SKIN1004 Centella Poremizing Light Gel Cream (75ml)"},"content":{"rendered":"<h2 data-start=\"87\" data-end=\"142\">SKIN1004 Centella Poremizing Light Gel Cream (75 ml)<\/h2>\n<p data-start=\"144\" data-end=\"340\">La <strong data-start=\"147\" data-end=\"198\">Centella Poremizing Light Gel Cream de SKIN1004<\/strong> est une cr\u00e8me-gel l\u00e9g\u00e8re sp\u00e9cialement formul\u00e9e pour <strong data-start=\"251\" data-end=\"274\">resserrer les pores<\/strong>, \u00e9quilibrer l\u2019exc\u00e8s de s\u00e9bum et hydrater la peau sans effet gras.<\/p>\n<p data-start=\"342\" data-end=\"548\">Enrichie en <strong data-start=\"354\" data-end=\"389\">Centella Asiatica de Madagascar<\/strong> et en actifs purifiants, elle aide \u00e0 affiner le grain de peau, am\u00e9liorer l\u2019\u00e9lasticit\u00e9 et laisser un fini frais et mat, id\u00e9ale pour les peaux mixtes \u00e0 grasses.<\/p>\n<h3 data-start=\"550\" data-end=\"563\">Bienfaits<\/h3>\n<ul data-start=\"565\" data-end=\"743\">\n<li data-start=\"565\" data-end=\"620\">\n<p data-start=\"567\" data-end=\"620\">Aide \u00e0 resserrer et minimiser l\u2019apparence des pores<\/p>\n<\/li>\n<li data-start=\"621\" data-end=\"650\">\n<p data-start=\"623\" data-end=\"650\">Contr\u00f4le l\u2019exc\u00e8s de s\u00e9bum<\/p>\n<\/li>\n<li data-start=\"651\" data-end=\"684\">\n<p data-start=\"653\" data-end=\"684\">Hydrate sans alourdir la peau<\/p>\n<\/li>\n<li data-start=\"685\" data-end=\"712\">\n<p data-start=\"687\" data-end=\"712\">Affine le grain de peau<\/p>\n<\/li>\n<li data-start=\"713\" data-end=\"743\">\n<p data-start=\"715\" data-end=\"743\">Effet frais et non collant<\/p>\n<\/li>\n<\/ul>\n<h3 data-start=\"745\" data-end=\"760\">Actifs cl\u00e9s<\/h3>\n<ul data-start=\"762\" data-end=\"1002\">\n<li data-start=\"762\" data-end=\"827\">\n<p data-start=\"764\" data-end=\"827\"><strong data-start=\"764\" data-end=\"798\">Centella Asiatica (Madagascar)<\/strong> : apaise et r\u00e9pare la peau<\/p>\n<\/li>\n<li data-start=\"828\" data-end=\"884\">\n<p data-start=\"830\" data-end=\"884\"><strong data-start=\"830\" data-end=\"853\">Complexe Poremizing<\/strong> : aide \u00e0 resserrer les pores<\/p>\n<\/li>\n<li data-start=\"885\" data-end=\"938\">\n<p data-start=\"887\" data-end=\"938\"><strong data-start=\"887\" data-end=\"913\">Sel rose de l\u2019Himalaya<\/strong> : purifie et \u00e9quilibre<\/p>\n<\/li>\n<li data-start=\"939\" data-end=\"1002\">\n<p data-start=\"941\" data-end=\"1002\"><strong data-start=\"941\" data-end=\"956\">Niacinamide<\/strong> : am\u00e9liore la texture de la peau et l\u2019\u00e9clat<\/p>\n<\/li>\n<\/ul>\n<h3 data-start=\"1004\" data-end=\"1020\">Type de peau<\/h3>\n<p data-start=\"1022\" data-end=\"1037\">Id\u00e9ale pour :<\/p>\n<ul data-start=\"1038\" data-end=\"1124\">\n<li data-start=\"1038\" data-end=\"1064\">\n<p data-start=\"1040\" data-end=\"1064\">Peaux mixtes \u00e0 grasses<\/p>\n<\/li>\n<li data-start=\"1065\" data-end=\"1090\">\n<p data-start=\"1067\" data-end=\"1090\">Peaux \u00e0 pores dilat\u00e9s<\/p>\n<\/li>\n<li data-start=\"1091\" data-end=\"1124\">\n<p data-start=\"1093\" data-end=\"1124\">Peaux sujettes aux brillances<\/p>\n<\/li>\n<\/ul>\n<h3 data-start=\"1126\" data-end=\"1148\">Mode d\u2019utilisation<\/h3>\n<p data-start=\"1150\" data-end=\"1299\">Appliquez une quantit\u00e9 appropri\u00e9e sur le visage et le cou, matin et soir, apr\u00e8s le s\u00e9rum.<br data-start=\"1239\" data-end=\"1242\" \/>Convient parfaitement comme cr\u00e8me hydratante quotidienne.<\/p>\n<h3 data-start=\"1301\" data-end=\"1315\">Contenance<\/h3>\n<p data-start=\"1317\" data-end=\"1322\">75 ml<\/p>\n","protected":false},"excerpt":{"rendered":"<p>SKIN1004 Centella Poremizing Light Gel Cream (75 ml) La Centella Poremizing Light Gel Cream de SKIN1004 est une cr\u00e8me-gel l\u00e9g\u00e8re&#8230;<\/p>\n","protected":false},"featured_media":6179,"comment_status":"open","ping_status":"closed","template":"","meta":[],"product_brand":[],"product_cat":[54,70],"product_tag":[],"class_list":{"0":"post-6178","1":"product","2":"type-product","3":"status-publish","4":"has-post-thumbnail","6":"product_cat-out-stouk","7":"product_cat-skin1004","9":"first","10":"outofstock","11":"sale","12":"taxable","13":"shipping-taxable","14":"purchasable","15":"product-type-simple"},"_links":{"self":[{"href":"https:\/\/lopeskincar.shop\/index.php\/wp-json\/wp\/v2\/product\/6178","targetHints":{"allow":["GET"]}}],"collection":[{"href":"https:\/\/lopeskincar.shop\/index.php\/wp-json\/wp\/v2\/product"}],"about":[{"href":"https:\/\/lopeskincar.shop\/index.php\/wp-json\/wp\/v2\/types\/product"}],"replies":[{"embeddable":true,"href":"https:\/\/lopeskincar.shop\/index.php\/wp-json\/wp\/v2\/comments?post=6178"}],"wp:featuredmedia":[{"embeddable":true,"href":"https:\/\/lopeskincar.shop\/index.php\/wp-json\/wp\/v2\/media\/6179"}],"wp:attachment":[{"href":"https:\/\/lopeskincar.shop\/index.php\/wp-json\/wp\/v2\/media?parent=6178"}],"wp:term":[{"taxonomy":"product_brand","embeddable":true,"href":"https:\/\/lopeskincar.shop\/index.php\/wp-json\/wp\/v2\/product_brand?post=6178"},{"taxonomy":"product_cat","embeddable":true,"href":"https:\/\/lopeskincar.shop\/index.php\/wp-json\/wp\/v2\/product_cat?post=6178"},{"taxonomy":"product_tag","embeddable":true,"href":"https:\/\/lopeskincar.shop\/index.php\/wp-json\/wp\/v2\/product_tag?post=6178"}],"curies":[{"name":"wp","href":"https:\/\/api.w.org\/{rel}","templated":true}]}}