{"id":5767,"date":"2025-06-25T16:15:26","date_gmt":"2025-06-25T16:15:26","guid":{"rendered":"https:\/\/lopeskincar.shop\/?post_type=product&#038;p=5767"},"modified":"2025-12-30T15:20:55","modified_gmt":"2025-12-30T15:20:55","slug":"anua-heartleaf-quercetinol-pore-deep-cleansing-foam","status":"publish","type":"product","link":"https:\/\/lopeskincar.shop\/index.php\/product\/anua-heartleaf-quercetinol-pore-deep-cleansing-foam\/","title":{"rendered":"ANUA Heartleaf Quercetinol Pore Deep Cleansing Foam"},"content":{"rendered":"<h2 data-start=\"87\" data-end=\"142\">ANUA Heartleaf Quercetinol\u2122 Pore Deep Cleansing Foam<\/h2>\n<p data-start=\"144\" data-end=\"375\">La <strong data-start=\"147\" data-end=\"205\">Heartleaf Quercetinol\u2122 Pore Deep Cleansing Foam d\u2019ANUA<\/strong> est une mousse nettoyante douce mais efficace, sp\u00e9cialement formul\u00e9e pour <strong data-start=\"280\" data-end=\"316\">nettoyer les pores en profondeur<\/strong>, \u00e9liminer l\u2019exc\u00e8s de s\u00e9bum et apaiser les peaux sensibles.<\/p>\n<p data-start=\"377\" data-end=\"596\">Enrichie en <strong data-start=\"389\" data-end=\"423\">Heartleaf (Houttuynia Cordata)<\/strong> et en <strong data-start=\"430\" data-end=\"446\">Quercetinol\u2122<\/strong>, cette mousse aide \u00e0 calmer les inflammations, r\u00e9duire les rougeurs et laisser la peau propre, fra\u00eeche et \u00e9quilibr\u00e9e, sans sensation de tiraillement.<\/p>\n<h3 data-start=\"598\" data-end=\"611\">Bienfaits<\/h3>\n<ul data-start=\"613\" data-end=\"813\">\n<li data-start=\"613\" data-end=\"648\">\n<p data-start=\"615\" data-end=\"648\">Nettoie les pores en profondeur<\/p>\n<\/li>\n<li data-start=\"649\" data-end=\"694\">\n<p data-start=\"651\" data-end=\"694\">\u00c9limine l\u2019exc\u00e8s de s\u00e9bum et les impuret\u00e9s<\/p>\n<\/li>\n<li data-start=\"695\" data-end=\"750\">\n<p data-start=\"697\" data-end=\"750\">Apaise les peaux sensibles et sujettes aux rougeurs<\/p>\n<\/li>\n<li data-start=\"751\" data-end=\"778\">\n<p data-start=\"753\" data-end=\"778\">Affine le grain de peau<\/p>\n<\/li>\n<li data-start=\"779\" data-end=\"813\">\n<p data-start=\"781\" data-end=\"813\">Nettoyage doux, sans dess\u00e9cher<\/p>\n<\/li>\n<\/ul>\n<h3 data-start=\"815\" data-end=\"830\">Actifs cl\u00e9s<\/h3>\n<ul data-start=\"832\" data-end=\"1122\">\n<li data-start=\"832\" data-end=\"913\">\n<p data-start=\"834\" data-end=\"913\"><strong data-start=\"834\" data-end=\"868\">Heartleaf (Houttuynia Cordata)<\/strong> : apaise, purifie et calme les irritations<\/p>\n<\/li>\n<li data-start=\"914\" data-end=\"983\">\n<p data-start=\"916\" data-end=\"983\"><strong data-start=\"916\" data-end=\"932\">Quercetinol\u2122<\/strong> : puissant antioxydant aux propri\u00e9t\u00e9s apaisantes<\/p>\n<\/li>\n<li data-start=\"984\" data-end=\"1051\">\n<p data-start=\"986\" data-end=\"1051\"><strong data-start=\"986\" data-end=\"1008\">Acide hyaluronique<\/strong> : hydrate et pr\u00e9serve l\u2019\u00e9quilibre cutan\u00e9<\/p>\n<\/li>\n<li data-start=\"1052\" data-end=\"1122\">\n<p data-start=\"1054\" data-end=\"1122\"><strong data-start=\"1054\" data-end=\"1094\">Tensioactifs doux d\u2019origine v\u00e9g\u00e9tale<\/strong> : nettoient sans agresser<\/p>\n<\/li>\n<\/ul>\n<h3 data-start=\"1124\" data-end=\"1140\">Type de peau<\/h3>\n<p data-start=\"1142\" data-end=\"1201\">Convient \u00e0 <strong data-start=\"1153\" data-end=\"1179\">tous les types de peau<\/strong>, particuli\u00e8rement :<\/p>\n<ul data-start=\"1202\" data-end=\"1302\">\n<li data-start=\"1202\" data-end=\"1221\">\n<p data-start=\"1204\" data-end=\"1221\">Peaux sensibles<\/p>\n<\/li>\n<li data-start=\"1222\" data-end=\"1248\">\n<p data-start=\"1224\" data-end=\"1248\">Peaux mixtes \u00e0 grasses<\/p>\n<\/li>\n<li data-start=\"1249\" data-end=\"1302\">\n<p data-start=\"1251\" data-end=\"1302\">Peaux sujettes aux pores dilat\u00e9s et imperfections<\/p>\n<\/li>\n<\/ul>\n<h3 data-start=\"1304\" data-end=\"1326\">Mode d\u2019utilisation<\/h3>\n<p data-start=\"1328\" data-end=\"1484\">Faites mousser une petite quantit\u00e9 avec de l\u2019eau, appliquez sur le visage humide, massez d\u00e9licatement puis rincez \u00e0 l\u2019eau ti\u00e8de.<br data-start=\"1456\" data-end=\"1459\" \/>\u00c0 utiliser matin et soir.<\/p>\n<h3 data-start=\"1486\" data-end=\"1500\">Contenance<\/h3>\n<p data-start=\"1502\" data-end=\"1508\">150 ml<\/p>\n","protected":false},"excerpt":{"rendered":"<p>ANUA Heartleaf Quercetinol\u2122 Pore Deep Cleansing Foam La Heartleaf Quercetinol\u2122 Pore Deep Cleansing Foam d\u2019ANUA est une mousse nettoyante douce&#8230;<\/p>\n","protected":false},"featured_media":5768,"comment_status":"open","ping_status":"closed","template":"","meta":[],"product_brand":[],"product_cat":[54],"product_tag":[],"class_list":{"0":"post-5767","1":"product","2":"type-product","3":"status-publish","4":"has-post-thumbnail","6":"product_cat-out-stouk","8":"first","9":"outofstock","10":"sale","11":"taxable","12":"shipping-taxable","13":"purchasable","14":"product-type-simple"},"_links":{"self":[{"href":"https:\/\/lopeskincar.shop\/index.php\/wp-json\/wp\/v2\/product\/5767","targetHints":{"allow":["GET"]}}],"collection":[{"href":"https:\/\/lopeskincar.shop\/index.php\/wp-json\/wp\/v2\/product"}],"about":[{"href":"https:\/\/lopeskincar.shop\/index.php\/wp-json\/wp\/v2\/types\/product"}],"replies":[{"embeddable":true,"href":"https:\/\/lopeskincar.shop\/index.php\/wp-json\/wp\/v2\/comments?post=5767"}],"wp:featuredmedia":[{"embeddable":true,"href":"https:\/\/lopeskincar.shop\/index.php\/wp-json\/wp\/v2\/media\/5768"}],"wp:attachment":[{"href":"https:\/\/lopeskincar.shop\/index.php\/wp-json\/wp\/v2\/media?parent=5767"}],"wp:term":[{"taxonomy":"product_brand","embeddable":true,"href":"https:\/\/lopeskincar.shop\/index.php\/wp-json\/wp\/v2\/product_brand?post=5767"},{"taxonomy":"product_cat","embeddable":true,"href":"https:\/\/lopeskincar.shop\/index.php\/wp-json\/wp\/v2\/product_cat?post=5767"},{"taxonomy":"product_tag","embeddable":true,"href":"https:\/\/lopeskincar.shop\/index.php\/wp-json\/wp\/v2\/product_tag?post=5767"}],"curies":[{"name":"wp","href":"https:\/\/api.w.org\/{rel}","templated":true}]}}