{"id":5651,"date":"2025-06-24T20:20:27","date_gmt":"2025-06-24T20:20:27","guid":{"rendered":"https:\/\/lopeskincar.shop\/?post_type=product&#038;p=5651"},"modified":"2026-02-21T21:44:10","modified_gmt":"2026-02-21T21:44:10","slug":"beauty-of-joseon-revive-eye-serum-ginseng-retinal-30ml","status":"publish","type":"product","link":"https:\/\/lopeskincar.shop\/index.php\/product\/beauty-of-joseon-revive-eye-serum-ginseng-retinal-30ml\/","title":{"rendered":"Beauty of Joseon Revive Eye Serum: Ginseng + Retinal (30ml)"},"content":{"rendered":"<h2 data-start=\"94\" data-end=\"158\">Beauty of Joseon Revive Eye Serum : Ginseng + Retinal (30 ml)<\/h2>\n<p data-start=\"160\" data-end=\"398\">Le <strong data-start=\"163\" data-end=\"223\">Revive Eye Serum : Ginseng + Retinal de Beauty of Joseon<\/strong> est un s\u00e9rum contour des yeux hautement performant, formul\u00e9 pour <strong data-start=\"289\" data-end=\"310\">r\u00e9duire les rides<\/strong>, illuminer le regard et am\u00e9liorer l\u2019\u00e9lasticit\u00e9 de la peau d\u00e9licate du contour des yeux.<\/p>\n<p data-start=\"400\" data-end=\"698\">Gr\u00e2ce \u00e0 l\u2019association du <strong data-start=\"425\" data-end=\"443\">ginseng cor\u00e9en<\/strong>, reconnu pour ses propri\u00e9t\u00e9s revitalisantes, et du <strong data-start=\"495\" data-end=\"506\">r\u00e9tinal<\/strong>, une forme avanc\u00e9e de vitamine A, ce s\u00e9rum aide \u00e0 lisser les ridules, raffermir la peau et pr\u00e9venir les signes visibles du vieillissement, tout en restant doux pour la zone sensible des yeux.<\/p>\n<h3 data-start=\"700\" data-end=\"713\">Bienfaits<\/h3>\n<ul data-start=\"715\" data-end=\"922\">\n<li data-start=\"715\" data-end=\"758\">\n<p data-start=\"717\" data-end=\"758\">R\u00e9duit visiblement les rides et ridules<\/p>\n<\/li>\n<li data-start=\"759\" data-end=\"817\">\n<p data-start=\"761\" data-end=\"817\">Raffermit et am\u00e9liore l\u2019\u00e9lasticit\u00e9 du contour des yeux<\/p>\n<\/li>\n<li data-start=\"818\" data-end=\"854\">\n<p data-start=\"820\" data-end=\"854\">Illumine et revitalise le regard<\/p>\n<\/li>\n<li data-start=\"855\" data-end=\"889\">\n<p data-start=\"857\" data-end=\"889\">Am\u00e9liore la texture de la peau<\/p>\n<\/li>\n<li data-start=\"890\" data-end=\"922\">\n<p data-start=\"892\" data-end=\"922\">Formule douce, non irritante<\/p>\n<\/li>\n<\/ul>\n<h3 data-start=\"924\" data-end=\"939\">Actifs cl\u00e9s<\/h3>\n<ul data-start=\"941\" data-end=\"1234\">\n<li data-start=\"941\" data-end=\"1023\">\n<p data-start=\"943\" data-end=\"1023\"><strong data-start=\"943\" data-end=\"972\">Extrait de ginseng (10 %)<\/strong> : revitalise, nourrit et am\u00e9liore la circulation<\/p>\n<\/li>\n<li data-start=\"1024\" data-end=\"1117\">\n<p data-start=\"1026\" data-end=\"1117\"><strong data-start=\"1026\" data-end=\"1046\">R\u00e9tinal (0,02 %)<\/strong> : stimule le renouvellement cellulaire et la production de collag\u00e8ne<\/p>\n<\/li>\n<li data-start=\"1118\" data-end=\"1167\">\n<p data-start=\"1120\" data-end=\"1167\"><strong data-start=\"1120\" data-end=\"1135\">Niacinamide<\/strong> : unifie et illumine le teint<\/p>\n<\/li>\n<li data-start=\"1168\" data-end=\"1234\">\n<p data-start=\"1170\" data-end=\"1234\"><strong data-start=\"1170\" data-end=\"1192\">Complexe hydratant<\/strong> : maintient l\u2019hydratation et le confort<\/p>\n<\/li>\n<\/ul>\n<h3 data-start=\"1236\" data-end=\"1252\">Type de peau<\/h3>\n<p data-start=\"1254\" data-end=\"1423\">Convient \u00e0 <strong data-start=\"1265\" data-end=\"1291\">tous les types de peau<\/strong>, y compris les peaux sensibles.<br data-start=\"1323\" data-end=\"1326\" \/>Id\u00e9al pour les personnes concern\u00e9es par les rides, ridules et le rel\u00e2chement du contour des yeux.<\/p>\n<h3 data-start=\"1425\" data-end=\"1447\">Mode d\u2019utilisation<\/h3>\n<p data-start=\"1449\" data-end=\"1684\">Appliquez une petite quantit\u00e9 sur le contour des yeux le soir, en tapotant d\u00e9licatement jusqu\u2019\u00e0 absorption.<br data-start=\"1556\" data-end=\"1559\" \/>Commencez par <strong data-start=\"1573\" data-end=\"1597\">2\u20133 fois par semaine<\/strong>, puis augmentez progressivement.<br data-start=\"1630\" data-end=\"1633\" \/>Utilisez une <strong data-start=\"1646\" data-end=\"1672\">protection solaire SPF<\/strong> en journ\u00e9e.<\/p>\n<h3 data-start=\"1686\" data-end=\"1700\">Contenance<\/h3>\n<p data-start=\"1702\" data-end=\"1707\">30 ml<\/p>\n","protected":false},"excerpt":{"rendered":"<p>Beauty of Joseon Revive Eye Serum : Ginseng + Retinal (30 ml) Le Revive Eye Serum : Ginseng + Retinal&#8230;<\/p>\n","protected":false},"featured_media":5658,"comment_status":"open","ping_status":"closed","template":"","meta":[],"product_brand":[],"product_cat":[45],"product_tag":[],"class_list":{"0":"post-5651","1":"product","2":"type-product","3":"status-publish","4":"has-post-thumbnail","6":"product_cat-en-stock","8":"first","9":"instock","10":"sale","11":"purchasable","12":"product-type-simple"},"_links":{"self":[{"href":"https:\/\/lopeskincar.shop\/index.php\/wp-json\/wp\/v2\/product\/5651","targetHints":{"allow":["GET"]}}],"collection":[{"href":"https:\/\/lopeskincar.shop\/index.php\/wp-json\/wp\/v2\/product"}],"about":[{"href":"https:\/\/lopeskincar.shop\/index.php\/wp-json\/wp\/v2\/types\/product"}],"replies":[{"embeddable":true,"href":"https:\/\/lopeskincar.shop\/index.php\/wp-json\/wp\/v2\/comments?post=5651"}],"wp:featuredmedia":[{"embeddable":true,"href":"https:\/\/lopeskincar.shop\/index.php\/wp-json\/wp\/v2\/media\/5658"}],"wp:attachment":[{"href":"https:\/\/lopeskincar.shop\/index.php\/wp-json\/wp\/v2\/media?parent=5651"}],"wp:term":[{"taxonomy":"product_brand","embeddable":true,"href":"https:\/\/lopeskincar.shop\/index.php\/wp-json\/wp\/v2\/product_brand?post=5651"},{"taxonomy":"product_cat","embeddable":true,"href":"https:\/\/lopeskincar.shop\/index.php\/wp-json\/wp\/v2\/product_cat?post=5651"},{"taxonomy":"product_tag","embeddable":true,"href":"https:\/\/lopeskincar.shop\/index.php\/wp-json\/wp\/v2\/product_tag?post=5651"}],"curies":[{"name":"wp","href":"https:\/\/api.w.org\/{rel}","templated":true}]}}