{"id":5646,"date":"2025-06-24T19:31:58","date_gmt":"2025-06-24T19:31:58","guid":{"rendered":"https:\/\/lopeskincar.shop\/?post_type=product&#038;p=5646"},"modified":"2025-12-30T15:22:55","modified_gmt":"2025-12-30T15:22:55","slug":"skin-1004-madagascar-centella-hyalu-cica-water-fit-sun-serum-twin-pack","status":"publish","type":"product","link":"https:\/\/lopeskincar.shop\/index.php\/product\/skin-1004-madagascar-centella-hyalu-cica-water-fit-sun-serum-twin-pack\/","title":{"rendered":"SKIN 1004 &#8211; Madagascar Centella Hyalu-Cica Water-Fit Sun Serum Twin Pack"},"content":{"rendered":"<h2 data-start=\"87\" data-end=\"161\">SKIN1004 Madagascar Centella Hyalu-Cica Water-Fit Sun Serum \u2013 Twin Pack<\/h2>\n<p data-start=\"163\" data-end=\"456\">Le <strong data-start=\"166\" data-end=\"232\">Madagascar Centella Hyalu-Cica Water-Fit Sun Serum de SKIN1004<\/strong> est un <strong data-start=\"240\" data-end=\"266\">\u00e9cran solaire chimique<\/strong> \u00e0 la texture s\u00e9rum ultra-l\u00e9g\u00e8re qui prot\u00e8ge efficacement la peau tout en l\u2019hydratant intens\u00e9ment.<br data-start=\"364\" data-end=\"367\" \/>Ce <strong data-start=\"370\" data-end=\"383\">Twin Pack<\/strong> est id\u00e9al pour une utilisation quotidienne prolong\u00e9e ou pour le partage.<\/p>\n<p data-start=\"458\" data-end=\"659\">Formul\u00e9 avec le complexe <strong data-start=\"483\" data-end=\"498\">Hyalu-Cica\u2122<\/strong> (acide hyaluronique + Centella Asiatica de Madagascar), il apaise, hydrate et renforce la barri\u00e8re cutan\u00e9e, sans laisser de film blanc ni de sensation collante.<\/p>\n<h3 data-start=\"661\" data-end=\"675\">Protection<\/h3>\n<ul data-start=\"677\" data-end=\"743\">\n<li data-start=\"677\" data-end=\"698\">\n<p data-start=\"679\" data-end=\"698\"><strong data-start=\"679\" data-end=\"696\">SPF50+ PA++++<\/strong><\/p>\n<\/li>\n<li data-start=\"699\" data-end=\"743\">\n<p data-start=\"701\" data-end=\"743\">Protection \u00e9lev\u00e9e contre les <strong data-start=\"730\" data-end=\"743\">UVA &amp; UVB<\/strong><\/p>\n<\/li>\n<\/ul>\n<h3 data-start=\"745\" data-end=\"758\">Bienfaits<\/h3>\n<ul data-start=\"760\" data-end=\"967\">\n<li data-start=\"760\" data-end=\"805\">\n<p data-start=\"762\" data-end=\"805\">Prot\u00e8ge efficacement contre les rayons UV<\/p>\n<\/li>\n<li data-start=\"806\" data-end=\"844\">\n<p data-start=\"808\" data-end=\"844\">Hydrate intens\u00e9ment comme un s\u00e9rum<\/p>\n<\/li>\n<li data-start=\"845\" data-end=\"887\">\n<p data-start=\"847\" data-end=\"887\">Apaise les peaux sensibles et irrit\u00e9es<\/p>\n<\/li>\n<li data-start=\"888\" data-end=\"936\">\n<p data-start=\"890\" data-end=\"936\">Fini l\u00e9ger, non gras et sans traces blanches<\/p>\n<\/li>\n<li data-start=\"937\" data-end=\"967\">\n<p data-start=\"939\" data-end=\"967\">Parfait sous le maquillage<\/p>\n<\/li>\n<\/ul>\n<h3 data-start=\"969\" data-end=\"984\">Actifs cl\u00e9s<\/h3>\n<ul data-start=\"986\" data-end=\"1231\">\n<li data-start=\"986\" data-end=\"1043\">\n<p data-start=\"988\" data-end=\"1043\"><strong data-start=\"988\" data-end=\"1022\">Centella Asiatica (Madagascar)<\/strong> : apaise et r\u00e9pare<\/p>\n<\/li>\n<li data-start=\"1044\" data-end=\"1109\">\n<p data-start=\"1046\" data-end=\"1109\"><strong data-start=\"1046\" data-end=\"1070\">Complexe Hyalu-Cica\u2122<\/strong> : hydratation profonde et apaisement<\/p>\n<\/li>\n<li data-start=\"1110\" data-end=\"1155\">\n<p data-start=\"1112\" data-end=\"1155\"><strong data-start=\"1112\" data-end=\"1127\">Niacinamide<\/strong> : aide \u00e0 unifier le teint<\/p>\n<\/li>\n<li data-start=\"1156\" data-end=\"1231\">\n<p data-start=\"1158\" data-end=\"1231\"><strong data-start=\"1158\" data-end=\"1192\">Filtres UV nouvelle g\u00e9n\u00e9ration<\/strong> : protection efficace et confortable<\/p>\n<\/li>\n<\/ul>\n<h3 data-start=\"1233\" data-end=\"1249\">Type de peau<\/h3>\n<p data-start=\"1251\" data-end=\"1303\">Convient \u00e0 <strong data-start=\"1262\" data-end=\"1288\">tous les types de peau<\/strong>, y compris :<\/p>\n<ul data-start=\"1304\" data-end=\"1383\">\n<li data-start=\"1304\" data-end=\"1323\">\n<p data-start=\"1306\" data-end=\"1323\">Peaux sensibles<\/p>\n<\/li>\n<li data-start=\"1324\" data-end=\"1356\">\n<p data-start=\"1326\" data-end=\"1356\">Peaux s\u00e8ches ou d\u00e9shydrat\u00e9es<\/p>\n<\/li>\n<li data-start=\"1357\" data-end=\"1383\">\n<p data-start=\"1359\" data-end=\"1383\">Peaux mixtes \u00e0 grasses<\/p>\n<\/li>\n<\/ul>\n<h3 data-start=\"1385\" data-end=\"1407\">Mode d\u2019utilisation<\/h3>\n<p data-start=\"1409\" data-end=\"1586\">Appliquez une quantit\u00e9 suffisante en derni\u00e8re \u00e9tape de votre routine de soin, le matin.<br data-start=\"1496\" data-end=\"1499\" \/>Renouvelez l\u2019application toutes les 2\u20133 heures en cas d\u2019exposition prolong\u00e9e au soleil.<\/p>\n<h3 data-start=\"1588\" data-end=\"1602\">Contenance<\/h3>\n<p data-start=\"1604\" data-end=\"1629\"><strong data-start=\"1604\" data-end=\"1629\">Twin Pack : 2 \u00d7 50 ml<\/strong><\/p>\n","protected":false},"excerpt":{"rendered":"<p>SKIN1004 Madagascar Centella Hyalu-Cica Water-Fit Sun Serum \u2013 Twin Pack Le Madagascar Centella Hyalu-Cica Water-Fit Sun Serum de SKIN1004 est&#8230;<\/p>\n","protected":false},"featured_media":5648,"comment_status":"open","ping_status":"closed","template":"","meta":[],"product_brand":[],"product_cat":[54,70],"product_tag":[],"class_list":{"0":"post-5646","1":"product","2":"type-product","3":"status-publish","4":"has-post-thumbnail","6":"product_cat-out-stouk","7":"product_cat-skin1004","9":"first","10":"outofstock","11":"taxable","12":"shipping-taxable","13":"purchasable","14":"product-type-simple"},"_links":{"self":[{"href":"https:\/\/lopeskincar.shop\/index.php\/wp-json\/wp\/v2\/product\/5646","targetHints":{"allow":["GET"]}}],"collection":[{"href":"https:\/\/lopeskincar.shop\/index.php\/wp-json\/wp\/v2\/product"}],"about":[{"href":"https:\/\/lopeskincar.shop\/index.php\/wp-json\/wp\/v2\/types\/product"}],"replies":[{"embeddable":true,"href":"https:\/\/lopeskincar.shop\/index.php\/wp-json\/wp\/v2\/comments?post=5646"}],"wp:featuredmedia":[{"embeddable":true,"href":"https:\/\/lopeskincar.shop\/index.php\/wp-json\/wp\/v2\/media\/5648"}],"wp:attachment":[{"href":"https:\/\/lopeskincar.shop\/index.php\/wp-json\/wp\/v2\/media?parent=5646"}],"wp:term":[{"taxonomy":"product_brand","embeddable":true,"href":"https:\/\/lopeskincar.shop\/index.php\/wp-json\/wp\/v2\/product_brand?post=5646"},{"taxonomy":"product_cat","embeddable":true,"href":"https:\/\/lopeskincar.shop\/index.php\/wp-json\/wp\/v2\/product_cat?post=5646"},{"taxonomy":"product_tag","embeddable":true,"href":"https:\/\/lopeskincar.shop\/index.php\/wp-json\/wp\/v2\/product_tag?post=5646"}],"curies":[{"name":"wp","href":"https:\/\/api.w.org\/{rel}","templated":true}]}}