{"id":5642,"date":"2025-06-24T19:26:08","date_gmt":"2025-06-24T19:26:08","guid":{"rendered":"https:\/\/lopeskincar.shop\/?post_type=product&#038;p=5642"},"modified":"2025-12-30T15:23:48","modified_gmt":"2025-12-30T15:23:48","slug":"round-lab-birch-juice-moisturizing-sunscreen-spf-50-50ml","status":"publish","type":"product","link":"https:\/\/lopeskincar.shop\/index.php\/product\/round-lab-birch-juice-moisturizing-sunscreen-spf-50-50ml\/","title":{"rendered":"ROUND LAB &#8211; Birch Juice Moisturizing Sunscreen SPF 50+ \u2013 50ml"},"content":{"rendered":"<h2 data-start=\"87\" data-end=\"158\">ROUND LAB \u2013 Birch Juice Moisturizing Sunscreen SPF50+ PA++++ (50 ml)<\/h2>\n<p data-start=\"160\" data-end=\"390\">Le <strong data-start=\"163\" data-end=\"228\">Birch Juice Moisturizing Sunscreen SPF50+ PA++++ de ROUND LAB<\/strong> est une <strong data-start=\"237\" data-end=\"265\">cr\u00e8me solaire hydratante<\/strong> \u00e0 la texture l\u00e9g\u00e8re et confortable, con\u00e7ue pour offrir une <strong data-start=\"325\" data-end=\"349\">protection UV \u00e9lev\u00e9e<\/strong> tout en nourrissant et apaisant la peau.<\/p>\n<p data-start=\"392\" data-end=\"619\">Formul\u00e9e avec de la <strong data-start=\"412\" data-end=\"445\">s\u00e8ve de bouleau (Birch Juice)<\/strong> riche en min\u00e9raux et acides amin\u00e9s, elle hydrate intens\u00e9ment, renforce la barri\u00e8re cutan\u00e9e et laisse la peau douce, fra\u00eeche et lumineuse, sans effet gras ni traces blanches.<\/p>\n<h3 data-start=\"621\" data-end=\"635\">Protection<\/h3>\n<ul data-start=\"637\" data-end=\"699\">\n<li data-start=\"637\" data-end=\"658\">\n<p data-start=\"639\" data-end=\"658\"><strong data-start=\"639\" data-end=\"656\">SPF50+ PA++++<\/strong><\/p>\n<\/li>\n<li data-start=\"659\" data-end=\"699\">\n<p data-start=\"661\" data-end=\"699\">Protection large spectre <strong data-start=\"686\" data-end=\"699\">UVA &amp; UVB<\/strong><\/p>\n<\/li>\n<\/ul>\n<h3 data-start=\"701\" data-end=\"714\">Bienfaits<\/h3>\n<ul data-start=\"716\" data-end=\"921\">\n<li data-start=\"716\" data-end=\"761\">\n<p data-start=\"718\" data-end=\"761\">Prot\u00e8ge efficacement contre les rayons UV<\/p>\n<\/li>\n<li data-start=\"762\" data-end=\"800\">\n<p data-start=\"764\" data-end=\"800\">Hydrate intens\u00e9ment et durablement<\/p>\n<\/li>\n<li data-start=\"801\" data-end=\"831\">\n<p data-start=\"803\" data-end=\"831\">Apaise les peaux sensibles<\/p>\n<\/li>\n<li data-start=\"832\" data-end=\"883\">\n<p data-start=\"834\" data-end=\"883\">Texture l\u00e9g\u00e8re, non collante et sans film blanc<\/p>\n<\/li>\n<li data-start=\"884\" data-end=\"921\">\n<p data-start=\"886\" data-end=\"921\">Parfaite comme base de maquillage<\/p>\n<\/li>\n<\/ul>\n<h3 data-start=\"923\" data-end=\"938\">Actifs cl\u00e9s<\/h3>\n<ul data-start=\"940\" data-end=\"1173\">\n<li data-start=\"940\" data-end=\"1009\">\n<p data-start=\"942\" data-end=\"1009\"><strong data-start=\"942\" data-end=\"975\">S\u00e8ve de bouleau (Birch Juice)<\/strong> : hydrate, apaise et revitalise<\/p>\n<\/li>\n<li data-start=\"1010\" data-end=\"1062\">\n<p data-start=\"1012\" data-end=\"1062\"><strong data-start=\"1012\" data-end=\"1034\">Acide hyaluronique<\/strong> : maintient l\u2019hydratation<\/p>\n<\/li>\n<li data-start=\"1063\" data-end=\"1108\">\n<p data-start=\"1065\" data-end=\"1108\"><strong data-start=\"1065\" data-end=\"1080\">Niacinamide<\/strong> : aide \u00e0 unifier le teint<\/p>\n<\/li>\n<li data-start=\"1109\" data-end=\"1173\">\n<p data-start=\"1111\" data-end=\"1173\"><strong data-start=\"1111\" data-end=\"1134\">Filtres UV modernes<\/strong> : protection efficace et confortable<\/p>\n<\/li>\n<\/ul>\n<h3 data-start=\"1175\" data-end=\"1191\">Type de peau<\/h3>\n<p data-start=\"1193\" data-end=\"1250\">Convient \u00e0 <strong data-start=\"1204\" data-end=\"1230\">tous les types de peau<\/strong>, en particulier :<\/p>\n<ul data-start=\"1251\" data-end=\"1320\">\n<li data-start=\"1251\" data-end=\"1283\">\n<p data-start=\"1253\" data-end=\"1283\">Peaux s\u00e8ches et d\u00e9shydrat\u00e9es<\/p>\n<\/li>\n<li data-start=\"1284\" data-end=\"1303\">\n<p data-start=\"1286\" data-end=\"1303\">Peaux sensibles<\/p>\n<\/li>\n<li data-start=\"1304\" data-end=\"1320\">\n<p data-start=\"1306\" data-end=\"1320\">Peaux mixtes<\/p>\n<\/li>\n<\/ul>\n<h3 data-start=\"1322\" data-end=\"1344\">Mode d\u2019utilisation<\/h3>\n<p data-start=\"1346\" data-end=\"1523\">Appliquez une quantit\u00e9 g\u00e9n\u00e9reuse en derni\u00e8re \u00e9tape de votre routine de soins, le matin.<br data-start=\"1433\" data-end=\"1436\" \/>Renouvelez l\u2019application toutes les 2\u20133 heures en cas d\u2019exposition prolong\u00e9e au soleil.<\/p>\n<h3 data-start=\"1525\" data-end=\"1539\">Contenance<\/h3>\n<p data-start=\"1541\" data-end=\"1546\">50 ml<\/p>\n","protected":false},"excerpt":{"rendered":"<p>ROUND LAB \u2013 Birch Juice Moisturizing Sunscreen SPF50+ PA++++ (50 ml) Le Birch Juice Moisturizing Sunscreen SPF50+ PA++++ de ROUND&#8230;<\/p>\n","protected":false},"featured_media":5643,"comment_status":"open","ping_status":"closed","template":"","meta":[],"product_brand":[],"product_cat":[54],"product_tag":[],"class_list":{"0":"post-5642","1":"product","2":"type-product","3":"status-publish","4":"has-post-thumbnail","6":"product_cat-out-stouk","8":"first","9":"outofstock","10":"taxable","11":"shipping-taxable","12":"purchasable","13":"product-type-simple"},"_links":{"self":[{"href":"https:\/\/lopeskincar.shop\/index.php\/wp-json\/wp\/v2\/product\/5642","targetHints":{"allow":["GET"]}}],"collection":[{"href":"https:\/\/lopeskincar.shop\/index.php\/wp-json\/wp\/v2\/product"}],"about":[{"href":"https:\/\/lopeskincar.shop\/index.php\/wp-json\/wp\/v2\/types\/product"}],"replies":[{"embeddable":true,"href":"https:\/\/lopeskincar.shop\/index.php\/wp-json\/wp\/v2\/comments?post=5642"}],"wp:featuredmedia":[{"embeddable":true,"href":"https:\/\/lopeskincar.shop\/index.php\/wp-json\/wp\/v2\/media\/5643"}],"wp:attachment":[{"href":"https:\/\/lopeskincar.shop\/index.php\/wp-json\/wp\/v2\/media?parent=5642"}],"wp:term":[{"taxonomy":"product_brand","embeddable":true,"href":"https:\/\/lopeskincar.shop\/index.php\/wp-json\/wp\/v2\/product_brand?post=5642"},{"taxonomy":"product_cat","embeddable":true,"href":"https:\/\/lopeskincar.shop\/index.php\/wp-json\/wp\/v2\/product_cat?post=5642"},{"taxonomy":"product_tag","embeddable":true,"href":"https:\/\/lopeskincar.shop\/index.php\/wp-json\/wp\/v2\/product_tag?post=5642"}],"curies":[{"name":"wp","href":"https:\/\/api.w.org\/{rel}","templated":true}]}}