{"id":5632,"date":"2025-06-24T19:07:09","date_gmt":"2025-06-24T19:07:09","guid":{"rendered":"https:\/\/lopeskincar.shop\/?post_type=product&#038;p=5632"},"modified":"2025-12-30T15:26:02","modified_gmt":"2025-12-30T15:26:02","slug":"skin-1004-madagascar-centella-ampoule-foam-125ml","status":"publish","type":"product","link":"https:\/\/lopeskincar.shop\/index.php\/product\/skin-1004-madagascar-centella-ampoule-foam-125ml\/","title":{"rendered":"SKIN 1004 &#8211; Madagascar Centella Ampoule Foam &#8211; 125ml"},"content":{"rendered":"<h2 data-start=\"88\" data-end=\"141\">SKIN1004 Madagascar Centella Ampoule Foam (125 ml)<\/h2>\n<p data-start=\"143\" data-end=\"394\">La <strong data-start=\"146\" data-end=\"194\">Madagascar Centella Ampoule Foam de SKIN1004<\/strong> est une mousse nettoyante enrichie en <strong data-start=\"233\" data-end=\"268\">Centella Asiatica de Madagascar<\/strong>, sp\u00e9cialement formul\u00e9e pour <strong data-start=\"297\" data-end=\"323\">nettoyer en profondeur<\/strong>, apaiser et hydrater la peau tout en respectant son \u00e9quilibre naturel.<\/p>\n<p data-start=\"396\" data-end=\"617\">Sa texture mousse l\u00e9g\u00e8re \u00e9limine efficacement le maquillage, l\u2019exc\u00e8s de s\u00e9bum et les impuret\u00e9s, tout en laissant la peau douce, rafra\u00eechie et confortable, id\u00e9ale pour une routine quotidienne m\u00eame pour les peaux sensibles.<\/p>\n<h3 data-start=\"619\" data-end=\"632\">Bienfaits<\/h3>\n<ul data-start=\"634\" data-end=\"856\">\n<li data-start=\"634\" data-end=\"674\">\n<p data-start=\"636\" data-end=\"674\">Nettoie en profondeur sans dess\u00e9cher<\/p>\n<\/li>\n<li data-start=\"675\" data-end=\"723\">\n<p data-start=\"677\" data-end=\"723\">Apaise et r\u00e9duit les irritations et rougeurs<\/p>\n<\/li>\n<li data-start=\"724\" data-end=\"779\">\n<p data-start=\"726\" data-end=\"779\">Hydrate et maintient l\u2019\u00e9quilibre naturel de la peau<\/p>\n<\/li>\n<li data-start=\"780\" data-end=\"812\">\n<p data-start=\"782\" data-end=\"812\">Lisse et rafra\u00eechit le teint<\/p>\n<\/li>\n<li data-start=\"813\" data-end=\"856\">\n<p data-start=\"815\" data-end=\"856\">Pr\u00e9pare la peau pour les soins suivants<\/p>\n<\/li>\n<\/ul>\n<h3 data-start=\"858\" data-end=\"873\">Actifs cl\u00e9s<\/h3>\n<ul data-start=\"875\" data-end=\"1070\">\n<li data-start=\"875\" data-end=\"932\">\n<p data-start=\"877\" data-end=\"932\"><strong data-start=\"877\" data-end=\"911\">Centella Asiatica (Madagascar)<\/strong> : apaise et r\u00e9pare<\/p>\n<\/li>\n<li data-start=\"933\" data-end=\"999\">\n<p data-start=\"935\" data-end=\"999\"><strong data-start=\"935\" data-end=\"957\">Complexe hydratant<\/strong> : maintient l\u2019hydratation et la douceur<\/p>\n<\/li>\n<li data-start=\"1000\" data-end=\"1070\">\n<p data-start=\"1002\" data-end=\"1070\"><strong data-start=\"1002\" data-end=\"1042\">Tensioactifs doux d\u2019origine v\u00e9g\u00e9tale<\/strong> : nettoient sans agresser<\/p>\n<\/li>\n<\/ul>\n<h3 data-start=\"1072\" data-end=\"1088\">Type de peau<\/h3>\n<p data-start=\"1090\" data-end=\"1147\">Convient \u00e0 <strong data-start=\"1101\" data-end=\"1127\">tous les types de peau<\/strong>, en particulier :<\/p>\n<ul data-start=\"1148\" data-end=\"1241\">\n<li data-start=\"1148\" data-end=\"1167\">\n<p data-start=\"1150\" data-end=\"1167\">Peaux sensibles<\/p>\n<\/li>\n<li data-start=\"1168\" data-end=\"1214\">\n<p data-start=\"1170\" data-end=\"1214\">Peaux sujettes aux rougeurs ou irritations<\/p>\n<\/li>\n<li data-start=\"1215\" data-end=\"1241\">\n<p data-start=\"1217\" data-end=\"1241\">Peaux mixtes \u00e0 grasses<\/p>\n<\/li>\n<\/ul>\n<h3 data-start=\"1243\" data-end=\"1265\">Mode d\u2019utilisation<\/h3>\n<p data-start=\"1267\" data-end=\"1423\">Faites mousser une petite quantit\u00e9 avec de l\u2019eau, appliquez sur le visage humide, massez d\u00e9licatement puis rincez \u00e0 l\u2019eau ti\u00e8de.<br data-start=\"1395\" data-end=\"1398\" \/>\u00c0 utiliser matin et soir.<\/p>\n<h3 data-start=\"1425\" data-end=\"1439\">Contenance<\/h3>\n<p data-start=\"1441\" data-end=\"1447\">125 ml<\/p>\n","protected":false},"excerpt":{"rendered":"<p>SKIN1004 Madagascar Centella Ampoule Foam (125 ml) La Madagascar Centella Ampoule Foam de SKIN1004 est une mousse nettoyante enrichie en&#8230;<\/p>\n","protected":false},"featured_media":5633,"comment_status":"open","ping_status":"closed","template":"","meta":[],"product_brand":[],"product_cat":[54,70],"product_tag":[],"class_list":{"0":"post-5632","1":"product","2":"type-product","3":"status-publish","4":"has-post-thumbnail","6":"product_cat-out-stouk","7":"product_cat-skin1004","9":"first","10":"outofstock","11":"sale","12":"taxable","13":"shipping-taxable","14":"purchasable","15":"product-type-simple"},"_links":{"self":[{"href":"https:\/\/lopeskincar.shop\/index.php\/wp-json\/wp\/v2\/product\/5632","targetHints":{"allow":["GET"]}}],"collection":[{"href":"https:\/\/lopeskincar.shop\/index.php\/wp-json\/wp\/v2\/product"}],"about":[{"href":"https:\/\/lopeskincar.shop\/index.php\/wp-json\/wp\/v2\/types\/product"}],"replies":[{"embeddable":true,"href":"https:\/\/lopeskincar.shop\/index.php\/wp-json\/wp\/v2\/comments?post=5632"}],"wp:featuredmedia":[{"embeddable":true,"href":"https:\/\/lopeskincar.shop\/index.php\/wp-json\/wp\/v2\/media\/5633"}],"wp:attachment":[{"href":"https:\/\/lopeskincar.shop\/index.php\/wp-json\/wp\/v2\/media?parent=5632"}],"wp:term":[{"taxonomy":"product_brand","embeddable":true,"href":"https:\/\/lopeskincar.shop\/index.php\/wp-json\/wp\/v2\/product_brand?post=5632"},{"taxonomy":"product_cat","embeddable":true,"href":"https:\/\/lopeskincar.shop\/index.php\/wp-json\/wp\/v2\/product_cat?post=5632"},{"taxonomy":"product_tag","embeddable":true,"href":"https:\/\/lopeskincar.shop\/index.php\/wp-json\/wp\/v2\/product_tag?post=5632"}],"curies":[{"name":"wp","href":"https:\/\/api.w.org\/{rel}","templated":true}]}}