{"id":5627,"date":"2025-06-24T19:04:25","date_gmt":"2025-06-24T19:04:25","guid":{"rendered":"https:\/\/lopeskincar.shop\/?post_type=product&#038;p=5627"},"modified":"2025-12-30T15:27:06","modified_gmt":"2025-12-30T15:27:06","slug":"skin-1004-madagascar-centella-hyalu-cica-water-fit-sun-serum-spf-50-50ml","status":"publish","type":"product","link":"https:\/\/lopeskincar.shop\/index.php\/product\/skin-1004-madagascar-centella-hyalu-cica-water-fit-sun-serum-spf-50-50ml\/","title":{"rendered":"SKIN 1004 &#8211; Madagascar Centella Hyalu-Cica Water-Fit Sun Serum SPF 50+ &#8211; 50ml"},"content":{"rendered":"<h2 data-start=\"84\" data-end=\"162\">SKIN1004 Madagascar Centella Hyalu-Cica Water-Fit Sun Serum SPF 50+ (50 ml)<\/h2>\n<p data-start=\"164\" data-end=\"371\">Le <strong data-start=\"167\" data-end=\"233\">Madagascar Centella Hyalu-Cica Water-Fit Sun Serum de SKIN1004<\/strong> est un <strong data-start=\"241\" data-end=\"280\">\u00e9cran solaire l\u00e9ger \u00e0 texture s\u00e9rum<\/strong>, con\u00e7u pour offrir une <strong data-start=\"304\" data-end=\"328\">protection UV \u00e9lev\u00e9e<\/strong> tout en <strong data-start=\"337\" data-end=\"362\">hydratant et apaisant<\/strong> la peau.<\/p>\n<p data-start=\"373\" data-end=\"617\">Formul\u00e9 avec le complexe <strong data-start=\"398\" data-end=\"413\">Hyalu-Cica\u2122<\/strong> (acide hyaluronique + Centella Asiatica de Madagascar), il hydrate en profondeur, renforce la barri\u00e8re cutan\u00e9e et laisse la peau douce, fra\u00eeche et confortable, sans traces blanches ni sensation collante.<\/p>\n<h3 data-start=\"619\" data-end=\"633\">Protection<\/h3>\n<ul data-start=\"635\" data-end=\"715\">\n<li data-start=\"635\" data-end=\"656\">\n<p data-start=\"637\" data-end=\"656\"><strong data-start=\"637\" data-end=\"654\">SPF50+ PA++++<\/strong><\/p>\n<\/li>\n<li data-start=\"657\" data-end=\"715\">\n<p data-start=\"659\" data-end=\"715\">Protection large spectre contre les rayons <strong data-start=\"702\" data-end=\"715\">UVA &amp; UVB<\/strong><\/p>\n<\/li>\n<\/ul>\n<h3 data-start=\"717\" data-end=\"730\">Bienfaits<\/h3>\n<ul data-start=\"732\" data-end=\"903\">\n<li data-start=\"732\" data-end=\"777\">\n<p data-start=\"734\" data-end=\"777\">Prot\u00e8ge efficacement contre les rayons UV<\/p>\n<\/li>\n<li data-start=\"778\" data-end=\"807\">\n<p data-start=\"780\" data-end=\"807\">Hydrate et apaise la peau<\/p>\n<\/li>\n<li data-start=\"808\" data-end=\"840\">\n<p data-start=\"810\" data-end=\"840\">Renforce la barri\u00e8re cutan\u00e9e<\/p>\n<\/li>\n<li data-start=\"841\" data-end=\"903\">\n<p data-start=\"843\" data-end=\"903\">Texture l\u00e9g\u00e8re et confortable, parfaite sous le maquillage<\/p>\n<\/li>\n<\/ul>\n<h3 data-start=\"905\" data-end=\"920\">Actifs cl\u00e9s<\/h3>\n<ul data-start=\"922\" data-end=\"1139\">\n<li data-start=\"922\" data-end=\"979\">\n<p data-start=\"924\" data-end=\"979\"><strong data-start=\"924\" data-end=\"958\">Centella Asiatica (Madagascar)<\/strong> : apaise et r\u00e9pare<\/p>\n<\/li>\n<li data-start=\"980\" data-end=\"1036\">\n<p data-start=\"982\" data-end=\"1036\"><strong data-start=\"982\" data-end=\"1006\">Complexe Hyalu-Cica\u2122<\/strong> : hydratation et apaisement<\/p>\n<\/li>\n<li data-start=\"1037\" data-end=\"1082\">\n<p data-start=\"1039\" data-end=\"1082\"><strong data-start=\"1039\" data-end=\"1054\">Niacinamide<\/strong> : aide \u00e0 unifier le teint<\/p>\n<\/li>\n<li data-start=\"1083\" data-end=\"1139\">\n<p data-start=\"1085\" data-end=\"1139\"><strong data-start=\"1085\" data-end=\"1107\">Filtres UV avanc\u00e9s<\/strong> : protection s\u00fbre et efficace<\/p>\n<\/li>\n<\/ul>\n<h3 data-start=\"1141\" data-end=\"1157\">Type de peau<\/h3>\n<p data-start=\"1159\" data-end=\"1211\">Convient \u00e0 <strong data-start=\"1170\" data-end=\"1196\">tous les types de peau<\/strong>, y compris :<\/p>\n<ul data-start=\"1212\" data-end=\"1291\">\n<li data-start=\"1212\" data-end=\"1231\">\n<p data-start=\"1214\" data-end=\"1231\">Peaux sensibles<\/p>\n<\/li>\n<li data-start=\"1232\" data-end=\"1264\">\n<p data-start=\"1234\" data-end=\"1264\">Peaux s\u00e8ches ou d\u00e9shydrat\u00e9es<\/p>\n<\/li>\n<li data-start=\"1265\" data-end=\"1291\">\n<p data-start=\"1267\" data-end=\"1291\">Peaux mixtes \u00e0 grasses<\/p>\n<\/li>\n<\/ul>\n<h3 data-start=\"1293\" data-end=\"1315\">Mode d\u2019utilisation<\/h3>\n<p data-start=\"1317\" data-end=\"1498\">Appliquez g\u00e9n\u00e9reusement sur le visage et le cou en derni\u00e8re \u00e9tape de votre routine matin.<br data-start=\"1406\" data-end=\"1409\" \/>Renouvelez l\u2019application toutes les 2\u20133 heures lors d\u2019une exposition prolong\u00e9e au soleil.<\/p>\n<h3 data-start=\"1500\" data-end=\"1514\">Contenance<\/h3>\n<p data-start=\"1516\" data-end=\"1521\">50 ml<\/p>\n","protected":false},"excerpt":{"rendered":"<p>SKIN1004 Madagascar Centella Hyalu-Cica Water-Fit Sun Serum SPF 50+ (50 ml) Le Madagascar Centella Hyalu-Cica Water-Fit Sun Serum de SKIN1004&#8230;<\/p>\n","protected":false},"featured_media":5628,"comment_status":"open","ping_status":"closed","template":"","meta":[],"product_brand":[],"product_cat":[54,70],"product_tag":[],"class_list":{"0":"post-5627","1":"product","2":"type-product","3":"status-publish","4":"has-post-thumbnail","6":"product_cat-out-stouk","7":"product_cat-skin1004","9":"first","10":"outofstock","11":"sale","12":"taxable","13":"shipping-taxable","14":"purchasable","15":"product-type-simple"},"_links":{"self":[{"href":"https:\/\/lopeskincar.shop\/index.php\/wp-json\/wp\/v2\/product\/5627","targetHints":{"allow":["GET"]}}],"collection":[{"href":"https:\/\/lopeskincar.shop\/index.php\/wp-json\/wp\/v2\/product"}],"about":[{"href":"https:\/\/lopeskincar.shop\/index.php\/wp-json\/wp\/v2\/types\/product"}],"replies":[{"embeddable":true,"href":"https:\/\/lopeskincar.shop\/index.php\/wp-json\/wp\/v2\/comments?post=5627"}],"wp:featuredmedia":[{"embeddable":true,"href":"https:\/\/lopeskincar.shop\/index.php\/wp-json\/wp\/v2\/media\/5628"}],"wp:attachment":[{"href":"https:\/\/lopeskincar.shop\/index.php\/wp-json\/wp\/v2\/media?parent=5627"}],"wp:term":[{"taxonomy":"product_brand","embeddable":true,"href":"https:\/\/lopeskincar.shop\/index.php\/wp-json\/wp\/v2\/product_brand?post=5627"},{"taxonomy":"product_cat","embeddable":true,"href":"https:\/\/lopeskincar.shop\/index.php\/wp-json\/wp\/v2\/product_cat?post=5627"},{"taxonomy":"product_tag","embeddable":true,"href":"https:\/\/lopeskincar.shop\/index.php\/wp-json\/wp\/v2\/product_tag?post=5627"}],"curies":[{"name":"wp","href":"https:\/\/api.w.org\/{rel}","templated":true}]}}