{"id":5624,"date":"2025-06-24T19:00:36","date_gmt":"2025-06-24T19:00:36","guid":{"rendered":"https:\/\/lopeskincar.shop\/?post_type=product&#038;p=5624"},"modified":"2025-12-30T15:29:54","modified_gmt":"2025-12-30T15:29:54","slug":"skin1004-madagascar-centella-travel-kit-5pcs","status":"publish","type":"product","link":"https:\/\/lopeskincar.shop\/index.php\/product\/skin1004-madagascar-centella-travel-kit-5pcs\/","title":{"rendered":"SKIN1004 Madagascar Centella Travel Kit (5pcs)"},"content":{"rendered":"<h2 data-start=\"138\" data-end=\"188\">KIN1004 Madagascar Centella Travel Kit (5 pcs)<\/h2>\n<p data-start=\"190\" data-end=\"432\">Cette <strong data-start=\"196\" data-end=\"239\">Travel Kit SKIN1004 Madagascar Centella<\/strong> contient <strong data-start=\"249\" data-end=\"280\">5 produits au format voyage<\/strong>, tous enrichis en <strong data-start=\"299\" data-end=\"331\">extrait de Centella Asiatica<\/strong>, con\u00e7us pour <strong data-start=\"345\" data-end=\"390\">apaiser et nourrir tous les types de peau<\/strong> lors des voyages ou des soir\u00e9es pyjama.<\/p>\n<h3 data-start=\"434\" data-end=\"449\">Description<\/h3>\n<ul data-start=\"451\" data-end=\"1018\">\n<li data-start=\"451\" data-end=\"552\">\n<p data-start=\"453\" data-end=\"552\"><strong data-start=\"453\" data-end=\"476\">Douce mais efficace<\/strong>, la <strong data-start=\"481\" data-end=\"497\">Ampoule Foam<\/strong> nettoie toutes les impuret\u00e9s sans dess\u00e9cher la peau.<\/p>\n<\/li>\n<li data-start=\"553\" data-end=\"647\">\n<p data-start=\"555\" data-end=\"647\">Le <strong data-start=\"558\" data-end=\"567\">toner<\/strong> revitalise et illumine la peau en \u00e9liminant d\u00e9licatement les cellules mortes.<\/p>\n<\/li>\n<li data-start=\"648\" data-end=\"747\">\n<p data-start=\"650\" data-end=\"747\">L\u2019<strong data-start=\"652\" data-end=\"663\">ampoule<\/strong> contient 100 % d\u2019extrait de Centella Asiatica pour renforcer la barri\u00e8re cutan\u00e9e.<\/p>\n<\/li>\n<li data-start=\"748\" data-end=\"899\">\n<p data-start=\"750\" data-end=\"899\">La <strong data-start=\"753\" data-end=\"771\">Soothing Cream<\/strong> est formul\u00e9e uniquement avec des ingr\u00e9dients verts certifi\u00e9s EWG, elle hydrate profond\u00e9ment tout en laissant la peau fra\u00eeche.<\/p>\n<\/li>\n<li data-start=\"900\" data-end=\"1018\">\n<p data-start=\"902\" data-end=\"1018\">Le <strong data-start=\"905\" data-end=\"928\">Light Cleansing Oil<\/strong> dissout efficacement le maquillage et la cr\u00e8me solaire pour un nettoyage en profondeur.<\/p>\n<\/li>\n<\/ul>\n<h3 data-start=\"1020\" data-end=\"1038\">Contenu du kit<\/h3>\n<ul data-start=\"1040\" data-end=\"1190\">\n<li data-start=\"1040\" data-end=\"1068\">\n<p data-start=\"1042\" data-end=\"1068\"><strong data-start=\"1042\" data-end=\"1058\">Ampoule Foam<\/strong> \u2013 20 ml<\/p>\n<\/li>\n<li data-start=\"1069\" data-end=\"1099\">\n<p data-start=\"1071\" data-end=\"1099\"><strong data-start=\"1071\" data-end=\"1089\">Toner unifiant<\/strong> \u2013 30 ml<\/p>\n<\/li>\n<li data-start=\"1100\" data-end=\"1123\">\n<p data-start=\"1102\" data-end=\"1123\"><strong data-start=\"1102\" data-end=\"1113\">Ampoule<\/strong> \u2013 30 ml<\/p>\n<\/li>\n<li data-start=\"1124\" data-end=\"1154\">\n<p data-start=\"1126\" data-end=\"1154\"><strong data-start=\"1126\" data-end=\"1144\">Soothing Cream<\/strong> \u2013 30 ml<\/p>\n<\/li>\n<li data-start=\"1155\" data-end=\"1190\">\n<p data-start=\"1157\" data-end=\"1190\"><strong data-start=\"1157\" data-end=\"1180\">Light Cleansing Oil<\/strong> \u2013 30 ml<\/p>\n<\/li>\n<\/ul>\n<h3 data-start=\"1192\" data-end=\"1214\">Mode d\u2019utilisation<\/h3>\n<ol data-start=\"1216\" data-end=\"1431\">\n<li data-start=\"1216\" data-end=\"1292\">\n<p data-start=\"1219\" data-end=\"1292\">Nettoyez la peau avec le <strong data-start=\"1244\" data-end=\"1267\">Light Cleansing Oil<\/strong> et l\u2019<strong data-start=\"1273\" data-end=\"1289\">Ampoule Foam<\/strong>.<\/p>\n<\/li>\n<li data-start=\"1293\" data-end=\"1347\">\n<p data-start=\"1296\" data-end=\"1347\">Appliquez le <strong data-start=\"1309\" data-end=\"1318\">toner<\/strong> pour r\u00e9\u00e9quilibrer la peau.<\/p>\n<\/li>\n<li data-start=\"1348\" data-end=\"1431\">\n<p data-start=\"1351\" data-end=\"1431\">Suivez avec l\u2019<strong data-start=\"1365\" data-end=\"1376\">ampoule<\/strong> puis la <strong data-start=\"1385\" data-end=\"1403\">Soothing Cream<\/strong> pour hydrater et apaiser.<\/p>\n<\/li>\n<\/ol>\n<h3 data-start=\"1433\" data-end=\"1446\">Bienfaits<\/h3>\n<ul data-start=\"1448\" data-end=\"1630\">\n<li data-start=\"1448\" data-end=\"1491\">\n<p data-start=\"1450\" data-end=\"1491\">Apaise et nourrit la peau en profondeur<\/p>\n<\/li>\n<li data-start=\"1492\" data-end=\"1524\">\n<p data-start=\"1494\" data-end=\"1524\">Renforce la barri\u00e8re cutan\u00e9e<\/p>\n<\/li>\n<li data-start=\"1525\" data-end=\"1564\">\n<p data-start=\"1527\" data-end=\"1564\">Nettoie efficacement sans dess\u00e9cher<\/p>\n<\/li>\n<li data-start=\"1565\" data-end=\"1597\">\n<p data-start=\"1567\" data-end=\"1597\">Hydrate et illumine le teint<\/p>\n<\/li>\n<li data-start=\"1598\" data-end=\"1630\">\n<p data-start=\"1600\" data-end=\"1630\">Format pratique pour voyager<\/p>\n<\/li>\n<\/ul>\n","protected":false},"excerpt":{"rendered":"<p>KIN1004 Madagascar Centella Travel Kit (5 pcs) Cette Travel Kit SKIN1004 Madagascar Centella contient 5 produits au format voyage, tous&#8230;<\/p>\n","protected":false},"featured_media":5626,"comment_status":"open","ping_status":"closed","template":"","meta":[],"product_brand":[],"product_cat":[54,70],"product_tag":[],"class_list":{"0":"post-5624","1":"product","2":"type-product","3":"status-publish","4":"has-post-thumbnail","6":"product_cat-out-stouk","7":"product_cat-skin1004","9":"first","10":"outofstock","11":"sale","12":"taxable","13":"shipping-taxable","14":"purchasable","15":"product-type-simple"},"_links":{"self":[{"href":"https:\/\/lopeskincar.shop\/index.php\/wp-json\/wp\/v2\/product\/5624","targetHints":{"allow":["GET"]}}],"collection":[{"href":"https:\/\/lopeskincar.shop\/index.php\/wp-json\/wp\/v2\/product"}],"about":[{"href":"https:\/\/lopeskincar.shop\/index.php\/wp-json\/wp\/v2\/types\/product"}],"replies":[{"embeddable":true,"href":"https:\/\/lopeskincar.shop\/index.php\/wp-json\/wp\/v2\/comments?post=5624"}],"wp:featuredmedia":[{"embeddable":true,"href":"https:\/\/lopeskincar.shop\/index.php\/wp-json\/wp\/v2\/media\/5626"}],"wp:attachment":[{"href":"https:\/\/lopeskincar.shop\/index.php\/wp-json\/wp\/v2\/media?parent=5624"}],"wp:term":[{"taxonomy":"product_brand","embeddable":true,"href":"https:\/\/lopeskincar.shop\/index.php\/wp-json\/wp\/v2\/product_brand?post=5624"},{"taxonomy":"product_cat","embeddable":true,"href":"https:\/\/lopeskincar.shop\/index.php\/wp-json\/wp\/v2\/product_cat?post=5624"},{"taxonomy":"product_tag","embeddable":true,"href":"https:\/\/lopeskincar.shop\/index.php\/wp-json\/wp\/v2\/product_tag?post=5624"}],"curies":[{"name":"wp","href":"https:\/\/api.w.org\/{rel}","templated":true}]}}