{"id":5601,"date":"2025-06-24T18:42:07","date_gmt":"2025-06-24T18:42:07","guid":{"rendered":"https:\/\/lopeskincar.shop\/?post_type=product&#038;p=5601"},"modified":"2026-02-01T18:04:29","modified_gmt":"2026-02-01T18:04:29","slug":"shiseido-tsubaki-premium-ex-repair-hair-mask-180g","status":"publish","type":"product","link":"https:\/\/lopeskincar.shop\/index.php\/product\/shiseido-tsubaki-premium-ex-repair-hair-mask-180g\/","title":{"rendered":"Shiseido Tsubaki Premium EX Repair Hair Mask (180g)"},"content":{"rendered":"<h2 data-start=\"146\" data-end=\"201\">Shiseido Tsubaki Premium EX Repair Hair Mask (180 g)<\/h2>\n<p data-start=\"203\" data-end=\"560\">Le <strong data-start=\"206\" data-end=\"254\">Shiseido Tsubaki Premium EX Repair Hair Mask<\/strong> est un masque capillaire <strong data-start=\"280\" data-end=\"321\">intens\u00e9ment nourrissant et r\u00e9parateur<\/strong>, sp\u00e9cialement formul\u00e9 pour les cheveux secs, ab\u00eem\u00e9s ou fragilis\u00e9s. Gr\u00e2ce \u00e0 sa technologie <strong data-start=\"412\" data-end=\"426\">premium EX<\/strong>, il p\u00e9n\u00e8tre profond\u00e9ment dans la fibre capillaire pour <strong data-start=\"482\" data-end=\"516\">r\u00e9parer, hydrater et renforcer<\/strong> les cheveux de la racine jusqu\u2019aux pointes.<\/p>\n<h3 data-start=\"562\" data-end=\"575\">Bienfaits<\/h3>\n<ul data-start=\"577\" data-end=\"853\">\n<li data-start=\"577\" data-end=\"620\">\n<p data-start=\"579\" data-end=\"620\">R\u00e9pare les cheveux ab\u00eem\u00e9s et fragilis\u00e9s<\/p>\n<\/li>\n<li data-start=\"621\" data-end=\"669\">\n<p data-start=\"623\" data-end=\"669\">Nourrit intens\u00e9ment et hydrate en profondeur<\/p>\n<\/li>\n<li data-start=\"670\" data-end=\"734\">\n<p data-start=\"672\" data-end=\"734\">Renforce la fibre capillaire et r\u00e9duit les pointes fourchues<\/p>\n<\/li>\n<li data-start=\"735\" data-end=\"794\">\n<p data-start=\"737\" data-end=\"794\">Laisse les cheveux doux, brillants et faciles \u00e0 coiffer<\/p>\n<\/li>\n<li data-start=\"795\" data-end=\"853\">\n<p data-start=\"797\" data-end=\"853\">Prot\u00e8ge les cheveux contre les agressions quotidiennes<\/p>\n<\/li>\n<\/ul>\n<h3 data-start=\"855\" data-end=\"870\">Actifs cl\u00e9s<\/h3>\n<ul data-start=\"872\" data-end=\"1140\">\n<li data-start=\"872\" data-end=\"973\">\n<p data-start=\"874\" data-end=\"973\"><strong data-start=\"874\" data-end=\"923\">Extrait d\u2019Huile de Tsubaki (Cam\u00e9lia japonica)<\/strong> : hydrate, lisse et prot\u00e8ge la fibre capillaire<\/p>\n<\/li>\n<li data-start=\"974\" data-end=\"1051\">\n<p data-start=\"976\" data-end=\"1051\"><strong data-start=\"976\" data-end=\"1001\">Prot\u00e9ines hydrolys\u00e9es<\/strong> : renforcent et r\u00e9parent les cheveux endommag\u00e9s<\/p>\n<\/li>\n<li data-start=\"1052\" data-end=\"1140\">\n<p data-start=\"1054\" data-end=\"1140\"><strong data-start=\"1054\" data-end=\"1088\">Complexe r\u00e9parateur Premium EX<\/strong> : r\u00e9tablit l\u2019\u00e9lasticit\u00e9 et la brillance naturelle<\/p>\n<\/li>\n<\/ul>\n<h3 data-start=\"1142\" data-end=\"1161\">Type de cheveux<\/h3>\n<p data-start=\"1163\" data-end=\"1217\">Convient \u00e0 tous types de cheveux, particuli\u00e8rement :<\/p>\n<ul data-start=\"1218\" data-end=\"1345\">\n<li data-start=\"1218\" data-end=\"1244\">\n<p data-start=\"1220\" data-end=\"1244\">Cheveux secs ou ab\u00eem\u00e9s<\/p>\n<\/li>\n<li data-start=\"1245\" data-end=\"1314\">\n<p data-start=\"1247\" data-end=\"1314\">Cheveux fragilis\u00e9s par la coloration ou les traitements chimiques<\/p>\n<\/li>\n<li data-start=\"1315\" data-end=\"1345\">\n<p data-start=\"1317\" data-end=\"1345\">Cheveux ternes ou cassants<\/p>\n<\/li>\n<\/ul>\n<h3 data-start=\"1347\" data-end=\"1369\">Mode d\u2019utilisation<\/h3>\n<ol data-start=\"1371\" data-end=\"1673\">\n<li data-start=\"1371\" data-end=\"1493\">\n<p data-start=\"1374\" data-end=\"1493\">Apr\u00e8s le shampooing, appliquez une quantit\u00e9 g\u00e9n\u00e9reuse sur cheveux humides, en insistant sur les longueurs et pointes.<\/p>\n<\/li>\n<li data-start=\"1494\" data-end=\"1560\">\n<p data-start=\"1497\" data-end=\"1560\">Laissez poser <strong data-start=\"1511\" data-end=\"1529\">5 \u00e0 10 minutes<\/strong> pour une r\u00e9paration intense.<\/p>\n<\/li>\n<li data-start=\"1561\" data-end=\"1599\">\n<p data-start=\"1564\" data-end=\"1599\">Rincez abondamment \u00e0 l\u2019eau ti\u00e8de.<\/p>\n<\/li>\n<li data-start=\"1600\" data-end=\"1673\">\n<p data-start=\"1603\" data-end=\"1673\">Utilisez 1 \u00e0 2 fois par semaine ou selon les besoins de vos cheveux.<\/p>\n<\/li>\n<\/ol>\n<h3 data-start=\"1675\" data-end=\"1689\">Contenance<\/h3>\n<p data-start=\"1691\" data-end=\"1696\">180 g<\/p>\n","protected":false},"excerpt":{"rendered":"<p>Shiseido Tsubaki Premium EX Repair Hair Mask (180 g) Le Shiseido Tsubaki Premium EX Repair Hair Mask est un masque&#8230;<\/p>\n","protected":false},"featured_media":5603,"comment_status":"open","ping_status":"closed","template":"","meta":[],"product_brand":[],"product_cat":[45],"product_tag":[],"class_list":{"0":"post-5601","1":"product","2":"type-product","3":"status-publish","4":"has-post-thumbnail","6":"product_cat-en-stock","8":"first","9":"instock","10":"sale","11":"taxable","12":"shipping-taxable","13":"purchasable","14":"product-type-simple"},"_links":{"self":[{"href":"https:\/\/lopeskincar.shop\/index.php\/wp-json\/wp\/v2\/product\/5601","targetHints":{"allow":["GET"]}}],"collection":[{"href":"https:\/\/lopeskincar.shop\/index.php\/wp-json\/wp\/v2\/product"}],"about":[{"href":"https:\/\/lopeskincar.shop\/index.php\/wp-json\/wp\/v2\/types\/product"}],"replies":[{"embeddable":true,"href":"https:\/\/lopeskincar.shop\/index.php\/wp-json\/wp\/v2\/comments?post=5601"}],"wp:featuredmedia":[{"embeddable":true,"href":"https:\/\/lopeskincar.shop\/index.php\/wp-json\/wp\/v2\/media\/5603"}],"wp:attachment":[{"href":"https:\/\/lopeskincar.shop\/index.php\/wp-json\/wp\/v2\/media?parent=5601"}],"wp:term":[{"taxonomy":"product_brand","embeddable":true,"href":"https:\/\/lopeskincar.shop\/index.php\/wp-json\/wp\/v2\/product_brand?post=5601"},{"taxonomy":"product_cat","embeddable":true,"href":"https:\/\/lopeskincar.shop\/index.php\/wp-json\/wp\/v2\/product_cat?post=5601"},{"taxonomy":"product_tag","embeddable":true,"href":"https:\/\/lopeskincar.shop\/index.php\/wp-json\/wp\/v2\/product_tag?post=5601"}],"curies":[{"name":"wp","href":"https:\/\/api.w.org\/{rel}","templated":true}]}}