{"id":5597,"date":"2025-06-24T18:36:15","date_gmt":"2025-06-24T18:36:15","guid":{"rendered":"https:\/\/lopeskincar.shop\/?post_type=product&#038;p=5597"},"modified":"2026-02-01T18:04:51","modified_gmt":"2026-02-01T18:04:51","slug":"shiseido-fino-premium-touch-hair-mask-230g","status":"publish","type":"product","link":"https:\/\/lopeskincar.shop\/index.php\/product\/shiseido-fino-premium-touch-hair-mask-230g\/","title":{"rendered":"Shiseido Fino Premium Touch Hair Mask (230g)"},"content":{"rendered":"<hr data-start=\"134\" data-end=\"137\" \/>\n<h2 data-start=\"139\" data-end=\"187\">Shiseido Fino Premium Touch Hair Mask (230 g)<\/h2>\n<p data-start=\"189\" data-end=\"517\">Le <strong data-start=\"192\" data-end=\"233\">Shiseido Fino Premium Touch Hair Mask<\/strong> est un <strong data-start=\"241\" data-end=\"286\">masque capillaire intens\u00e9ment nourrissant<\/strong>, con\u00e7u pour <strong data-start=\"299\" data-end=\"325\">r\u00e9parer et revitaliser<\/strong> les cheveux ab\u00eem\u00e9s ou secs. Gr\u00e2ce \u00e0 sa formule <strong data-start=\"373\" data-end=\"414\">ultra concentr\u00e9e en agents hydratants<\/strong>, il p\u00e9n\u00e8tre profond\u00e9ment dans la fibre capillaire pour <strong data-start=\"470\" data-end=\"516\">restaurer douceur, \u00e9lasticit\u00e9 et brillance<\/strong>.<\/p>\n<h3 data-start=\"519\" data-end=\"532\">Bienfaits<\/h3>\n<ul data-start=\"534\" data-end=\"813\">\n<li data-start=\"534\" data-end=\"579\">\n<p data-start=\"536\" data-end=\"579\">R\u00e9pare et renforce les cheveux fragilis\u00e9s<\/p>\n<\/li>\n<li data-start=\"580\" data-end=\"630\">\n<p data-start=\"582\" data-end=\"630\">Hydrate en profondeur les longueurs et pointes<\/p>\n<\/li>\n<li data-start=\"631\" data-end=\"684\">\n<p data-start=\"633\" data-end=\"684\">Lisse la fibre capillaire et r\u00e9duit les frisottis<\/p>\n<\/li>\n<li data-start=\"685\" data-end=\"739\">\n<p data-start=\"687\" data-end=\"739\">Rend les cheveux doux, soyeux et faciles \u00e0 coiffer<\/p>\n<\/li>\n<li data-start=\"740\" data-end=\"813\">\n<p data-start=\"742\" data-end=\"813\">Prot\u00e8ge contre les agressions quotidiennes et les dommages thermiques<\/p>\n<\/li>\n<\/ul>\n<h3 data-start=\"815\" data-end=\"830\">Actifs cl\u00e9s<\/h3>\n<ul data-start=\"832\" data-end=\"1060\">\n<li data-start=\"832\" data-end=\"898\">\n<p data-start=\"834\" data-end=\"898\"><strong data-start=\"834\" data-end=\"859\">Prot\u00e9ines hydrolys\u00e9es<\/strong> : renforcent et r\u00e9parent les cheveux<\/p>\n<\/li>\n<li data-start=\"899\" data-end=\"978\">\n<p data-start=\"901\" data-end=\"978\"><strong data-start=\"901\" data-end=\"935\">Extraits v\u00e9g\u00e9taux nourrissants<\/strong> : hydratent et apportent de la brillance<\/p>\n<\/li>\n<li data-start=\"979\" data-end=\"1060\">\n<p data-start=\"981\" data-end=\"1060\"><strong data-start=\"981\" data-end=\"1007\">Complexe Premium Touch<\/strong> : restaure l\u2019\u00e9lasticit\u00e9 et la vitalit\u00e9 de la fibre<\/p>\n<\/li>\n<\/ul>\n<h3 data-start=\"1062\" data-end=\"1081\">Type de cheveux<\/h3>\n<p data-start=\"1083\" data-end=\"1137\">Convient \u00e0 tous types de cheveux, particuli\u00e8rement :<\/p>\n<ul data-start=\"1138\" data-end=\"1290\">\n<li data-start=\"1138\" data-end=\"1164\">\n<p data-start=\"1140\" data-end=\"1164\">Cheveux secs ou ab\u00eem\u00e9s<\/p>\n<\/li>\n<li data-start=\"1165\" data-end=\"1246\">\n<p data-start=\"1167\" data-end=\"1246\">Cheveux fragilis\u00e9s par la coloration, la chaleur ou les traitements chimiques<\/p>\n<\/li>\n<li data-start=\"1247\" data-end=\"1290\">\n<p data-start=\"1249\" data-end=\"1290\">Cheveux ternes et manquant de souplesse<\/p>\n<\/li>\n<\/ul>\n<h3 data-start=\"1292\" data-end=\"1314\">Mode d\u2019utilisation<\/h3>\n<ol data-start=\"1316\" data-end=\"1622\">\n<li data-start=\"1316\" data-end=\"1438\">\n<p data-start=\"1319\" data-end=\"1438\">Apr\u00e8s le shampooing, appliquez une quantit\u00e9 g\u00e9n\u00e9reuse sur cheveux humides, en insistant sur les longueurs et pointes.<\/p>\n<\/li>\n<li data-start=\"1439\" data-end=\"1506\">\n<p data-start=\"1442\" data-end=\"1506\">Laissez poser <strong data-start=\"1456\" data-end=\"1474\">5 \u00e0 10 minutes<\/strong> pour une r\u00e9paration optimale.<\/p>\n<\/li>\n<li data-start=\"1507\" data-end=\"1545\">\n<p data-start=\"1510\" data-end=\"1545\">Rincez abondamment \u00e0 l\u2019eau ti\u00e8de.<\/p>\n<\/li>\n<li data-start=\"1546\" data-end=\"1622\">\n<p data-start=\"1549\" data-end=\"1622\">\u00c0 utiliser <strong data-start=\"1560\" data-end=\"1586\">1 \u00e0 2 fois par semaine<\/strong> ou selon les besoins des cheveux.<\/p>\n<\/li>\n<\/ol>\n<h3 data-start=\"1624\" data-end=\"1638\">Contenance<\/h3>\n<p data-start=\"1640\" data-end=\"1645\">230 g<\/p>\n","protected":false},"excerpt":{"rendered":"<p>Shiseido Fino Premium Touch Hair Mask (230 g) Le Shiseido Fino Premium Touch Hair Mask est un masque capillaire intens\u00e9ment&#8230;<\/p>\n","protected":false},"featured_media":5615,"comment_status":"open","ping_status":"closed","template":"","meta":[],"product_brand":[],"product_cat":[45],"product_tag":[],"class_list":{"0":"post-5597","1":"product","2":"type-product","3":"status-publish","4":"has-post-thumbnail","6":"product_cat-en-stock","8":"first","9":"instock","10":"sale","11":"taxable","12":"shipping-taxable","13":"purchasable","14":"product-type-simple"},"_links":{"self":[{"href":"https:\/\/lopeskincar.shop\/index.php\/wp-json\/wp\/v2\/product\/5597","targetHints":{"allow":["GET"]}}],"collection":[{"href":"https:\/\/lopeskincar.shop\/index.php\/wp-json\/wp\/v2\/product"}],"about":[{"href":"https:\/\/lopeskincar.shop\/index.php\/wp-json\/wp\/v2\/types\/product"}],"replies":[{"embeddable":true,"href":"https:\/\/lopeskincar.shop\/index.php\/wp-json\/wp\/v2\/comments?post=5597"}],"wp:featuredmedia":[{"embeddable":true,"href":"https:\/\/lopeskincar.shop\/index.php\/wp-json\/wp\/v2\/media\/5615"}],"wp:attachment":[{"href":"https:\/\/lopeskincar.shop\/index.php\/wp-json\/wp\/v2\/media?parent=5597"}],"wp:term":[{"taxonomy":"product_brand","embeddable":true,"href":"https:\/\/lopeskincar.shop\/index.php\/wp-json\/wp\/v2\/product_brand?post=5597"},{"taxonomy":"product_cat","embeddable":true,"href":"https:\/\/lopeskincar.shop\/index.php\/wp-json\/wp\/v2\/product_cat?post=5597"},{"taxonomy":"product_tag","embeddable":true,"href":"https:\/\/lopeskincar.shop\/index.php\/wp-json\/wp\/v2\/product_tag?post=5597"}],"curies":[{"name":"wp","href":"https:\/\/api.w.org\/{rel}","templated":true}]}}