{"id":5328,"date":"2025-06-20T18:46:26","date_gmt":"2025-06-20T18:46:26","guid":{"rendered":"https:\/\/lopeskincar.shop\/?post_type=product&#038;p=5328"},"modified":"2025-12-30T15:39:35","modified_gmt":"2025-12-30T15:39:35","slug":"skin1004-centella-probio-cica-essence-toner-210ml","status":"publish","type":"product","link":"https:\/\/lopeskincar.shop\/index.php\/product\/skin1004-centella-probio-cica-essence-toner-210ml\/","title":{"rendered":"SKIN1004 Centella Probio-Cica Essence Toner (210ml)"},"content":{"rendered":"<h2 data-start=\"146\" data-end=\"201\">SKIN1004 Centella Probio-Cica Essence Toner (210 ml)<\/h2>\n<p data-start=\"203\" data-end=\"561\">Le <strong data-start=\"206\" data-end=\"256\">Centella Probio-Cica Essence Toner de SKIN1004<\/strong> est un <strong data-start=\"264\" data-end=\"305\">tonique essence apaisant et hydratant<\/strong>, formul\u00e9 pour <strong data-start=\"320\" data-end=\"421\">renforcer la barri\u00e8re cutan\u00e9e, calmer les irritations et am\u00e9liorer l\u2019\u00e9quilibre naturel de la peau<\/strong>. Enrichi en <strong data-start=\"434\" data-end=\"469\">Centella Asiatica de Madagascar<\/strong> et en <strong data-start=\"476\" data-end=\"492\">probiotiques<\/strong>, il favorise une peau plus saine, plus r\u00e9sistante et plus lumineuse.<\/p>\n<h3 data-start=\"563\" data-end=\"576\">Bienfaits<\/h3>\n<ul data-start=\"578\" data-end=\"789\">\n<li data-start=\"578\" data-end=\"616\">\n<p data-start=\"580\" data-end=\"616\">Apaise les irritations et rougeurs<\/p>\n<\/li>\n<li data-start=\"617\" data-end=\"649\">\n<p data-start=\"619\" data-end=\"649\">Renforce la barri\u00e8re cutan\u00e9e<\/p>\n<\/li>\n<li data-start=\"650\" data-end=\"694\">\n<p data-start=\"652\" data-end=\"694\">Hydrate et nourrit la peau en profondeur<\/p>\n<\/li>\n<li data-start=\"695\" data-end=\"745\">\n<p data-start=\"697\" data-end=\"745\">Am\u00e9liore l\u2019\u00e9lasticit\u00e9 et la texture de la peau<\/p>\n<\/li>\n<li data-start=\"746\" data-end=\"789\">\n<p data-start=\"748\" data-end=\"789\">Pr\u00e9pare la peau pour les soins suivants<\/p>\n<\/li>\n<\/ul>\n<h3 data-start=\"791\" data-end=\"806\">Actifs cl\u00e9s<\/h3>\n<ul data-start=\"808\" data-end=\"1085\">\n<li data-start=\"808\" data-end=\"873\">\n<p data-start=\"810\" data-end=\"873\"><strong data-start=\"810\" data-end=\"844\">Centella Asiatica (Madagascar)<\/strong> : apaise et r\u00e9pare la peau<\/p>\n<\/li>\n<li data-start=\"874\" data-end=\"959\">\n<p data-start=\"876\" data-end=\"959\"><strong data-start=\"876\" data-end=\"900\">Complexe Probio-Cica<\/strong> : \u00e9quilibre le microbiome cutan\u00e9 et renforce la barri\u00e8re<\/p>\n<\/li>\n<li data-start=\"960\" data-end=\"1022\">\n<p data-start=\"962\" data-end=\"1022\"><strong data-start=\"962\" data-end=\"984\">Acide hyaluronique<\/strong> : hydrate et maintient la souplesse<\/p>\n<\/li>\n<li data-start=\"1023\" data-end=\"1085\">\n<p data-start=\"1025\" data-end=\"1085\"><strong data-start=\"1025\" data-end=\"1048\">Extraits botaniques<\/strong> : nourrissent et prot\u00e8gent la peau<\/p>\n<\/li>\n<\/ul>\n<h3 data-start=\"1087\" data-end=\"1103\">Type de peau<\/h3>\n<p data-start=\"1105\" data-end=\"1160\">Convient \u00e0 <strong data-start=\"1116\" data-end=\"1138\">tous types de peau<\/strong>, particuli\u00e8rement :<\/p>\n<ul data-start=\"1161\" data-end=\"1257\">\n<li data-start=\"1161\" data-end=\"1192\">\n<p data-start=\"1163\" data-end=\"1192\">Peaux sensibles ou irrit\u00e9es<\/p>\n<\/li>\n<li data-start=\"1193\" data-end=\"1224\">\n<p data-start=\"1195\" data-end=\"1224\">Peaux sujettes aux rougeurs<\/p>\n<\/li>\n<li data-start=\"1225\" data-end=\"1257\">\n<p data-start=\"1227\" data-end=\"1257\">Peaux d\u00e9shydrat\u00e9es ou ternes<\/p>\n<\/li>\n<\/ul>\n<h3 data-start=\"1259\" data-end=\"1281\">Mode d\u2019utilisation<\/h3>\n<ol data-start=\"1283\" data-end=\"1515\">\n<li data-start=\"1283\" data-end=\"1383\">\n<p data-start=\"1286\" data-end=\"1383\">Apr\u00e8s le nettoyage, appliquez une quantit\u00e9 appropri\u00e9e sur un coton ou directement sur la paume.<\/p>\n<\/li>\n<li data-start=\"1384\" data-end=\"1459\">\n<p data-start=\"1387\" data-end=\"1459\">Tapotez doucement sur le visage et le cou jusqu\u2019\u00e0 absorption compl\u00e8te.<\/p>\n<\/li>\n<li data-start=\"1460\" data-end=\"1515\">\n<p data-start=\"1463\" data-end=\"1515\">Utilisez matin et soir avant le s\u00e9rum ou la cr\u00e8me.<\/p>\n<\/li>\n<\/ol>\n<h3 data-start=\"1517\" data-end=\"1531\">Contenance<\/h3>\n<p data-start=\"1533\" data-end=\"1539\">210 ml<\/p>\n<p data-start=\"1546\" data-end=\"1698\">\n","protected":false},"excerpt":{"rendered":"<p>SKIN1004 Centella Probio-Cica Essence Toner (210 ml) Le Centella Probio-Cica Essence Toner de SKIN1004 est un tonique essence apaisant et&#8230;<\/p>\n","protected":false},"featured_media":5330,"comment_status":"open","ping_status":"closed","template":"","meta":[],"product_brand":[],"product_cat":[54],"product_tag":[],"class_list":{"0":"post-5328","1":"product","2":"type-product","3":"status-publish","4":"has-post-thumbnail","6":"product_cat-out-stouk","8":"first","9":"outofstock","10":"sale","11":"taxable","12":"shipping-taxable","13":"purchasable","14":"product-type-simple"},"_links":{"self":[{"href":"https:\/\/lopeskincar.shop\/index.php\/wp-json\/wp\/v2\/product\/5328","targetHints":{"allow":["GET"]}}],"collection":[{"href":"https:\/\/lopeskincar.shop\/index.php\/wp-json\/wp\/v2\/product"}],"about":[{"href":"https:\/\/lopeskincar.shop\/index.php\/wp-json\/wp\/v2\/types\/product"}],"replies":[{"embeddable":true,"href":"https:\/\/lopeskincar.shop\/index.php\/wp-json\/wp\/v2\/comments?post=5328"}],"wp:featuredmedia":[{"embeddable":true,"href":"https:\/\/lopeskincar.shop\/index.php\/wp-json\/wp\/v2\/media\/5330"}],"wp:attachment":[{"href":"https:\/\/lopeskincar.shop\/index.php\/wp-json\/wp\/v2\/media?parent=5328"}],"wp:term":[{"taxonomy":"product_brand","embeddable":true,"href":"https:\/\/lopeskincar.shop\/index.php\/wp-json\/wp\/v2\/product_brand?post=5328"},{"taxonomy":"product_cat","embeddable":true,"href":"https:\/\/lopeskincar.shop\/index.php\/wp-json\/wp\/v2\/product_cat?post=5328"},{"taxonomy":"product_tag","embeddable":true,"href":"https:\/\/lopeskincar.shop\/index.php\/wp-json\/wp\/v2\/product_tag?post=5328"}],"curies":[{"name":"wp","href":"https:\/\/api.w.org\/{rel}","templated":true}]}}