{"id":4993,"date":"2018-10-18T02:22:19","date_gmt":"2018-10-18T02:22:19","guid":{"rendered":"https:\/\/woostify.com\/demos\/fashion1\/?post_type=product&#038;p=109"},"modified":"2025-12-30T15:43:17","modified_gmt":"2025-12-30T15:43:17","slug":"skin1004-centella-probio-cica-intensive-ampoule-50ml-95ml","status":"publish","type":"product","link":"https:\/\/lopeskincar.shop\/index.php\/product\/skin1004-centella-probio-cica-intensive-ampoule-50ml-95ml\/","title":{"rendered":"SKIN1004 Centella Probio Cica Intensive Ampoule 95ML"},"content":{"rendered":"<hr data-start=\"136\" data-end=\"139\" \/>\n<h2 data-start=\"141\" data-end=\"191\">SKIN1004 Centella Probio Cica Intensive Ampoule<\/h2>\n<p data-start=\"193\" data-end=\"549\">La <strong data-start=\"196\" data-end=\"250\">Centella Probio Cica Intensive Ampoule de SKIN1004<\/strong> est un s\u00e9rum concentr\u00e9 apaisant et r\u00e9parateur, formul\u00e9 pour <strong data-start=\"311\" data-end=\"394\">renforcer la barri\u00e8re cutan\u00e9e, calmer les irritations et hydrater en profondeur<\/strong>. Enrichie en <strong data-start=\"408\" data-end=\"443\">Centella Asiatica de Madagascar<\/strong> et en <strong data-start=\"450\" data-end=\"474\">complexe Probio-Cica<\/strong>, cette ampoule aide \u00e0 r\u00e9tablir la sant\u00e9 et l\u2019\u00e9quilibre naturel de la peau.<\/p>\n<h3 data-start=\"551\" data-end=\"564\">Bienfaits<\/h3>\n<ul data-start=\"566\" data-end=\"777\">\n<li data-start=\"566\" data-end=\"604\">\n<p data-start=\"568\" data-end=\"604\">Apaise les irritations et rougeurs<\/p>\n<\/li>\n<li data-start=\"605\" data-end=\"637\">\n<p data-start=\"607\" data-end=\"637\">Renforce la barri\u00e8re cutan\u00e9e<\/p>\n<\/li>\n<li data-start=\"638\" data-end=\"672\">\n<p data-start=\"640\" data-end=\"672\">Hydrate et nourrit intens\u00e9ment<\/p>\n<\/li>\n<li data-start=\"673\" data-end=\"723\">\n<p data-start=\"675\" data-end=\"723\">Am\u00e9liore la texture et l\u2019\u00e9lasticit\u00e9 de la peau<\/p>\n<\/li>\n<li data-start=\"724\" data-end=\"777\">\n<p data-start=\"726\" data-end=\"777\">Favorise une peau saine, confortable et lumineuse<\/p>\n<\/li>\n<\/ul>\n<h3 data-start=\"779\" data-end=\"794\">Actifs cl\u00e9s<\/h3>\n<ul data-start=\"796\" data-end=\"1076\">\n<li data-start=\"796\" data-end=\"853\">\n<p data-start=\"798\" data-end=\"853\"><strong data-start=\"798\" data-end=\"832\">Centella Asiatica (Madagascar)<\/strong> : apaise et r\u00e9pare<\/p>\n<\/li>\n<li data-start=\"854\" data-end=\"939\">\n<p data-start=\"856\" data-end=\"939\"><strong data-start=\"856\" data-end=\"880\">Complexe Probio-Cica<\/strong> : \u00e9quilibre le microbiome cutan\u00e9 et renforce la barri\u00e8re<\/p>\n<\/li>\n<li data-start=\"940\" data-end=\"1013\">\n<p data-start=\"942\" data-end=\"1013\"><strong data-start=\"942\" data-end=\"964\">Acide hyaluronique<\/strong> : hydrate et maintient la souplesse de la peau<\/p>\n<\/li>\n<li data-start=\"1014\" data-end=\"1076\">\n<p data-start=\"1016\" data-end=\"1076\"><strong data-start=\"1016\" data-end=\"1039\">Extraits botaniques<\/strong> : nourrissent et prot\u00e8gent la peau<\/p>\n<\/li>\n<\/ul>\n<h3 data-start=\"1078\" data-end=\"1094\">Type de peau<\/h3>\n<p data-start=\"1096\" data-end=\"1151\">Convient \u00e0 <strong data-start=\"1107\" data-end=\"1129\">tous types de peau<\/strong>, particuli\u00e8rement :<\/p>\n<ul data-start=\"1152\" data-end=\"1250\">\n<li data-start=\"1152\" data-end=\"1183\">\n<p data-start=\"1154\" data-end=\"1183\">Peaux sensibles ou irrit\u00e9es<\/p>\n<\/li>\n<li data-start=\"1184\" data-end=\"1215\">\n<p data-start=\"1186\" data-end=\"1215\">Peaux sujettes aux rougeurs<\/p>\n<\/li>\n<li data-start=\"1216\" data-end=\"1250\">\n<p data-start=\"1218\" data-end=\"1250\">Peaux d\u00e9shydrat\u00e9es ou fragiles<\/p>\n<\/li>\n<\/ul>\n<h3 data-start=\"1252\" data-end=\"1274\">Mode d\u2019utilisation<\/h3>\n<ol data-start=\"1276\" data-end=\"1498\">\n<li data-start=\"1276\" data-end=\"1364\">\n<p data-start=\"1279\" data-end=\"1364\">Apr\u00e8s le nettoyage et le toner, appliquez quelques gouttes sur le visage et le cou.<\/p>\n<\/li>\n<li data-start=\"1365\" data-end=\"1415\">\n<p data-start=\"1368\" data-end=\"1415\">Massez doucement jusqu\u2019\u00e0 absorption compl\u00e8te.<\/p>\n<\/li>\n<li data-start=\"1416\" data-end=\"1498\">\n<p data-start=\"1419\" data-end=\"1498\">Utilisez matin et soir avant la cr\u00e8me hydratante pour des r\u00e9sultats optimaux.<\/p>\n<\/li>\n<\/ol>\n<h3 data-start=\"1500\" data-end=\"1514\">Contenance<\/h3>\n<p data-start=\"1516\" data-end=\"1554\">95ML<\/p>\n","protected":false},"excerpt":{"rendered":"<p>SKIN1004 Centella Probio Cica Intensive Ampoule La Centella Probio Cica Intensive Ampoule de SKIN1004 est un s\u00e9rum concentr\u00e9 apaisant et&#8230;<\/p>\n","protected":false},"featured_media":5319,"comment_status":"open","ping_status":"closed","template":"","meta":[],"product_brand":[],"product_cat":[54],"product_tag":[],"class_list":{"0":"post-4993","1":"product","2":"type-product","3":"status-publish","4":"has-post-thumbnail","6":"product_cat-out-stouk","8":"first","9":"outofstock","10":"sale","11":"taxable","12":"shipping-taxable","13":"purchasable","14":"product-type-simple"},"_links":{"self":[{"href":"https:\/\/lopeskincar.shop\/index.php\/wp-json\/wp\/v2\/product\/4993","targetHints":{"allow":["GET"]}}],"collection":[{"href":"https:\/\/lopeskincar.shop\/index.php\/wp-json\/wp\/v2\/product"}],"about":[{"href":"https:\/\/lopeskincar.shop\/index.php\/wp-json\/wp\/v2\/types\/product"}],"replies":[{"embeddable":true,"href":"https:\/\/lopeskincar.shop\/index.php\/wp-json\/wp\/v2\/comments?post=4993"}],"wp:featuredmedia":[{"embeddable":true,"href":"https:\/\/lopeskincar.shop\/index.php\/wp-json\/wp\/v2\/media\/5319"}],"wp:attachment":[{"href":"https:\/\/lopeskincar.shop\/index.php\/wp-json\/wp\/v2\/media?parent=4993"}],"wp:term":[{"taxonomy":"product_brand","embeddable":true,"href":"https:\/\/lopeskincar.shop\/index.php\/wp-json\/wp\/v2\/product_brand?post=4993"},{"taxonomy":"product_cat","embeddable":true,"href":"https:\/\/lopeskincar.shop\/index.php\/wp-json\/wp\/v2\/product_cat?post=4993"},{"taxonomy":"product_tag","embeddable":true,"href":"https:\/\/lopeskincar.shop\/index.php\/wp-json\/wp\/v2\/product_tag?post=4993"}],"curies":[{"name":"wp","href":"https:\/\/api.w.org\/{rel}","templated":true}]}}