{"id":113,"date":"2018-10-18T02:29:02","date_gmt":"2018-10-18T02:29:02","guid":{"rendered":"https:\/\/woostify.com\/demos\/fashion1\/?post_type=product&#038;p=113"},"modified":"2026-02-21T21:43:42","modified_gmt":"2026-02-21T21:43:42","slug":"anua-niacinamide-10-txa-4-dark-spot-correcting-serum-30ml","status":"publish","type":"product","link":"https:\/\/lopeskincar.shop\/index.php\/product\/anua-niacinamide-10-txa-4-dark-spot-correcting-serum-30ml\/","title":{"rendered":"ANUA Niacinamide 10% + TXA 4% Dark Spot Correcting Serum (30ml)"},"content":{"rendered":"<p>e Anua Niacinamide 10% + TXA 4% Dark Spot Correcting Serum est un s\u00e9rum puissant con\u00e7u pour r\u00e9duire efficacement les taches sombres et le teint in\u00e9gal. Ce s\u00e9rum combine trois ingr\u00e9dients cl\u00e9s : 10% de Niacinamide, 4% d\u2019Acide Tranexamique (TXA) et 2% d\u2019Arbutine, qui agissent ensemble pour att\u00e9nuer l\u2019hyperpigmentation, les cicatrices post-acn\u00e9iques et les taches solaires.<\/p>\n<p>Avantages :<\/p>\n<ul>\n<li>R\u00e9duit les taches sombres :\u00a0La Niacinamide et le TXA travaillent pour d\u00e9composer la production excessive de m\u00e9lanine et pr\u00e9venir la formation de nouvelles taches sombres.<\/li>\n<li>Uniformise le teint :\u00a0L\u2019Arbutine aide \u00e0 limiter la production de m\u00e9lanine et corrige le teint in\u00e9gal.<\/li>\n<li>Hydrate et renforce la barri\u00e8re cutan\u00e9e :\u00a0Le s\u00e9rum est enrichi en c\u00e9ramides et en acide hyaluronique qui hydratent et prot\u00e8gent la peau, donnant un teint plus lisse et plus radieux.<\/li>\n<\/ul>\n<p>Comment l&#8217;Utiliser :\u00a0Appliquez quelques gouttes sur les zones affect\u00e9es ou sur tout le visage. Utilisez matin et soir avant la cr\u00e8me hydratante. Lors d\u2019une utilisation le matin, appliquez toujours un \u00e9cran solaire avec un SPF 30 ou plus pour prot\u00e9ger la peau contre d\u2019autres dommages caus\u00e9s par le soleil.<\/p>\n<p>&nbsp;<\/p>\n","protected":false},"excerpt":{"rendered":"<p>e Anua Niacinamide 10% + TXA 4% Dark Spot Correcting Serum est un s\u00e9rum puissant con\u00e7u pour r\u00e9duire efficacement les&#8230;<\/p>\n","protected":false},"featured_media":9595,"comment_status":"open","ping_status":"closed","template":"","meta":[],"product_brand":[],"product_cat":[45],"product_tag":[],"class_list":{"0":"post-113","1":"product","2":"type-product","3":"status-publish","4":"has-post-thumbnail","6":"product_cat-en-stock","8":"first","9":"instock","10":"sale","11":"taxable","12":"shipping-taxable","13":"purchasable","14":"product-type-simple"},"_links":{"self":[{"href":"https:\/\/lopeskincar.shop\/index.php\/wp-json\/wp\/v2\/product\/113","targetHints":{"allow":["GET"]}}],"collection":[{"href":"https:\/\/lopeskincar.shop\/index.php\/wp-json\/wp\/v2\/product"}],"about":[{"href":"https:\/\/lopeskincar.shop\/index.php\/wp-json\/wp\/v2\/types\/product"}],"replies":[{"embeddable":true,"href":"https:\/\/lopeskincar.shop\/index.php\/wp-json\/wp\/v2\/comments?post=113"}],"wp:featuredmedia":[{"embeddable":true,"href":"https:\/\/lopeskincar.shop\/index.php\/wp-json\/wp\/v2\/media\/9595"}],"wp:attachment":[{"href":"https:\/\/lopeskincar.shop\/index.php\/wp-json\/wp\/v2\/media?parent=113"}],"wp:term":[{"taxonomy":"product_brand","embeddable":true,"href":"https:\/\/lopeskincar.shop\/index.php\/wp-json\/wp\/v2\/product_brand?post=113"},{"taxonomy":"product_cat","embeddable":true,"href":"https:\/\/lopeskincar.shop\/index.php\/wp-json\/wp\/v2\/product_cat?post=113"},{"taxonomy":"product_tag","embeddable":true,"href":"https:\/\/lopeskincar.shop\/index.php\/wp-json\/wp\/v2\/product_tag?post=113"}],"curies":[{"name":"wp","href":"https:\/\/api.w.org\/{rel}","templated":true}]}}