{"id":112,"date":"2018-10-18T02:27:42","date_gmt":"2018-10-18T02:27:42","guid":{"rendered":"https:\/\/woostify.com\/demos\/fashion1\/?post_type=product&#038;p=112"},"modified":"2025-12-30T17:04:48","modified_gmt":"2025-12-30T17:04:48","slug":"medicube-zero-pore-pads-2-0-70pcs","status":"publish","type":"product","link":"https:\/\/lopeskincar.shop\/index.php\/product\/medicube-zero-pore-pads-2-0-70pcs\/","title":{"rendered":"Medicube Zero Pore Pads 2.0 (70pcs)"},"content":{"rendered":"<h2 data-start=\"130\" data-end=\"169\">Medicube Zero Pore Pads 2.0 (70 pcs)<\/h2>\n<p data-start=\"171\" data-end=\"491\">Les <strong data-start=\"175\" data-end=\"206\">Medicube Zero Pore Pads 2.0<\/strong> sont des pads exfoliants et purifiants con\u00e7us pour <strong data-start=\"258\" data-end=\"353\">r\u00e9duire l\u2019apparence des pores, \u00e9liminer l\u2019exc\u00e8s de s\u00e9bum et am\u00e9liorer la texture de la peau<\/strong>. Gr\u00e2ce \u00e0 leur formule enrichie en <strong data-start=\"388\" data-end=\"425\">acides doux et extraits apaisants<\/strong>, ils laissent la peau lisse, nette et \u00e9clatante, sans irritation.<\/p>\n<h3 data-start=\"493\" data-end=\"506\">Bienfaits<\/h3>\n<ul data-start=\"508\" data-end=\"731\">\n<li data-start=\"508\" data-end=\"548\">\n<p data-start=\"510\" data-end=\"548\">R\u00e9duit visiblement les pores dilat\u00e9s<\/p>\n<\/li>\n<li data-start=\"549\" data-end=\"594\">\n<p data-start=\"551\" data-end=\"594\">\u00c9limine les impuret\u00e9s et l\u2019exc\u00e8s de s\u00e9bum<\/p>\n<\/li>\n<li data-start=\"595\" data-end=\"644\">\n<p data-start=\"597\" data-end=\"644\">Exfolie en douceur et affine le grain de peau<\/p>\n<\/li>\n<li data-start=\"645\" data-end=\"674\">\n<p data-start=\"647\" data-end=\"674\">Apaise et hydrate la peau<\/p>\n<\/li>\n<li data-start=\"675\" data-end=\"731\">\n<p data-start=\"677\" data-end=\"731\">Pr\u00e9pare la peau pour l\u2019absorption des soins suivants<\/p>\n<\/li>\n<\/ul>\n<h3 data-start=\"733\" data-end=\"748\">Actifs cl\u00e9s<\/h3>\n<ul data-start=\"750\" data-end=\"1010\">\n<li data-start=\"750\" data-end=\"841\">\n<p data-start=\"752\" data-end=\"841\"><strong data-start=\"752\" data-end=\"793\">Acide glycolique et acide salicylique<\/strong> : exfolient en douceur et purifient les pores<\/p>\n<\/li>\n<li data-start=\"842\" data-end=\"897\">\n<p data-start=\"844\" data-end=\"897\"><strong data-start=\"844\" data-end=\"876\">Extrait de Centella Asiatica<\/strong> : apaise et r\u00e9pare<\/p>\n<\/li>\n<li data-start=\"898\" data-end=\"947\">\n<p data-start=\"900\" data-end=\"947\"><strong data-start=\"900\" data-end=\"915\">Niacinamide<\/strong> : illumine et unifie le teint<\/p>\n<\/li>\n<li data-start=\"948\" data-end=\"1010\">\n<p data-start=\"950\" data-end=\"1010\"><strong data-start=\"950\" data-end=\"973\">Extraits botaniques<\/strong> : nourrissent et prot\u00e8gent la peau<\/p>\n<\/li>\n<\/ul>\n<h3 data-start=\"1012\" data-end=\"1028\">Type de peau<\/h3>\n<p data-start=\"1030\" data-end=\"1085\">Convient \u00e0 <strong data-start=\"1041\" data-end=\"1063\">tous types de peau<\/strong>, particuli\u00e8rement :<\/p>\n<ul data-start=\"1086\" data-end=\"1218\">\n<li data-start=\"1086\" data-end=\"1112\">\n<p data-start=\"1088\" data-end=\"1112\">Peaux mixtes \u00e0 grasses<\/p>\n<\/li>\n<li data-start=\"1113\" data-end=\"1169\">\n<p data-start=\"1115\" data-end=\"1169\">Peaux sujettes aux imperfections et aux points noirs<\/p>\n<\/li>\n<li data-start=\"1170\" data-end=\"1218\">\n<p data-start=\"1172\" data-end=\"1218\">Peaux sensibles (formule douce et apaisante)<\/p>\n<\/li>\n<\/ul>\n<h3 data-start=\"1220\" data-end=\"1242\">Mode d\u2019utilisation<\/h3>\n<ol data-start=\"1244\" data-end=\"1552\">\n<li data-start=\"1244\" data-end=\"1339\">\n<p data-start=\"1247\" data-end=\"1339\">Apr\u00e8s le nettoyage, passez un pad sur l\u2019ensemble du visage en \u00e9vitant le contour des yeux.<\/p>\n<\/li>\n<li data-start=\"1340\" data-end=\"1436\">\n<p data-start=\"1343\" data-end=\"1436\">Laissez agir 1 \u00e0 2 minutes, puis tapotez l\u00e9g\u00e8rement le reste de solution pour l\u2019absorption.<\/p>\n<\/li>\n<li data-start=\"1437\" data-end=\"1493\">\n<p data-start=\"1440\" data-end=\"1493\">Utilisez <strong data-start=\"1449\" data-end=\"1472\">1 \u00e0 2 fois par jour<\/strong>, matin et\/ou soir.<\/p>\n<\/li>\n<li data-start=\"1494\" data-end=\"1552\">\n<p data-start=\"1497\" data-end=\"1552\">Peut \u00eatre suivi d\u2019un s\u00e9rum ou d\u2019une cr\u00e8me hydratante.<\/p>\n<\/li>\n<\/ol>\n<h3 data-start=\"1554\" data-end=\"1568\">Contenance<\/h3>\n<p data-start=\"1570\" data-end=\"1577\">70 pads<\/p>\n","protected":false},"excerpt":{"rendered":"<p>Medicube Zero Pore Pads 2.0 (70 pcs) Les Medicube Zero Pore Pads 2.0 sont des pads exfoliants et purifiants con\u00e7us&#8230;<\/p>\n","protected":false},"featured_media":5325,"comment_status":"open","ping_status":"closed","template":"","meta":[],"product_brand":[],"product_cat":[54],"product_tag":[],"class_list":{"0":"post-112","1":"product","2":"type-product","3":"status-publish","4":"has-post-thumbnail","6":"product_cat-out-stouk","8":"first","9":"outofstock","10":"sale","11":"taxable","12":"shipping-taxable","13":"purchasable","14":"product-type-simple"},"_links":{"self":[{"href":"https:\/\/lopeskincar.shop\/index.php\/wp-json\/wp\/v2\/product\/112","targetHints":{"allow":["GET"]}}],"collection":[{"href":"https:\/\/lopeskincar.shop\/index.php\/wp-json\/wp\/v2\/product"}],"about":[{"href":"https:\/\/lopeskincar.shop\/index.php\/wp-json\/wp\/v2\/types\/product"}],"replies":[{"embeddable":true,"href":"https:\/\/lopeskincar.shop\/index.php\/wp-json\/wp\/v2\/comments?post=112"}],"wp:featuredmedia":[{"embeddable":true,"href":"https:\/\/lopeskincar.shop\/index.php\/wp-json\/wp\/v2\/media\/5325"}],"wp:attachment":[{"href":"https:\/\/lopeskincar.shop\/index.php\/wp-json\/wp\/v2\/media?parent=112"}],"wp:term":[{"taxonomy":"product_brand","embeddable":true,"href":"https:\/\/lopeskincar.shop\/index.php\/wp-json\/wp\/v2\/product_brand?post=112"},{"taxonomy":"product_cat","embeddable":true,"href":"https:\/\/lopeskincar.shop\/index.php\/wp-json\/wp\/v2\/product_cat?post=112"},{"taxonomy":"product_tag","embeddable":true,"href":"https:\/\/lopeskincar.shop\/index.php\/wp-json\/wp\/v2\/product_tag?post=112"}],"curies":[{"name":"wp","href":"https:\/\/api.w.org\/{rel}","templated":true}]}}