{"id":9348,"date":"2025-12-29T19:37:38","date_gmt":"2025-12-29T19:37:38","guid":{"rendered":"https:\/\/lopeskincar.shop\/?page_id=9348"},"modified":"2025-12-29T19:41:49","modified_gmt":"2025-12-29T19:41:49","slug":"a-propos-de-lope-skincare-2","status":"publish","type":"page","link":"https:\/\/lopeskincar.shop\/index.php\/a-propos-de-lope-skincare-2\/","title":{"rendered":"\u00c0 propos de Lop\u00e9 Skincare"},"content":{"rendered":"\t\t<div data-elementor-type=\"wp-post\" data-elementor-id=\"9348\" class=\"elementor elementor-9348\">\n\t\t\t\t<div class=\"elementor-element elementor-element-665375a e-flex e-con-boxed e-con e-parent\" data-id=\"665375a\" data-element_type=\"container\" data-e-type=\"container\">\n\t\t\t\t\t<div class=\"e-con-inner\">\n\t\t\t\t<div class=\"elementor-element elementor-element-277d236 elementor-widget elementor-widget-image\" data-id=\"277d236\" data-element_type=\"widget\" data-e-type=\"widget\" data-widget_type=\"image.default\">\n\t\t\t\t<div class=\"elementor-widget-container\">\n\t\t\t\t\t\t\t\t\t\t\t\t\t\t\t<img fetchpriority=\"high\" decoding=\"async\" width=\"1024\" height=\"85\" src=\"https:\/\/lopeskincar.shop\/wp-content\/uploads\/2025\/12\/Pink-Colorful-Y2K-Moodboard-Instagram-Post-6000-x-1350-\u0628\u064a\u0643\u0633\u0644-6000-x-100-\u0628\u064a\u0643\u0633\u0644-scaled.png\" class=\"attachment-large size-large wp-image-9043\" alt=\"\" \/>\t\t\t\t\t\t\t\t\t\t\t\t\t\t\t<\/div>\n\t\t\t\t<\/div>\n\t\t\t\t<div class=\"elementor-element elementor-element-600ecae elementor-hidden-desktop elementor-widget elementor-widget-image\" data-id=\"600ecae\" data-element_type=\"widget\" data-e-type=\"widget\" data-widget_type=\"image.default\">\n\t\t\t\t<div class=\"elementor-widget-container\">\n\t\t\t\t\t\t\t\t\t\t\t\t\t\t\t<img decoding=\"async\" width=\"576\" height=\"1024\" src=\"https:\/\/lopeskincar.shop\/wp-content\/uploads\/2025\/12\/\u062a\u0635\u0645\u064a\u0645-\u0628\u062f\u0648\u0646-\u0639\u0646\u0648\u0627\u0646-1.png\" class=\"attachment-large size-large wp-image-8203\" alt=\"\" \/>\t\t\t\t\t\t\t\t\t\t\t\t\t\t\t<\/div>\n\t\t\t\t<\/div>\n\t\t\t\t<div class=\"elementor-element elementor-element-eab4ac6 elementor-widget__width-initial elementor-hidden-desktop elementor-widget elementor-widget-text-editor\" data-id=\"eab4ac6\" data-element_type=\"widget\" data-e-type=\"widget\" data-widget_type=\"text-editor.default\">\n\t\t\t\t<div class=\"elementor-widget-container\">\n\t\t\t\t\t\t\t\t\t<p><strong>\u00c0 propos de Lop\u00e9 Skincare<\/strong><\/p><p><!-- \/wp:paragraph --><!-- wp:paragraph --><\/p><p>Bienvenue chez <strong>Lop\u00e9 Skincare<\/strong>, votre destination pour des soins de la peau premium, simples et efficaces !<\/p><p><strong>Notre Mission<\/strong><br \/>Rendre les soins de la peau accessibles et agr\u00e9ables pour tous.<\/p><p><strong>Notre Promesse<\/strong><br \/>Apr\u00e8s avoir servi de nombreux clients satisfaits, nous sommes fiers de notre authenticit\u00e9 et de la confiance que nous avons b\u00e2tie. Tous nos produits sont <strong>100% authentiques<\/strong> et soigneusement s\u00e9lectionn\u00e9s pour apporter le meilleur des soins \u00e0 votre routine.<br \/>Nous savons que naviguer dans le monde des soins de la peau peut parfois sembler compliqu\u00e9 ou d\u00e9routant. C\u2019est pourquoi notre objectif est de rendre l\u2019exp\u00e9rience <strong>facile et agr\u00e9able<\/strong>. Nous sommes une \u00e9quipe de passionn\u00e9s de soins \u2013 alors n\u2019h\u00e9sitez pas \u00e0 nous poser toutes vos questions ! Que vous ayez besoin de recommandations, de conseils ou souhaitiez partager vos retours, contactez-nous \u00e0 <strong><a>skincarelope@gmail.com<\/a><\/strong> ou envoyez-nous un message sur nos r\u00e9seaux sociaux. Parlez-nous comme \u00e0 un ami, nous sommes l\u00e0 pour vous \u00e0 chaque \u00e9tape.<\/p><p>Avec amour,\ud83d\ude0d\u2764\ud83d\udc9c\ud83d\udc99<br \/>Vos amis soins de la peau @ <strong>Lop\u00e9 Skincare<\/strong><\/p><p><!-- \/wp:paragraph --><\/p>\t\t\t\t\t\t\t\t<\/div>\n\t\t\t\t<\/div>\n\t\t\t\t\t<\/div>\n\t\t\t\t<\/div>\n\t\t<div class=\"elementor-element elementor-element-01eed5b e-flex e-con-boxed e-con e-parent\" data-id=\"01eed5b\" data-element_type=\"container\" data-e-type=\"container\">\n\t\t\t\t\t<div class=\"e-con-inner\">\n\t\t<div class=\"elementor-element elementor-element-4e0a06b e-con-full e-flex e-con e-child\" data-id=\"4e0a06b\" data-element_type=\"container\" data-e-type=\"container\">\n\t\t\t\t<div class=\"elementor-element elementor-element-4f78822 elementor-hidden-tablet elementor-hidden-mobile elementor-widget elementor-widget-image\" data-id=\"4f78822\" data-element_type=\"widget\" data-e-type=\"widget\" data-widget_type=\"image.default\">\n\t\t\t\t<div class=\"elementor-widget-container\">\n\t\t\t\t\t\t\t\t\t\t\t\t\t\t\t<img decoding=\"async\" width=\"576\" height=\"1024\" src=\"https:\/\/lopeskincar.shop\/wp-content\/uploads\/2025\/12\/\u062a\u0635\u0645\u064a\u0645-\u0628\u062f\u0648\u0646-\u0639\u0646\u0648\u0627\u0646-1.png\" class=\"attachment-large size-large wp-image-8203\" alt=\"\" \/>\t\t\t\t\t\t\t\t\t\t\t\t\t\t\t<\/div>\n\t\t\t\t<\/div>\n\t\t\t\t<\/div>\n\t\t<div class=\"elementor-element elementor-element-09e9508 e-con-full e-flex e-con e-child\" data-id=\"09e9508\" data-element_type=\"container\" data-e-type=\"container\">\n\t\t\t\t<div class=\"elementor-element elementor-element-945897c elementor-widget-mobile__width-initial elementor-widget__width-initial elementor-hidden-tablet elementor-hidden-mobile elementor-widget elementor-widget-text-editor\" data-id=\"945897c\" data-element_type=\"widget\" data-e-type=\"widget\" data-widget_type=\"text-editor.default\">\n\t\t\t\t<div class=\"elementor-widget-container\">\n\t\t\t\t\t\t\t\t\t<p><strong>\u00c0 propos de Lop\u00e9 Skincare<\/strong><\/p><p><!-- \/wp:paragraph --><!-- wp:paragraph --><\/p><p>Bienvenue chez <strong>Lop\u00e9 Skincare<\/strong>, votre destination pour des soins de la peau premium, simples et efficaces !<\/p><p><strong>Notre Mission<\/strong><br \/>Rendre les soins de la peau accessibles et agr\u00e9ables pour tous.<\/p><p><strong>Notre Promesse<\/strong><br \/>Apr\u00e8s avoir servi de nombreux clients satisfaits, nous sommes fiers de notre authenticit\u00e9 et de la confiance que nous avons b\u00e2tie. Tous nos produits sont <strong>100% authentiques<\/strong> et soigneusement s\u00e9lectionn\u00e9s pour apporter le meilleur des soins \u00e0 votre routine.<br \/>Nous savons que naviguer dans le monde des soins de la peau peut parfois sembler compliqu\u00e9 ou d\u00e9routant. C\u2019est pourquoi notre objectif est de rendre l\u2019exp\u00e9rience <strong>facile et agr\u00e9able<\/strong>. Nous sommes une \u00e9quipe de passionn\u00e9s de soins \u2013 alors n\u2019h\u00e9sitez pas \u00e0 nous poser toutes vos questions ! Que vous ayez besoin de recommandations, de conseils ou souhaitiez partager vos retours, contactez-nous \u00e0 <strong><a>skincarelope@gmail.com<\/a><\/strong> ou envoyez-nous un message sur nos r\u00e9seaux sociaux. Parlez-nous comme \u00e0 un ami, nous sommes l\u00e0 pour vous \u00e0 chaque \u00e9tape.<\/p><p>Avec amour,\ud83d\udc9b\ud83d\udc9a\ud83d\udc99\ud83d\ude18\ud83d\ude0d<br \/>Vos amis soins de la peau @ <strong>Lop\u00e9 Skincare<\/strong><\/p>\t\t\t\t\t\t\t\t<\/div>\n\t\t\t\t<\/div>\n\t\t\t\t<\/div>\n\t\t\t\t\t<\/div>\n\t\t\t\t<\/div>\n\t\t<div class=\"elementor-element elementor-element-9010713 e-flex e-con-boxed e-con e-parent\" data-id=\"9010713\" data-element_type=\"container\" data-e-type=\"container\">\n\t\t\t\t\t<div class=\"e-con-inner\">\n\t\t\t\t<div class=\"elementor-element elementor-element-25ec343 elementor-widget elementor-widget-image\" data-id=\"25ec343\" data-element_type=\"widget\" data-e-type=\"widget\" data-widget_type=\"image.default\">\n\t\t\t\t<div class=\"elementor-widget-container\">\n\t\t\t\t\t\t\t\t\t\t\t\t\t\t\t<img fetchpriority=\"high\" decoding=\"async\" width=\"1024\" height=\"85\" src=\"https:\/\/lopeskincar.shop\/wp-content\/uploads\/2025\/12\/Pink-Colorful-Y2K-Moodboard-Instagram-Post-6000-x-1350-\u0628\u064a\u0643\u0633\u0644-6000-x-100-\u0628\u064a\u0643\u0633\u0644-scaled.png\" class=\"attachment-large size-large wp-image-9043\" alt=\"\" \/>\t\t\t\t\t\t\t\t\t\t\t\t\t\t\t<\/div>\n\t\t\t\t<\/div>\n\t\t\t\t\t<\/div>\n\t\t\t\t<\/div>\n\t\t\t\t<\/div>\n\t\t","protected":false},"excerpt":{"rendered":"<p>\u00c0 propos de Lop\u00e9 Skincare Bienvenue chez Lop\u00e9 Skincare, votre destination pour des soins de la peau premium, simples et&#8230;<\/p>\n","protected":false},"author":1,"featured_media":0,"parent":0,"menu_order":0,"comment_status":"closed","ping_status":"closed","template":"","meta":{"footnotes":""},"class_list":["post-9348","page","type-page","status-publish","hentry"],"_links":{"self":[{"href":"https:\/\/lopeskincar.shop\/index.php\/wp-json\/wp\/v2\/pages\/9348","targetHints":{"allow":["GET"]}}],"collection":[{"href":"https:\/\/lopeskincar.shop\/index.php\/wp-json\/wp\/v2\/pages"}],"about":[{"href":"https:\/\/lopeskincar.shop\/index.php\/wp-json\/wp\/v2\/types\/page"}],"author":[{"embeddable":true,"href":"https:\/\/lopeskincar.shop\/index.php\/wp-json\/wp\/v2\/users\/1"}],"replies":[{"embeddable":true,"href":"https:\/\/lopeskincar.shop\/index.php\/wp-json\/wp\/v2\/comments?post=9348"}],"version-history":[{"count":0,"href":"https:\/\/lopeskincar.shop\/index.php\/wp-json\/wp\/v2\/pages\/9348\/revisions"}],"wp:attachment":[{"href":"https:\/\/lopeskincar.shop\/index.php\/wp-json\/wp\/v2\/media?parent=9348"}],"curies":[{"name":"wp","href":"https:\/\/api.w.org\/{rel}","templated":true}]}}