{"id":9314,"date":"2025-12-29T18:49:35","date_gmt":"2025-12-29T18:49:35","guid":{"rendered":"https:\/\/lopeskincar.shop\/?page_id=9314"},"modified":"2025-12-29T19:15:48","modified_gmt":"2025-12-29T19:15:48","slug":"hom-copy-copy-copy","status":"publish","type":"page","link":"https:\/\/lopeskincar.shop\/index.php\/hom-copy-copy-copy\/","title":{"rendered":"HOM &#8211; Copy &#8211; Copy &#8211; Copy"},"content":{"rendered":"\t\t<div data-elementor-type=\"wp-post\" data-elementor-id=\"9314\" class=\"elementor elementor-9314\">\n\t\t\t\t<div class=\"elementor-element elementor-element-665375a e-flex e-con-boxed e-con e-parent\" data-id=\"665375a\" data-element_type=\"container\" data-e-type=\"container\">\n\t\t\t\t\t<div class=\"e-con-inner\">\n\t\t\t\t<div class=\"elementor-element elementor-element-277d236 elementor-widget elementor-widget-image\" data-id=\"277d236\" data-element_type=\"widget\" data-e-type=\"widget\" data-widget_type=\"image.default\">\n\t\t\t\t<div class=\"elementor-widget-container\">\n\t\t\t\t\t\t\t\t\t\t\t\t\t\t\t<img fetchpriority=\"high\" decoding=\"async\" width=\"1024\" height=\"85\" src=\"https:\/\/lopeskincar.shop\/wp-content\/uploads\/2025\/12\/Pink-Colorful-Y2K-Moodboard-Instagram-Post-6000-x-1350-\u0628\u064a\u0643\u0633\u0644-6000-x-100-\u0628\u064a\u0643\u0633\u0644-scaled.png\" class=\"attachment-large size-large wp-image-9043\" alt=\"\" \/>\t\t\t\t\t\t\t\t\t\t\t\t\t\t\t<\/div>\n\t\t\t\t<\/div>\n\t\t\t\t<div class=\"elementor-element elementor-element-eab94f5 elementor-hidden-desktop elementor-widget elementor-widget-image\" data-id=\"eab94f5\" data-element_type=\"widget\" data-e-type=\"widget\" data-widget_type=\"image.default\">\n\t\t\t\t<div class=\"elementor-widget-container\">\n\t\t\t\t\t\t\t\t\t\t\t\t\t\t\t<img decoding=\"async\" width=\"369\" height=\"1024\" src=\"https:\/\/lopeskincar.shop\/wp-content\/uploads\/2025\/12\/\u062f\u0648\u0646-\u0639\u0646\u0648\u0627\u0646-1080-x-1600-\u0628\u064a\u0643\u0633\u0644-1080-x-2000-\u0628\u064a\u0643\u0633\u0644-1080-x-6000-\u0628\u064a\u0643\u0633\u0644-1080-x-4000-\u0628\u064a\u0643\u0633\u0644-1080-x-3000-\u0628\u064a\u0643\u0633\u0644-scaled.png\" class=\"attachment-large size-large wp-image-8278\" alt=\"\" \/>\t\t\t\t\t\t\t\t\t\t\t\t\t\t\t<\/div>\n\t\t\t\t<\/div>\n\t\t\t\t\t<\/div>\n\t\t\t\t<\/div>\n\t\t<div class=\"elementor-element elementor-element-9010713 e-flex e-con-boxed e-con e-parent\" data-id=\"9010713\" data-element_type=\"container\" data-e-type=\"container\">\n\t\t\t\t\t<div class=\"e-con-inner\">\n\t\t\t\t<div class=\"elementor-element elementor-element-d65314f elementor-widget__width-initial elementor-widget-mobile__width-initial elementor-widget-tablet__width-initial elementor-hidden-desktop elementor-widget elementor-widget-text-editor\" data-id=\"d65314f\" data-element_type=\"widget\" data-e-type=\"widget\" data-widget_type=\"text-editor.default\">\n\t\t\t\t<div class=\"elementor-widget-container\">\n\t\t\t\t\t\t\t\t\t<h2><span data-start=\"158\" data-end=\"213\"><b>Politique de Confidentialit\u00e9 \u2013 Lope Skincare Korean<\/b><\/span><\/h2><p data-start=\"215\" data-end=\"427\">Bienvenue sur la boutique <strong data-start=\"241\" data-end=\"265\">Lope Skincare Korean<\/strong>. Cette politique explique comment nous collectons, utilisons et prot\u00e9geons vos informations personnelles lorsque vous utilisez notre site ou passez une commande.<\/p><hr data-start=\"429\" data-end=\"432\" \/><h2><strong data-start=\"438\" data-end=\"474\">Informations que nous collectons<\/strong><\/h2><p data-start=\"476\" data-end=\"579\">Lorsque vous passez une commande ou nous contactez, nous pouvons collecter les informations suivantes :<\/p><ul data-start=\"581\" data-end=\"724\"><li data-start=\"581\" data-end=\"596\"><p data-start=\"583\" data-end=\"596\">Nom complet<\/p><\/li><li data-start=\"597\" data-end=\"620\"><p data-start=\"599\" data-end=\"620\">Num\u00e9ro de t\u00e9l\u00e9phone<\/p><\/li><li data-start=\"621\" data-end=\"645\"><p data-start=\"623\" data-end=\"645\">Adresse de livraison<\/p><\/li><li data-start=\"646\" data-end=\"655\"><p data-start=\"648\" data-end=\"655\">Ville<\/p><\/li><li data-start=\"656\" data-end=\"679\"><p data-start=\"658\" data-end=\"679\">M\u00e9thode de paiement<\/p><\/li><li data-start=\"680\" data-end=\"724\"><p data-start=\"682\" data-end=\"724\">Message ou demande que vous nous envoyez<\/p><\/li><\/ul><p data-start=\"726\" data-end=\"810\">Nous ne collectons que les informations n\u00e9cessaires au traitement de votre commande.<\/p><hr data-start=\"812\" data-end=\"815\" \/><h2><strong data-start=\"821\" data-end=\"867\">Pourquoi utilisons-nous ces informations ?<\/strong><\/h2><p data-start=\"869\" data-end=\"907\">Nous utilisons vos informations pour :<\/p><ul data-start=\"909\" data-end=\"1135\"><li data-start=\"909\" data-end=\"947\"><p data-start=\"911\" data-end=\"947\">Confirmer et livrer votre commande<\/p><\/li><li data-start=\"948\" data-end=\"1011\"><p data-start=\"950\" data-end=\"1011\">Vous contacter en cas de probl\u00e8me concernant votre commande<\/p><\/li><li data-start=\"1012\" data-end=\"1039\"><p data-start=\"1014\" data-end=\"1039\">Am\u00e9liorer notre service<\/p><\/li><li data-start=\"1040\" data-end=\"1135\"><p data-start=\"1042\" data-end=\"1135\">Vous envoyer des offres ou informations sur nos nouveaux produits (si vous y avez consenti)<\/p><\/li><\/ul><hr data-start=\"1137\" data-end=\"1140\" \/><h2><span data-start=\"1146\" data-end=\"1177\"><b>Protection des informations<\/b><\/span><\/h2><p data-start=\"1179\" data-end=\"1367\">Nous respectons votre vie priv\u00e9e et utilisons des moyens s\u00e9curis\u00e9s pour prot\u00e9ger vos donn\u00e9es.<br data-start=\"1272\" data-end=\"1275\" \/>Nous ne partageons pas vos informations avec des tiers, sauf avec les soci\u00e9t\u00e9s de livraison.<\/p><hr data-start=\"1369\" data-end=\"1372\" \/><h2><span data-start=\"1378\" data-end=\"1406\"><b>Partage des informations<\/b><\/span><\/h2><p data-start=\"1408\" data-end=\"1465\">Vos informations peuvent \u00eatre partag\u00e9es uniquement avec :<\/p><ul data-start=\"1467\" data-end=\"1529\"><li data-start=\"1467\" data-end=\"1529\"><p data-start=\"1469\" data-end=\"1529\">Le service de livraison (pour vous envoyer votre commande)<\/p><\/li><\/ul><p data-start=\"1531\" data-end=\"1615\">Nous ne vendons ni ne partageons vos donn\u00e9es avec d\u2019autres entreprises commerciales.<\/p><hr data-start=\"1617\" data-end=\"1620\" \/><h2><span data-start=\"1626\" data-end=\"1637\"><b>Cookies<\/b><\/span><\/h2><p data-start=\"1639\" data-end=\"1682\">Notre site peut utiliser des cookies pour:<\/p><ul data-start=\"1684\" data-end=\"1755\"><li data-start=\"1684\" data-end=\"1712\"><p data-start=\"1686\" data-end=\"1712\">Enregistrer votre panier<\/p><\/li><li data-start=\"1713\" data-end=\"1755\"><p data-start=\"1715\" data-end=\"1755\">Am\u00e9liorer votre exp\u00e9rience sur le site<\/p><\/li><\/ul><p data-start=\"1757\" data-end=\"1825\">Ces cookies ne collectent pas d\u2019informations personnelles sensibles.<\/p><hr data-start=\"1827\" data-end=\"1830\" \/><h2><strong data-start=\"1836\" data-end=\"1850\">Vos droits<\/strong><\/h2><p data-start=\"1852\" data-end=\"1875\">Vous avez le droit de :<\/p><ul data-start=\"1877\" data-end=\"2038\"><li data-start=\"1877\" data-end=\"1928\"><p data-start=\"1879\" data-end=\"1928\">Savoir quelles informations nous avons sur vous<\/p><\/li><li data-start=\"1929\" data-end=\"1990\"><p data-start=\"1931\" data-end=\"1990\">Demander la modification ou la suppression de vos donn\u00e9es<\/p><\/li><li data-start=\"1991\" data-end=\"2038\"><p data-start=\"1993\" data-end=\"2038\">Refuser de recevoir des offres commerciales<\/p><\/li><\/ul><p data-start=\"2040\" data-end=\"2135\">Vous pouvez nous contacter via <strong data-start=\"2071\" data-end=\"2083\">WhatsApp<\/strong> ou <strong data-start=\"2087\" data-end=\"2100\">Instagram<\/strong>, et nous traiterons votre demande.<\/p><hr data-start=\"2137\" data-end=\"2140\" \/><h2><span data-start=\"2146\" data-end=\"2196\"><b>Mise \u00e0 jour de la politique de confidentialit\u00e9<\/b><\/span><\/h2><p data-start=\"2198\" data-end=\"2311\">Nous pouvons mettre \u00e0 jour cette politique de temps en temps. Toute nouvelle version sera publi\u00e9e sur notre site.<\/p>\t\t\t\t\t\t\t\t<\/div>\n\t\t\t\t<\/div>\n\t\t\t\t\t<\/div>\n\t\t\t\t<\/div>\n\t\t<div class=\"elementor-element elementor-element-1a7a54c e-flex e-con-boxed e-con e-parent\" data-id=\"1a7a54c\" data-element_type=\"container\" data-e-type=\"container\">\n\t\t\t\t\t<div class=\"e-con-inner\">\n\t\t<div class=\"elementor-element elementor-element-860548e e-con-full e-flex e-con e-child\" data-id=\"860548e\" data-element_type=\"container\" data-e-type=\"container\">\n\t\t\t\t<div class=\"elementor-element elementor-element-cb6fb91 elementor-widget__width-initial elementor-widget-mobile__width-initial elementor-hidden-tablet elementor-hidden-mobile elementor-widget elementor-widget-text-editor\" data-id=\"cb6fb91\" data-element_type=\"widget\" data-e-type=\"widget\" data-widget_type=\"text-editor.default\">\n\t\t\t\t<div class=\"elementor-widget-container\">\n\t\t\t\t\t\t\t\t\t<h2><span data-start=\"158\" data-end=\"213\"><b>Politique de Confidentialit\u00e9 \u2013 Lope Skincare Korean<\/b><\/span><\/h2><p data-start=\"215\" data-end=\"427\">Bienvenue sur la boutique <strong data-start=\"241\" data-end=\"265\">Lope Skincare Korean<\/strong>. Cette politique explique comment nous collectons, utilisons et prot\u00e9geons vos informations personnelles lorsque vous utilisez notre site ou passez une commande.<\/p><hr data-start=\"429\" data-end=\"432\" \/><h2><strong data-start=\"438\" data-end=\"474\">Informations que nous collectons<\/strong><\/h2><p data-start=\"476\" data-end=\"579\">Lorsque vous passez une commande ou nous contactez, nous pouvons collecter les informations suivantes :<\/p><ul data-start=\"581\" data-end=\"724\"><li data-start=\"581\" data-end=\"596\"><p data-start=\"583\" data-end=\"596\">Nom complet<\/p><\/li><li data-start=\"597\" data-end=\"620\"><p data-start=\"599\" data-end=\"620\">Num\u00e9ro de t\u00e9l\u00e9phone<\/p><\/li><li data-start=\"621\" data-end=\"645\"><p data-start=\"623\" data-end=\"645\">Adresse de livraison<\/p><\/li><li data-start=\"646\" data-end=\"655\"><p data-start=\"648\" data-end=\"655\">Ville<\/p><\/li><li data-start=\"656\" data-end=\"679\"><p data-start=\"658\" data-end=\"679\">M\u00e9thode de paiement<\/p><\/li><li data-start=\"680\" data-end=\"724\"><p data-start=\"682\" data-end=\"724\">Message ou demande que vous nous envoyez<\/p><\/li><\/ul><p data-start=\"726\" data-end=\"810\">Nous ne collectons que les informations n\u00e9cessaires au traitement de votre commande.<\/p><hr data-start=\"812\" data-end=\"815\" \/><h2><strong data-start=\"821\" data-end=\"867\">Pourquoi utilisons-nous ces informations ?<\/strong><\/h2><p data-start=\"869\" data-end=\"907\">Nous utilisons vos informations pour :<\/p><ul data-start=\"909\" data-end=\"1135\"><li data-start=\"909\" data-end=\"947\"><p data-start=\"911\" data-end=\"947\">Confirmer et livrer votre commande<\/p><\/li><li data-start=\"948\" data-end=\"1011\"><p data-start=\"950\" data-end=\"1011\">Vous contacter en cas de probl\u00e8me concernant votre commande<\/p><\/li><li data-start=\"1012\" data-end=\"1039\"><p data-start=\"1014\" data-end=\"1039\">Am\u00e9liorer notre service<\/p><\/li><li data-start=\"1040\" data-end=\"1135\"><p data-start=\"1042\" data-end=\"1135\">Vous envoyer des offres ou informations sur nos nouveaux produits (si vous y avez consenti)<\/p><\/li><\/ul><hr data-start=\"1137\" data-end=\"1140\" \/><h2><span data-start=\"1146\" data-end=\"1177\"><b>Protection des informations<\/b><\/span><\/h2><p data-start=\"1179\" data-end=\"1367\">Nous respectons votre vie priv\u00e9e et utilisons des moyens s\u00e9curis\u00e9s pour prot\u00e9ger vos donn\u00e9es.<br data-start=\"1272\" data-end=\"1275\" \/>Nous ne partageons pas vos informations avec des tiers, sauf avec les soci\u00e9t\u00e9s de livraison.<\/p><hr data-start=\"1369\" data-end=\"1372\" \/><h2><span data-start=\"1378\" data-end=\"1406\"><b>Partage des informations<\/b><\/span><\/h2><p data-start=\"1408\" data-end=\"1465\">Vos informations peuvent \u00eatre partag\u00e9es uniquement avec :<\/p><ul data-start=\"1467\" data-end=\"1529\"><li data-start=\"1467\" data-end=\"1529\"><p data-start=\"1469\" data-end=\"1529\">Le service de livraison (pour vous envoyer votre commande)<\/p><\/li><\/ul><p data-start=\"1531\" data-end=\"1615\">Nous ne vendons ni ne partageons vos donn\u00e9es avec d\u2019autres entreprises commerciales.<\/p><hr data-start=\"1617\" data-end=\"1620\" \/><h2><span data-start=\"1626\" data-end=\"1637\"><b>Cookies<\/b><\/span><\/h2><p data-start=\"1639\" data-end=\"1682\">Notre site peut utiliser des cookies pour:<\/p><ul data-start=\"1684\" data-end=\"1755\"><li data-start=\"1684\" data-end=\"1712\"><p data-start=\"1686\" data-end=\"1712\">Enregistrer votre panier<\/p><\/li><li data-start=\"1713\" data-end=\"1755\"><p data-start=\"1715\" data-end=\"1755\">Am\u00e9liorer votre exp\u00e9rience sur le site<\/p><\/li><\/ul><p data-start=\"1757\" data-end=\"1825\">Ces cookies ne collectent pas d\u2019informations personnelles sensibles.<\/p><hr data-start=\"1827\" data-end=\"1830\" \/><h2><strong data-start=\"1836\" data-end=\"1850\">Vos droits<\/strong><\/h2><p data-start=\"1852\" data-end=\"1875\">Vous avez le droit de :<\/p><ul data-start=\"1877\" data-end=\"2038\"><li data-start=\"1877\" data-end=\"1928\"><p data-start=\"1879\" data-end=\"1928\">Savoir quelles informations nous avons sur vous<\/p><\/li><li data-start=\"1929\" data-end=\"1990\"><p data-start=\"1931\" data-end=\"1990\">Demander la modification ou la suppression de vos donn\u00e9es<\/p><\/li><li data-start=\"1991\" data-end=\"2038\"><p data-start=\"1993\" data-end=\"2038\">Refuser de recevoir des offres commerciales<\/p><\/li><\/ul><p data-start=\"2040\" data-end=\"2135\">Vous pouvez nous contacter via <strong data-start=\"2071\" data-end=\"2083\">WhatsApp<\/strong> ou <strong data-start=\"2087\" data-end=\"2100\">Instagram<\/strong>, et nous traiterons votre demande.<\/p><hr data-start=\"2137\" data-end=\"2140\" \/><h2><span data-start=\"2146\" data-end=\"2196\"><b>Mise \u00e0 jour de la politique de confidentialit\u00e9<\/b><\/span><\/h2><p data-start=\"2198\" data-end=\"2311\">Nous pouvons mettre \u00e0 jour cette politique de temps en temps. Toute nouvelle version sera publi\u00e9e sur notre site.<\/p>\t\t\t\t\t\t\t\t<\/div>\n\t\t\t\t<\/div>\n\t\t\t\t<\/div>\n\t\t<div class=\"elementor-element elementor-element-2124517 e-con-full e-flex e-con e-child\" data-id=\"2124517\" data-element_type=\"container\" data-e-type=\"container\">\n\t\t\t\t<div class=\"elementor-element elementor-element-d048cb7 elementor-hidden-tablet elementor-hidden-mobile elementor-widget elementor-widget-image\" data-id=\"d048cb7\" data-element_type=\"widget\" data-e-type=\"widget\" data-widget_type=\"image.default\">\n\t\t\t\t<div class=\"elementor-widget-container\">\n\t\t\t\t\t\t\t\t\t\t\t\t\t\t\t<img decoding=\"async\" width=\"369\" height=\"1024\" src=\"https:\/\/lopeskincar.shop\/wp-content\/uploads\/2025\/12\/\u062f\u0648\u0646-\u0639\u0646\u0648\u0627\u0646-1080-x-1600-\u0628\u064a\u0643\u0633\u0644-1080-x-2000-\u0628\u064a\u0643\u0633\u0644-1080-x-6000-\u0628\u064a\u0643\u0633\u0644-1080-x-4000-\u0628\u064a\u0643\u0633\u0644-1080-x-3000-\u0628\u064a\u0643\u0633\u0644-scaled.png\" class=\"attachment-large size-large wp-image-8278\" alt=\"\" \/>\t\t\t\t\t\t\t\t\t\t\t\t\t\t\t<\/div>\n\t\t\t\t<\/div>\n\t\t\t\t<\/div>\n\t\t\t\t\t<\/div>\n\t\t\t\t<\/div>\n\t\t\t\t<\/div>\n\t\t","protected":false},"excerpt":{"rendered":"<p>Politique de Confidentialit\u00e9 \u2013 Lope Skincare Korean Bienvenue sur la boutique Lope Skincare Korean. Cette politique explique comment nous collectons,&#8230;<\/p>\n","protected":false},"author":1,"featured_media":0,"parent":0,"menu_order":0,"comment_status":"closed","ping_status":"closed","template":"","meta":{"footnotes":""},"class_list":["post-9314","page","type-page","status-publish","hentry"],"_links":{"self":[{"href":"https:\/\/lopeskincar.shop\/index.php\/wp-json\/wp\/v2\/pages\/9314","targetHints":{"allow":["GET"]}}],"collection":[{"href":"https:\/\/lopeskincar.shop\/index.php\/wp-json\/wp\/v2\/pages"}],"about":[{"href":"https:\/\/lopeskincar.shop\/index.php\/wp-json\/wp\/v2\/types\/page"}],"author":[{"embeddable":true,"href":"https:\/\/lopeskincar.shop\/index.php\/wp-json\/wp\/v2\/users\/1"}],"replies":[{"embeddable":true,"href":"https:\/\/lopeskincar.shop\/index.php\/wp-json\/wp\/v2\/comments?post=9314"}],"version-history":[{"count":0,"href":"https:\/\/lopeskincar.shop\/index.php\/wp-json\/wp\/v2\/pages\/9314\/revisions"}],"wp:attachment":[{"href":"https:\/\/lopeskincar.shop\/index.php\/wp-json\/wp\/v2\/media?parent=9314"}],"curies":[{"name":"wp","href":"https:\/\/api.w.org\/{rel}","templated":true}]}}