{"id":8732,"date":"2025-12-09T13:46:55","date_gmt":"2025-12-09T13:46:55","guid":{"rendered":"https:\/\/lopeskincar.shop\/?page_id=8732"},"modified":"2025-12-14T14:11:15","modified_gmt":"2025-12-14T14:11:15","slug":"cest-quoi-la-difference-entre-spf-et-pa-dans-une-creme-solaire-copy-copy-2","status":"publish","type":"page","link":"https:\/\/lopeskincar.shop\/index.php\/cest-quoi-la-difference-entre-spf-et-pa-dans-une-creme-solaire-copy-copy-2\/","title":{"rendered":"C\u2019est quoi la diff\u00e9rence entre SPF et PA dans une cr\u00e8me solaire ? &#8211; Copy &#8211; Copy"},"content":{"rendered":"\t\t<div data-elementor-type=\"wp-page\" data-elementor-id=\"8732\" class=\"elementor elementor-8732\">\n\t\t\t\t<div class=\"elementor-element elementor-element-43d1c2f e-con-full e-flex e-con e-parent\" data-id=\"43d1c2f\" data-element_type=\"container\" data-e-type=\"container\">\n\t\t\t\t<div class=\"elementor-element elementor-element-08ffd66 elementor-widget__width-initial elementor-widget elementor-widget-image\" data-id=\"08ffd66\" data-element_type=\"widget\" data-e-type=\"widget\" data-widget_type=\"image.default\">\n\t\t\t\t<div class=\"elementor-widget-container\">\n\t\t\t\t\t\t\t\t\t\t\t\t\t\t\t<img fetchpriority=\"high\" decoding=\"async\" width=\"1024\" height=\"181\" src=\"https:\/\/lopeskincar.shop\/wp-content\/uploads\/2025\/12\/6000-2.png\" class=\"attachment-large size-large wp-image-8765\" alt=\"\" \/>\t\t\t\t\t\t\t\t\t\t\t\t\t\t\t<\/div>\n\t\t\t\t<\/div>\n\t\t\t\t<\/div>\n\t\t<div class=\"elementor-element elementor-element-32e299d e-con-full e-flex e-con e-parent\" data-id=\"32e299d\" data-element_type=\"container\" data-e-type=\"container\">\n\t\t<div class=\"elementor-element elementor-element-67c5260 e-con-full e-flex e-con e-child\" data-id=\"67c5260\" data-element_type=\"container\" data-e-type=\"container\">\n\t\t\t\t<div class=\"elementor-element elementor-element-584e403 elementor-widget__width-initial elementor-widget elementor-widget-heading\" data-id=\"584e403\" data-element_type=\"widget\" data-e-type=\"widget\" data-widget_type=\"heading.default\">\n\t\t\t\t<div class=\"elementor-widget-container\">\n\t\t\t\t\t<h2 class=\"elementor-heading-title elementor-size-default\">\ud83d\udd25 Cr\u00e8me Contour des Yeux Beauty of Joseon : Le Soin Cor\u00e9en qui Illumine le Regard<\/h2>\t\t\t\t<\/div>\n\t\t\t\t<\/div>\n\t\t\t\t<div class=\"elementor-element elementor-element-34341b1 elementor-widget__width-initial elementor-widget elementor-widget-text-editor\" data-id=\"34341b1\" data-element_type=\"widget\" data-e-type=\"widget\" data-widget_type=\"text-editor.default\">\n\t\t\t\t<div class=\"elementor-widget-container\">\n\t\t\t\t\t\t\t\t\t<p>Parmi les marques cor\u00e9ennes les plus appr\u00e9ci\u00e9es, <strong data-start=\"2869\" data-end=\"2889\">Beauty of Joseon<\/strong> occupe une place sp\u00e9ciale gr\u00e2ce \u00e0 ses formules inspir\u00e9es de la m\u00e9decine traditionnelle cor\u00e9enne, associ\u00e9es \u00e0 une cosm\u00e9tique moderne et efficace. Leur cr\u00e8me\/serum pour le contour des yeux <strong data-start=\"3077\" data-end=\"3118\">\u201cRevive Eye Serum: Ginseng + Retinal\u201d<\/strong> est aujourd\u2019hui l\u2019un des meilleurs soins pour r\u00e9duire les cernes, lisser les ridules et revitaliser totalement le regard.<\/p>\t\t\t\t\t\t\t\t<\/div>\n\t\t\t\t<\/div>\n\t\t<div class=\"elementor-element elementor-element-b5224d9 e-con-full e-flex e-con e-child\" data-id=\"b5224d9\" data-element_type=\"container\" data-e-type=\"container\">\n\t\t\t\t<div class=\"elementor-element elementor-element-7b5289e elementor-widget elementor-widget-heading\" data-id=\"7b5289e\" data-element_type=\"widget\" data-e-type=\"widget\" data-widget_type=\"heading.default\">\n\t\t\t\t<div class=\"elementor-widget-container\">\n\t\t\t\t\t<h2 class=\"elementor-heading-title elementor-size-default\">\ud83d\udd39 Une formule puissante et bien pens\u00e9e\n<\/h2>\t\t\t\t<\/div>\n\t\t\t\t<\/div>\n\t\t\t\t<div class=\"elementor-element elementor-element-2f6623c elementor-widget elementor-widget-heading\" data-id=\"2f6623c\" data-element_type=\"widget\" data-e-type=\"widget\" data-widget_type=\"heading.default\">\n\t\t\t\t<div class=\"elementor-widget-container\">\n\t\t\t\t\t<h2 class=\"elementor-heading-title elementor-size-default\">\u2728 1. Le r\u00e9tinal (0.1%)<\/h2>\t\t\t\t<\/div>\n\t\t\t\t<\/div>\n\t\t\t\t<div class=\"elementor-element elementor-element-29ef90f elementor-widget elementor-widget-text-editor\" data-id=\"29ef90f\" data-element_type=\"widget\" data-e-type=\"widget\" data-widget_type=\"text-editor.default\">\n\t\t\t\t<div class=\"elementor-widget-container\">\n\t\t\t\t\t\t\t\t\t<p data-start=\"3326\" data-end=\"3485\">Plus efficace que le r\u00e9tinol classique, le r\u00e9tinal acc\u00e9l\u00e8re la r\u00e9g\u00e9n\u00e9ration cellulaire, stimule le collag\u00e8ne et am\u00e9liore la texture de la peau.<br data-start=\"3469\" data-end=\"3472\" \/>Il agit sur :<\/p><ul data-start=\"3486\" data-end=\"3558\"><li data-start=\"3486\" data-end=\"3501\"><p data-start=\"3488\" data-end=\"3501\">Les ridules<\/p><\/li><li data-start=\"3502\" data-end=\"3525\"><p data-start=\"3504\" data-end=\"3525\">La perte de fermet\u00e9<\/p><\/li><li data-start=\"3526\" data-end=\"3558\"><p data-start=\"3528\" data-end=\"3558\">Le teint terne sous les yeux<\/p><\/li><\/ul>\t\t\t\t\t\t\t\t<\/div>\n\t\t\t\t<\/div>\n\t\t\t\t<\/div>\n\t\t\t\t<\/div>\n\t\t<div class=\"elementor-element elementor-element-4dcdec3 e-con-full e-flex e-con e-child\" data-id=\"4dcdec3\" data-element_type=\"container\" data-e-type=\"container\">\n\t\t\t\t<div class=\"elementor-element elementor-element-c8e8182 elementor-widget__width-initial elementor-widget elementor-widget-image\" data-id=\"c8e8182\" data-element_type=\"widget\" data-e-type=\"widget\" data-widget_type=\"image.default\">\n\t\t\t\t<div class=\"elementor-widget-container\">\n\t\t\t\t\t\t\t\t\t\t\t\t\t\t\t\t<a href=\"https:\/\/lopeskincar.shop\/index.php\/product\/beauty-of-joseon-revive-eye-serum-ginseng-retinal-30ml\/\">\n\t\t\t\t\t\t\t<img decoding=\"async\" src=\"https:\/\/lopeskincar.shop\/wp-content\/uploads\/2025\/12\/Online-Shop-Mobile-Prototype-1.png\" title=\"Online Shop Mobile Prototype (1)\" alt=\"Online Shop Mobile Prototype (1)\" loading=\"lazy\" \/>\t\t\t\t\t\t\t\t<\/a>\n\t\t\t\t\t\t\t\t\t\t\t\t\t\t\t<\/div>\n\t\t\t\t<\/div>\n\t\t\t\t<\/div>\n\t\t\t\t<\/div>\n\t\t<div class=\"elementor-element elementor-element-3fb6fda e-con-full e-flex e-con e-parent\" data-id=\"3fb6fda\" data-element_type=\"container\" data-e-type=\"container\">\n\t\t<div class=\"elementor-element elementor-element-22f410b e-con-full e-flex e-con e-child\" data-id=\"22f410b\" data-element_type=\"container\" data-e-type=\"container\">\n\t\t\t\t<div class=\"elementor-element elementor-element-259e03e elementor-widget elementor-widget-heading\" data-id=\"259e03e\" data-element_type=\"widget\" data-e-type=\"widget\" data-widget_type=\"heading.default\">\n\t\t\t\t<div class=\"elementor-widget-container\">\n\t\t\t\t\t<h2 class=\"elementor-heading-title elementor-size-default\">\u2728 2. L\u2019extrait de ginseng<\/h2>\t\t\t\t<\/div>\n\t\t\t\t<\/div>\n\t\t\t\t<div class=\"elementor-element elementor-element-daf1719 elementor-widget__width-initial elementor-widget elementor-widget-text-editor\" data-id=\"daf1719\" data-element_type=\"widget\" data-e-type=\"widget\" data-widget_type=\"text-editor.default\">\n\t\t\t\t<div class=\"elementor-widget-container\">\n\t\t\t\t\t\t\t\t\t<p data-start=\"3594\" data-end=\"3649\">Ingr\u00e9dient star de la cosm\u00e9tique cor\u00e9enne, connu pour :<\/p><ul data-start=\"3650\" data-end=\"3807\"><li data-start=\"3650\" data-end=\"3682\"><p data-start=\"3652\" data-end=\"3682\">Booster la micro-circulation<\/p><\/li><li data-start=\"3683\" data-end=\"3718\"><p data-start=\"3685\" data-end=\"3718\">Diminuer l\u2019apparence des cernes<\/p><\/li><li data-start=\"3719\" data-end=\"3770\"><p data-start=\"3721\" data-end=\"3770\">Nourrir et hydrater la zone du contour de l\u2019\u0153il<\/p><\/li><li data-start=\"3771\" data-end=\"3807\"><p data-start=\"3773\" data-end=\"3807\">Apporter un effet \u201cregard \u00e9veill\u00e9\u201d<\/p><\/li><\/ul><p data-start=\"3071\" data-end=\"3130\">\u00a0<\/p>\t\t\t\t\t\t\t\t<\/div>\n\t\t\t\t<\/div>\n\t\t\t\t<div class=\"elementor-element elementor-element-d3ae321 elementor-widget elementor-widget-heading\" data-id=\"d3ae321\" data-element_type=\"widget\" data-e-type=\"widget\" data-widget_type=\"heading.default\">\n\t\t\t\t<div class=\"elementor-widget-container\">\n\t\t\t\t\t<h2 class=\"elementor-heading-title elementor-size-default\">\ud83d\udd39 Texture l\u00e9g\u00e8re et agr\u00e9able<\/h2>\t\t\t\t<\/div>\n\t\t\t\t<\/div>\n\t\t\t\t<div class=\"elementor-element elementor-element-3214ac4 elementor-widget elementor-widget-text-editor\" data-id=\"3214ac4\" data-element_type=\"widget\" data-e-type=\"widget\" data-widget_type=\"text-editor.default\">\n\t\t\t\t<div class=\"elementor-widget-container\">\n\t\t\t\t\t\t\t\t\t<p>Le s\u00e9rum a une texture gel-cr\u00e8me, tr\u00e8s fine, qui p\u00e9n\u00e8tre rapidement sans laisser de film gras.<br data-start=\"3946\" data-end=\"3949\" \/>Il convient m\u00eame aux peaux sensibles.<\/p>\t\t\t\t\t\t\t\t<\/div>\n\t\t\t\t<\/div>\n\t\t\t\t<div class=\"elementor-element elementor-element-cf39d9c elementor-widget elementor-widget-heading\" data-id=\"cf39d9c\" data-element_type=\"widget\" data-e-type=\"widget\" data-widget_type=\"heading.default\">\n\t\t\t\t<div class=\"elementor-widget-container\">\n\t\t\t\t\t<h2 class=\"elementor-heading-title elementor-size-default\">\ud83d\udd39 Bienfaits principaux<\/h2>\t\t\t\t<\/div>\n\t\t\t\t<\/div>\n\t\t\t\t<div class=\"elementor-element elementor-element-6b6faae elementor-widget elementor-widget-text-editor\" data-id=\"6b6faae\" data-element_type=\"widget\" data-e-type=\"widget\" data-widget_type=\"text-editor.default\">\n\t\t\t\t<div class=\"elementor-widget-container\">\n\t\t\t\t\t\t\t\t\t<ul><li data-start=\"4025\" data-end=\"4065\"><p data-start=\"4027\" data-end=\"4065\">Att\u00e9nue les cernes violets et marron<\/p><\/li><li data-start=\"4066\" data-end=\"4119\"><p data-start=\"4068\" data-end=\"4119\">Lisse les ridules et ralentit les signes de l\u2019\u00e2ge<\/p><\/li><li data-start=\"4120\" data-end=\"4157\"><p data-start=\"4122\" data-end=\"4157\">Raffermit la peau autour des yeux<\/p><\/li><li data-start=\"4158\" data-end=\"4207\"><p data-start=\"4160\" data-end=\"4207\">Hydrate en profondeur sans provoquer de milia<\/p><\/li><li data-start=\"4208\" data-end=\"4246\"><p data-start=\"4210\" data-end=\"4246\">Redonne \u00e9clat et lumi\u00e8re au regard<\/p><\/li><\/ul>\t\t\t\t\t\t\t\t<\/div>\n\t\t\t\t<\/div>\n\t\t\t\t<div class=\"elementor-element elementor-element-50881d7 elementor-widget elementor-widget-heading\" data-id=\"50881d7\" data-element_type=\"widget\" data-e-type=\"widget\" data-widget_type=\"heading.default\">\n\t\t\t\t<div class=\"elementor-widget-container\">\n\t\t\t\t\t<h2 class=\"elementor-heading-title elementor-size-default\">\ud83d\udd39 Comment l\u2019utiliser ?<\/h2>\t\t\t\t<\/div>\n\t\t\t\t<\/div>\n\t\t\t\t<div class=\"elementor-element elementor-element-8c53cd3 elementor-widget elementor-widget-text-editor\" data-id=\"8c53cd3\" data-element_type=\"widget\" data-e-type=\"widget\" data-widget_type=\"text-editor.default\">\n\t\t\t\t<div class=\"elementor-widget-container\">\n\t\t\t\t\t\t\t\t\t<ul><li data-start=\"4285\" data-end=\"4324\"><p data-start=\"4288\" data-end=\"4324\">Appliquer le soir sur peau propre.<\/p><\/li><li data-start=\"4325\" data-end=\"4359\"><p data-start=\"4328\" data-end=\"4359\">Utiliser une petite quantit\u00e9.<\/p><\/li><li data-start=\"4360\" data-end=\"4427\"><p data-start=\"4363\" data-end=\"4427\">Commencer 2\u20133 fois par semaine puis augmenter progressivement.<\/p><\/li><li data-start=\"4428\" data-end=\"4483\"><p data-start=\"4431\" data-end=\"4483\">Le matin, toujours appliquer une protection solaire.<\/p><\/li><\/ul><h3 data-start=\"3621\" data-end=\"3651\">\u00a0<\/h3>\t\t\t\t\t\t\t\t<\/div>\n\t\t\t\t<\/div>\n\t\t\t\t<div class=\"elementor-element elementor-element-848c6d4 elementor-widget elementor-widget-heading\" data-id=\"848c6d4\" data-element_type=\"widget\" data-e-type=\"widget\" data-widget_type=\"heading.default\">\n\t\t\t\t<div class=\"elementor-widget-container\">\n\t\t\t\t\t<h2 class=\"elementor-heading-title elementor-size-default\">\ud83d\udd39 R\u00e9sultats attendus<\/h2>\t\t\t\t<\/div>\n\t\t\t\t<\/div>\n\t\t\t\t<div class=\"elementor-element elementor-element-62a8e55 elementor-widget elementor-widget-text-editor\" data-id=\"62a8e55\" data-element_type=\"widget\" data-e-type=\"widget\" data-widget_type=\"text-editor.default\">\n\t\t\t\t<div class=\"elementor-widget-container\">\n\t\t\t\t\t\t\t\t\t<ul><li data-start=\"4520\" data-end=\"4545\"><p data-start=\"4522\" data-end=\"4545\">Hydratation imm\u00e9diate<\/p><\/li><li data-start=\"4546\" data-end=\"4585\"><p data-start=\"4548\" data-end=\"4585\">Cernes \u00e9claircies en 3 \u00e0 6 semaines<\/p><\/li><li data-start=\"4586\" data-end=\"4623\"><p data-start=\"4588\" data-end=\"4623\">Ridules plus lisses apr\u00e8s un mois<\/p><\/li><li data-start=\"4624\" data-end=\"4669\"><p data-start=\"4626\" data-end=\"4669\">Zone du regard plus ferme en 6 \u00e0 8 semaines<\/p><\/li><\/ul>\t\t\t\t\t\t\t\t<\/div>\n\t\t\t\t<\/div>\n\t\t\t\t<div class=\"elementor-element elementor-element-35ce28c elementor-widget elementor-widget-heading\" data-id=\"35ce28c\" data-element_type=\"widget\" data-e-type=\"widget\" data-widget_type=\"heading.default\">\n\t\t\t\t<div class=\"elementor-widget-container\">\n\t\t\t\t\t<h2 class=\"elementor-heading-title elementor-size-default\">\ud83d\udd39 Pour qui ?<\/h2>\t\t\t\t<\/div>\n\t\t\t\t<\/div>\n\t\t\t\t<div class=\"elementor-element elementor-element-9ce43a8 elementor-widget elementor-widget-text-editor\" data-id=\"9ce43a8\" data-element_type=\"widget\" data-e-type=\"widget\" data-widget_type=\"text-editor.default\">\n\t\t\t\t<div class=\"elementor-widget-container\">\n\t\t\t\t\t\t\t\t\t<ul data-start=\"4698\" data-end=\"4918\"><li data-start=\"4698\" data-end=\"4741\"><p data-start=\"4700\" data-end=\"4741\">Personnes avec cernes dues \u00e0 la fatigue<\/p><\/li><li data-start=\"4742\" data-end=\"4789\"><p data-start=\"4744\" data-end=\"4789\">Premiers signes de vieillissement (ridules)<\/p><\/li><li data-start=\"4790\" data-end=\"4842\"><p data-start=\"4792\" data-end=\"4842\">Peaux sensibles qui souhaitent un r\u00e9tino\u00efde doux<\/p><\/li><li data-start=\"4843\" data-end=\"4918\"><p data-start=\"4845\" data-end=\"4918\">Toute personne cherchant un contour des yeux efficace, l\u00e9ger et naturel<\/p><\/li><\/ul>\t\t\t\t\t\t\t\t<\/div>\n\t\t\t\t<\/div>\n\t\t\t\t<\/div>\n\t\t<div class=\"elementor-element elementor-element-1d7ad00 e-con-full e-flex e-con e-child\" data-id=\"1d7ad00\" data-element_type=\"container\" data-e-type=\"container\">\n\t\t<div class=\"elementor-element elementor-element-f06c980 e-con-full e-flex e-con e-child\" data-id=\"f06c980\" data-element_type=\"container\" data-e-type=\"container\">\n\t\t\t\t<div class=\"elementor-element elementor-element-9859fb8 elementor-widget__width-initial elementor-widget elementor-widget-image\" data-id=\"9859fb8\" data-element_type=\"widget\" data-e-type=\"widget\" data-widget_type=\"image.default\">\n\t\t\t\t<div class=\"elementor-widget-container\">\n\t\t\t\t\t\t\t\t\t\t\t\t\t\t\t<img decoding=\"async\" width=\"819\" height=\"1024\" src=\"https:\/\/lopeskincar.shop\/wp-content\/uploads\/2025\/12\/482930572_18002337356733298_7028011475173400339_n.webp\" class=\"attachment-large size-large wp-image-8733\" alt=\"\" \/>\t\t\t\t\t\t\t\t\t\t\t\t\t\t\t<\/div>\n\t\t\t\t<\/div>\n\t\t\t\t<div class=\"elementor-element elementor-element-9b598ae elementor-widget elementor-widget-image\" data-id=\"9b598ae\" data-element_type=\"widget\" data-e-type=\"widget\" data-widget_type=\"image.default\">\n\t\t\t\t<div class=\"elementor-widget-container\">\n\t\t\t\t\t\t\t\t\t\t\t\t\t\t\t<img decoding=\"async\" width=\"819\" height=\"1024\" src=\"https:\/\/lopeskincar.shop\/wp-content\/uploads\/2025\/12\/482934636_18002337365733298_5103867903157655013_n.webp\" class=\"attachment-large size-large wp-image-8734\" alt=\"\" \/>\t\t\t\t\t\t\t\t\t\t\t\t\t\t\t<\/div>\n\t\t\t\t<\/div>\n\t\t\t\t<div class=\"elementor-element elementor-element-1e52b76 elementor-widget elementor-widget-image\" data-id=\"1e52b76\" data-element_type=\"widget\" data-e-type=\"widget\" data-widget_type=\"image.default\">\n\t\t\t\t<div class=\"elementor-widget-container\">\n\t\t\t\t\t\t\t\t\t\t\t\t\t\t\t<img loading=\"lazy\" decoding=\"async\" width=\"819\" height=\"1024\" src=\"https:\/\/lopeskincar.shop\/wp-content\/uploads\/2025\/12\/483357993_18002337416733298_1869661474629813150_n.webp\" class=\"attachment-large size-large wp-image-8735\" alt=\"\" \/>\t\t\t\t\t\t\t\t\t\t\t\t\t\t\t<\/div>\n\t\t\t\t<\/div>\n\t\t\t\t<div class=\"elementor-element elementor-element-fbb903a elementor-widget elementor-widget-image\" data-id=\"fbb903a\" data-element_type=\"widget\" data-e-type=\"widget\" data-widget_type=\"image.default\">\n\t\t\t\t<div class=\"elementor-widget-container\">\n\t\t\t\t\t\t\t\t\t\t\t\t\t\t\t<img loading=\"lazy\" decoding=\"async\" width=\"819\" height=\"1024\" src=\"https:\/\/lopeskincar.shop\/wp-content\/uploads\/2025\/12\/483215224_18002337431733298_4290297219453263360_n.webp\" class=\"attachment-large size-large wp-image-8737\" alt=\"\" \/>\t\t\t\t\t\t\t\t\t\t\t\t\t\t\t<\/div>\n\t\t\t\t<\/div>\n\t\t\t\t<div class=\"elementor-element elementor-element-e8f5ece elementor-widget__width-initial elementor-widget elementor-widget-image\" data-id=\"e8f5ece\" data-element_type=\"widget\" data-e-type=\"widget\" data-widget_type=\"image.default\">\n\t\t\t\t<div class=\"elementor-widget-container\">\n\t\t\t\t\t\t\t\t\t\t\t\t\t\t\t<img loading=\"lazy\" decoding=\"async\" width=\"819\" height=\"1024\" src=\"https:\/\/lopeskincar.shop\/wp-content\/uploads\/2025\/12\/482772317_18002337461733298_3928798249299683445_n.webp\" class=\"attachment-large size-large wp-image-8736\" alt=\"\" \/>\t\t\t\t\t\t\t\t\t\t\t\t\t\t\t<\/div>\n\t\t\t\t<\/div>\n\t\t\t\t<\/div>\n\t\t<div class=\"elementor-element elementor-element-e4227c6 e-con-full e-flex e-con e-child\" data-id=\"e4227c6\" data-element_type=\"container\" data-e-type=\"container\">\n\t\t\t\t<\/div>\n\t\t<div class=\"elementor-element elementor-element-b68e4aa e-con-full e-flex e-con e-child\" data-id=\"b68e4aa\" data-element_type=\"container\" data-e-type=\"container\">\n\t\t\t\t<\/div>\n\t\t\t\t<\/div>\n\t\t\t\t<\/div>\n\t\t\t\t<\/div>\n\t\t","protected":false},"excerpt":{"rendered":"<p>\ud83d\udd25 Cr\u00e8me Contour des Yeux Beauty of Joseon : Le Soin Cor\u00e9en qui Illumine le Regard Parmi les marques cor\u00e9ennes&#8230;<\/p>\n","protected":false},"author":1,"featured_media":0,"parent":0,"menu_order":0,"comment_status":"closed","ping_status":"closed","template":"","meta":{"footnotes":""},"class_list":["post-8732","page","type-page","status-publish","hentry"],"_links":{"self":[{"href":"https:\/\/lopeskincar.shop\/index.php\/wp-json\/wp\/v2\/pages\/8732","targetHints":{"allow":["GET"]}}],"collection":[{"href":"https:\/\/lopeskincar.shop\/index.php\/wp-json\/wp\/v2\/pages"}],"about":[{"href":"https:\/\/lopeskincar.shop\/index.php\/wp-json\/wp\/v2\/types\/page"}],"author":[{"embeddable":true,"href":"https:\/\/lopeskincar.shop\/index.php\/wp-json\/wp\/v2\/users\/1"}],"replies":[{"embeddable":true,"href":"https:\/\/lopeskincar.shop\/index.php\/wp-json\/wp\/v2\/comments?post=8732"}],"version-history":[{"count":0,"href":"https:\/\/lopeskincar.shop\/index.php\/wp-json\/wp\/v2\/pages\/8732\/revisions"}],"wp:attachment":[{"href":"https:\/\/lopeskincar.shop\/index.php\/wp-json\/wp\/v2\/media?parent=8732"}],"curies":[{"name":"wp","href":"https:\/\/api.w.org\/{rel}","templated":true}]}}