{"id":8542,"date":"2025-12-02T20:42:48","date_gmt":"2025-12-02T20:42:48","guid":{"rendered":"https:\/\/lopeskincar.shop\/?page_id=8542"},"modified":"2025-12-02T21:19:33","modified_gmt":"2025-12-02T21:19:33","slug":"creme-solaire","status":"publish","type":"page","link":"https:\/\/lopeskincar.shop\/index.php\/creme-solaire\/","title":{"rendered":"C\u2019est quoi la diff\u00e9rence entre SPF et PA dans une cr\u00e8me solaire ? &#8211; Copy"},"content":{"rendered":"\t\t<div data-elementor-type=\"wp-page\" data-elementor-id=\"8542\" class=\"elementor elementor-8542\">\n\t\t\t\t<div class=\"elementor-element elementor-element-43d1c2f e-con-full e-flex e-con e-parent\" data-id=\"43d1c2f\" data-element_type=\"container\" data-e-type=\"container\">\n\t\t\t\t<div class=\"elementor-element elementor-element-08ffd66 elementor-widget__width-initial elementor-widget elementor-widget-image\" data-id=\"08ffd66\" data-element_type=\"widget\" data-e-type=\"widget\" data-widget_type=\"image.default\">\n\t\t\t\t<div class=\"elementor-widget-container\">\n\t\t\t\t\t\t\t\t\t\t\t\t\t\t\t<img fetchpriority=\"high\" decoding=\"async\" width=\"1024\" height=\"181\" src=\"https:\/\/lopeskincar.shop\/wp-content\/uploads\/2025\/12\/\u062a\u0635\u0645\u064a\u0645-\u0628\u062f\u0648\u0646-\u0639\u0646\u0648\u0627\u0646-10.png\" class=\"attachment-large size-large wp-image-8596\" alt=\"\" \/>\t\t\t\t\t\t\t\t\t\t\t\t\t\t\t<\/div>\n\t\t\t\t<\/div>\n\t\t\t\t<\/div>\n\t\t<div class=\"elementor-element elementor-element-32e299d e-con-full e-flex e-con e-parent\" data-id=\"32e299d\" data-element_type=\"container\" data-e-type=\"container\">\n\t\t<div class=\"elementor-element elementor-element-67c5260 e-con-full e-flex e-con e-child\" data-id=\"67c5260\" data-element_type=\"container\" data-e-type=\"container\">\n\t\t\t\t<div class=\"elementor-element elementor-element-584e403 elementor-widget__width-initial elementor-widget elementor-widget-heading\" data-id=\"584e403\" data-element_type=\"widget\" data-e-type=\"widget\" data-widget_type=\"heading.default\">\n\t\t\t\t<div class=\"elementor-widget-container\">\n\t\t\t\t\t<h2 class=\"elementor-heading-title elementor-size-default\">       Une explication approfondie sur la diff\u00e9rence entre SPF et PA ?<\/h2>\t\t\t\t<\/div>\n\t\t\t\t<\/div>\n\t\t\t\t<div class=\"elementor-element elementor-element-34341b1 elementor-widget__width-initial elementor-widget elementor-widget-text-editor\" data-id=\"34341b1\" data-element_type=\"widget\" data-e-type=\"widget\" data-widget_type=\"text-editor.default\">\n\t\t\t\t<div class=\"elementor-widget-container\">\n\t\t\t\t\t\t\t\t\t<p>La cr\u00e8me solaire est l\u2019un des soins les plus importants pour pr\u00e9server la sant\u00e9 et la beaut\u00e9 de la peau. Pourtant, beaucoup de personnes ach\u00e8tent un solaire uniquement en se basant sur la marque ou le prix, sans vraiment comprendre les indications essentielles : <strong data-start=\"2685\" data-end=\"2692\">SPF<\/strong> et <b>PA<\/b>.<br data-start=\"2703\" data-end=\"2706\" \/>Ces deux mesures d\u00e9terminent pourtant l\u2019efficacit\u00e9 r\u00e9elle du produit.<\/p>\t\t\t\t\t\t\t\t<\/div>\n\t\t\t\t<\/div>\n\t\t<div class=\"elementor-element elementor-element-b5224d9 e-con-full e-flex e-con e-child\" data-id=\"b5224d9\" data-element_type=\"container\" data-e-type=\"container\">\n\t\t\t\t<div class=\"elementor-element elementor-element-7b5289e elementor-widget elementor-widget-heading\" data-id=\"7b5289e\" data-element_type=\"widget\" data-e-type=\"widget\" data-widget_type=\"heading.default\">\n\t\t\t\t<div class=\"elementor-widget-container\">\n\t\t\t\t\t<h2 class=\"elementor-heading-title elementor-size-default\">\u2b50 1. Qu\u2019est-ce que le SPF ?<\/h2>\t\t\t\t<\/div>\n\t\t\t\t<\/div>\n\t\t\t\t<div class=\"elementor-element elementor-element-29ef90f elementor-widget elementor-widget-text-editor\" data-id=\"29ef90f\" data-element_type=\"widget\" data-e-type=\"widget\" data-widget_type=\"text-editor.default\">\n\t\t\t\t<div class=\"elementor-widget-container\">\n\t\t\t\t\t\t\t\t\t<p>SPF signifie\u00a0<strong data-start=\"2828\" data-end=\"2853\">Sun Protection Factor<\/strong>\u00a0et indique le niveau de protection contre les rayons\u00a0<strong data-start=\"2907\" data-end=\"2914\">UVB<\/strong>.<\/p>\t\t\t\t\t\t\t\t<\/div>\n\t\t\t\t<\/div>\n\t\t\t\t<\/div>\n\t\t\t\t<\/div>\n\t\t<div class=\"elementor-element elementor-element-4dcdec3 e-con-full e-flex e-con e-child\" data-id=\"4dcdec3\" data-element_type=\"container\" data-e-type=\"container\">\n\t\t\t\t<div class=\"elementor-element elementor-element-c8e8182 elementor-widget elementor-widget-image\" data-id=\"c8e8182\" data-element_type=\"widget\" data-e-type=\"widget\" data-widget_type=\"image.default\">\n\t\t\t\t<div class=\"elementor-widget-container\">\n\t\t\t\t\t\t\t\t\t\t\t\t\t\t\t<img decoding=\"async\" width=\"322\" height=\"394\" src=\"https:\/\/lopeskincar.shop\/wp-content\/uploads\/2025\/12\/Screenshot-2025-12-02-201904.png\" class=\"attachment-large size-large wp-image-8527\" alt=\"\" \/>\t\t\t\t\t\t\t\t\t\t\t\t\t\t\t<\/div>\n\t\t\t\t<\/div>\n\t\t\t\t<\/div>\n\t\t\t\t<\/div>\n\t\t<div class=\"elementor-element elementor-element-3fb6fda e-con-full e-flex e-con e-parent\" data-id=\"3fb6fda\" data-element_type=\"container\" data-e-type=\"container\">\n\t\t<div class=\"elementor-element elementor-element-22f410b e-con-full e-flex e-con e-child\" data-id=\"22f410b\" data-element_type=\"container\" data-e-type=\"container\">\n\t\t\t\t<div class=\"elementor-element elementor-element-259e03e elementor-widget elementor-widget-heading\" data-id=\"259e03e\" data-element_type=\"widget\" data-e-type=\"widget\" data-widget_type=\"heading.default\">\n\t\t\t\t<div class=\"elementor-widget-container\">\n\t\t\t\t\t<h2 class=\"elementor-heading-title elementor-size-default\">\ud83d\udd38 Les UVB, c\u2019est quoi ?\u200b<\/h2>\t\t\t\t<\/div>\n\t\t\t\t<\/div>\n\t\t\t\t<div class=\"elementor-element elementor-element-daf1719 elementor-widget__width-initial elementor-widget elementor-widget-text-editor\" data-id=\"daf1719\" data-element_type=\"widget\" data-e-type=\"widget\" data-widget_type=\"text-editor.default\">\n\t\t\t\t<div class=\"elementor-widget-container\">\n\t\t\t\t\t\t\t\t\t<p>Ce sont les rayons responsables des <strong data-start=\"2986\" data-end=\"3005\">coups de soleil<\/strong>.<\/p><p data-start=\"3011\" data-end=\"3068\">Ils provoquent des rougeurs, br\u00fblures et inflammations.<\/p><p data-start=\"3071\" data-end=\"3130\">Ils sont fortement li\u00e9s au <strong data-start=\"3098\" data-end=\"3129\">risque de cancer de la peau<\/strong>.<\/p>\t\t\t\t\t\t\t\t<\/div>\n\t\t\t\t<\/div>\n\t\t\t\t<div class=\"elementor-element elementor-element-d3ae321 elementor-widget elementor-widget-heading\" data-id=\"d3ae321\" data-element_type=\"widget\" data-e-type=\"widget\" data-widget_type=\"heading.default\">\n\t\t\t\t<div class=\"elementor-widget-container\">\n\t\t\t\t\t<h2 class=\"elementor-heading-title elementor-size-default\">\ud83d\udd38 Comment comprendre les chiffres du SPF ?<\/h2>\t\t\t\t<\/div>\n\t\t\t\t<\/div>\n\t\t\t\t<div class=\"elementor-element elementor-element-3214ac4 elementor-widget elementor-widget-text-editor\" data-id=\"3214ac4\" data-element_type=\"widget\" data-e-type=\"widget\" data-widget_type=\"text-editor.default\">\n\t\t\t\t<div class=\"elementor-widget-container\">\n\t\t\t\t\t\t\t\t\t<p data-start=\"3182\" data-end=\"3293\">Contrairement \u00e0 ce que beaucoup pensent, le SPF n\u2019indique pas une dur\u00e9e mais <strong data-start=\"3259\" data-end=\"3290\">une intensit\u00e9 de protection<\/strong>.<\/p><ul data-start=\"3294\" data-end=\"3363\"><li data-start=\"3294\" data-end=\"3332\"><p data-start=\"3296\" data-end=\"3332\">SPF 30 bloque environ 97 % des UVB<\/p><\/li><li data-start=\"3333\" data-end=\"3363\"><p data-start=\"3335\" data-end=\"3363\">SPF 50 bloque environ 98 %<\/p><\/li><\/ul><p data-start=\"3365\" data-end=\"3460\">La diff\u00e9rence semble petite, mais elle est importante pour les peaux sensibles ou tr\u00e8s claires.<\/p>\t\t\t\t\t\t\t\t<\/div>\n\t\t\t\t<\/div>\n\t\t\t\t<\/div>\n\t\t<div class=\"elementor-element elementor-element-1d7ad00 e-con-full e-flex e-con e-child\" data-id=\"1d7ad00\" data-element_type=\"container\" data-e-type=\"container\">\n\t\t\t\t<div class=\"elementor-element elementor-element-9859fb8 elementor-widget elementor-widget-image\" data-id=\"9859fb8\" data-element_type=\"widget\" data-e-type=\"widget\" data-widget_type=\"image.default\">\n\t\t\t\t<div class=\"elementor-widget-container\">\n\t\t\t\t\t\t\t\t\t\t\t\t\t\t\t<img decoding=\"async\" width=\"819\" height=\"1024\" src=\"https:\/\/lopeskincar.shop\/wp-content\/uploads\/2025\/12\/490602389_18006893051733298_8946797894453750679_n.webp\" class=\"attachment-large size-large wp-image-8459\" alt=\"\" \/>\t\t\t\t\t\t\t\t\t\t\t\t\t\t\t<\/div>\n\t\t\t\t<\/div>\n\t\t\t\t<\/div>\n\t\t\t\t<\/div>\n\t\t<div class=\"elementor-element elementor-element-f1275f3 e-con-full e-flex e-con e-parent\" data-id=\"f1275f3\" data-element_type=\"container\" data-e-type=\"container\">\n\t\t<div class=\"elementor-element elementor-element-367b9cb e-con-full e-flex e-con e-child\" data-id=\"367b9cb\" data-element_type=\"container\" data-e-type=\"container\">\n\t\t\t\t<div class=\"elementor-element elementor-element-50881d7 elementor-widget elementor-widget-heading\" data-id=\"50881d7\" data-element_type=\"widget\" data-e-type=\"widget\" data-widget_type=\"heading.default\">\n\t\t\t\t<div class=\"elementor-widget-container\">\n\t\t\t\t\t<h2 class=\"elementor-heading-title elementor-size-default\">\u2b50 2. Qu\u2019est-ce que l\u2019indice PA ?<\/h2>\t\t\t\t<\/div>\n\t\t\t\t<\/div>\n\t\t\t\t<div class=\"elementor-element elementor-element-8c53cd3 elementor-widget elementor-widget-text-editor\" data-id=\"8c53cd3\" data-element_type=\"widget\" data-e-type=\"widget\" data-widget_type=\"text-editor.default\">\n\t\t\t\t<div class=\"elementor-widget-container\">\n\t\t\t\t\t\t\t\t\t<p data-start=\"3505\" data-end=\"3619\">L\u2019indice <strong data-start=\"3514\" data-end=\"3520\">PA<\/strong> mesure la protection contre les rayons <strong data-start=\"3560\" data-end=\"3567\">UVA<\/strong>, ceux qui p\u00e9n\u00e8trent plus profond\u00e9ment dans la peau.<\/p><h3 data-start=\"3621\" data-end=\"3651\">\u00a0<\/h3>\t\t\t\t\t\t\t\t<\/div>\n\t\t\t\t<\/div>\n\t\t\t\t<div class=\"elementor-element elementor-element-848c6d4 elementor-widget elementor-widget-heading\" data-id=\"848c6d4\" data-element_type=\"widget\" data-e-type=\"widget\" data-widget_type=\"heading.default\">\n\t\t\t\t<div class=\"elementor-widget-container\">\n\t\t\t\t\t<h2 class=\"elementor-heading-title elementor-size-default\">\ud83d\udd38 Les UVA, c\u2019est quoi ?<\/h2>\t\t\t\t<\/div>\n\t\t\t\t<\/div>\n\t\t\t\t<div class=\"elementor-element elementor-element-62a8e55 elementor-widget elementor-widget-text-editor\" data-id=\"62a8e55\" data-element_type=\"widget\" data-e-type=\"widget\" data-widget_type=\"text-editor.default\">\n\t\t\t\t<div class=\"elementor-widget-container\">\n\t\t\t\t\t\t\t\t\t<ul><li data-start=\"3652\" data-end=\"3707\"><p data-start=\"3654\" data-end=\"3707\">Rayons responsables du <strong data-start=\"3677\" data-end=\"3705\">vieillissement pr\u00e9matur\u00e9<\/strong><\/p><\/li><li data-start=\"3708\" data-end=\"3786\"><p data-start=\"3710\" data-end=\"3786\">Ils causent les <strong data-start=\"3726\" data-end=\"3749\">taches pigmentaires<\/strong>, les rides, et la perte de fermet\u00e9<\/p><\/li><li data-start=\"3787\" data-end=\"3848\"><p data-start=\"3789\" data-end=\"3848\">Ils contribuent aussi au photo-vieillissement (photo-aging)<\/p><\/li><\/ul><p>Lorem ipsum dolor sit amet, consectetur adipiscing elit. Ut elit tellus, luctus nec ullamcorper mattis, pulvinar dapibus leo.<\/p>\t\t\t\t\t\t\t\t<\/div>\n\t\t\t\t<\/div>\n\t\t\t\t<div class=\"elementor-element elementor-element-35ce28c elementor-widget elementor-widget-heading\" data-id=\"35ce28c\" data-element_type=\"widget\" data-e-type=\"widget\" data-widget_type=\"heading.default\">\n\t\t\t\t<div class=\"elementor-widget-container\">\n\t\t\t\t\t<h2 class=\"elementor-heading-title elementor-size-default\">\ud83d\udd38 Les niveaux PA<\/h2>\t\t\t\t<\/div>\n\t\t\t\t<\/div>\n\t\t\t\t<div class=\"elementor-element elementor-element-9ce43a8 elementor-widget elementor-widget-text-editor\" data-id=\"9ce43a8\" data-element_type=\"widget\" data-e-type=\"widget\" data-widget_type=\"text-editor.default\">\n\t\t\t\t<div class=\"elementor-widget-container\">\n\t\t\t\t\t\t\t\t\t<ul><li data-start=\"3874\" data-end=\"3901\"><p data-start=\"3876\" data-end=\"3901\">PA+ = Protection faible<\/p><\/li><li data-start=\"3902\" data-end=\"3931\"><p data-start=\"3904\" data-end=\"3931\">PA++ = Protection moyenne<\/p><\/li><li data-start=\"3932\" data-end=\"3960\"><p data-start=\"3934\" data-end=\"3960\">PA+++ = Bonne protection<\/p><\/li><li data-start=\"3961\" data-end=\"3993\"><p data-start=\"3963\" data-end=\"3993\">PA++++ = Excellente protection<\/p><\/li><\/ul>\t\t\t\t\t\t\t\t<\/div>\n\t\t\t\t<\/div>\n\t\t\t\t<\/div>\n\t\t<div class=\"elementor-element elementor-element-b38f10e e-con-full e-flex e-con e-child\" data-id=\"b38f10e\" data-element_type=\"container\" data-e-type=\"container\">\n\t\t\t\t<div class=\"elementor-element elementor-element-72bc56c elementor-widget elementor-widget-image\" data-id=\"72bc56c\" data-element_type=\"widget\" data-e-type=\"widget\" data-widget_type=\"image.default\">\n\t\t\t\t<div class=\"elementor-widget-container\">\n\t\t\t\t\t\t\t\t\t\t\t\t\t\t\t<img loading=\"lazy\" decoding=\"async\" width=\"819\" height=\"1024\" src=\"https:\/\/lopeskincar.shop\/wp-content\/uploads\/2025\/12\/491436194_18006893060733298_1264770621745357621_n.webp\" class=\"attachment-large size-large wp-image-8514\" alt=\"\" \/>\t\t\t\t\t\t\t\t\t\t\t\t\t\t\t<\/div>\n\t\t\t\t<\/div>\n\t\t\t\t<\/div>\n\t\t\t\t<\/div>\n\t\t<div class=\"elementor-element elementor-element-786abd6 e-con-full e-flex e-con e-parent\" data-id=\"786abd6\" data-element_type=\"container\" data-e-type=\"container\">\n\t\t<div class=\"elementor-element elementor-element-dff9a6a e-con-full e-flex e-con e-child\" data-id=\"dff9a6a\" data-element_type=\"container\" data-e-type=\"container\">\n\t\t\t\t<div class=\"elementor-element elementor-element-c539b80 elementor-widget elementor-widget-heading\" data-id=\"c539b80\" data-element_type=\"widget\" data-e-type=\"widget\" data-widget_type=\"heading.default\">\n\t\t\t\t<div class=\"elementor-widget-container\">\n\t\t\t\t\t<h2 class=\"elementor-heading-title elementor-size-default\"><img decoding=\"async\" role=\"img\" class=\"emoji\" alt=\"\u2b50\" src=\"https:\/\/s.w.org\/images\/core\/emoji\/16.0.1\/svg\/2b50.svg\"> 3. Pourquoi avons-nous besoin des deux SPF et PA ?<\/h2>\t\t\t\t<\/div>\n\t\t\t\t<\/div>\n\t\t\t\t<div class=\"elementor-element elementor-element-fe38396 elementor-widget elementor-widget-text-editor\" data-id=\"fe38396\" data-element_type=\"widget\" data-e-type=\"widget\" data-widget_type=\"text-editor.default\">\n\t\t\t\t<div class=\"elementor-widget-container\">\n\t\t\t\t\t\t\t\t\t<p data-start=\"4060\" data-end=\"4132\">Parce que chaque type de rayon solaire cause des dommages diff\u00e9rents :<\/p><ul data-start=\"4133\" data-end=\"4184\"><li data-start=\"4133\" data-end=\"4155\"><p data-start=\"4135\" data-end=\"4155\"><strong data-start=\"4135\" data-end=\"4153\">UVB = br\u00fblures<\/strong><\/p><\/li><li data-start=\"4156\" data-end=\"4184\"><p data-start=\"4158\" data-end=\"4184\"><strong data-start=\"4158\" data-end=\"4182\">UVA = vieillissement<\/strong><\/p><\/li><\/ul><p data-start=\"4186\" data-end=\"4274\">Un bon solaire doit donc offrir une <strong data-start=\"4222\" data-end=\"4245\">protection compl\u00e8te<\/strong>, pas seulement un SPF \u00e9lev\u00e9.<\/p>\t\t\t\t\t\t\t\t<\/div>\n\t\t\t\t<\/div>\n\t\t\t\t<div class=\"elementor-element elementor-element-2c2363b elementor-widget elementor-widget-heading\" data-id=\"2c2363b\" data-element_type=\"widget\" data-e-type=\"widget\" data-widget_type=\"heading.default\">\n\t\t\t\t<div class=\"elementor-widget-container\">\n\t\t\t\t\t<h2 class=\"elementor-heading-title elementor-size-default\">\u2b50 4. Comment choisir la bonne cr\u00e8me solaire ?<\/h2>\t\t\t\t<\/div>\n\t\t\t\t<\/div>\n\t\t\t\t<div class=\"elementor-element elementor-element-f0301ec elementor-widget elementor-widget-text-editor\" data-id=\"f0301ec\" data-element_type=\"widget\" data-e-type=\"widget\" data-widget_type=\"text-editor.default\">\n\t\t\t\t<div class=\"elementor-widget-container\">\n\t\t\t\t\t\t\t\t\t<ul><li data-start=\"4332\" data-end=\"4373\"><p data-start=\"4334\" data-end=\"4373\">Peau grasse \u2192 textures gel ou fluides<\/p><\/li><li data-start=\"4374\" data-end=\"4409\"><p data-start=\"4376\" data-end=\"4409\">Peau s\u00e8che \u2192 textures cr\u00e9meuses<\/p><\/li><li data-start=\"4410\" data-end=\"4446\"><p data-start=\"4412\" data-end=\"4446\">Peau sensible \u2192 filtres min\u00e9raux<\/p><\/li><li data-start=\"4447\" data-end=\"4483\"><p data-start=\"4449\" data-end=\"4483\">Usage quotidien \u2192 SPF 30 + PA+++<\/p><\/li><li data-start=\"4484\" data-end=\"4520\"><p data-start=\"4486\" data-end=\"4520\">Forte exposition \u2192 SPF 50 + PA++++<\/p><\/li><\/ul>\t\t\t\t\t\t\t\t<\/div>\n\t\t\t\t<\/div>\n\t\t\t\t<\/div>\n\t\t<div class=\"elementor-element elementor-element-4f1c1dd e-con-full e-flex e-con e-child\" data-id=\"4f1c1dd\" data-element_type=\"container\" data-e-type=\"container\">\n\t\t\t\t<div class=\"elementor-element elementor-element-8f4d29e elementor-widget elementor-widget-image\" data-id=\"8f4d29e\" data-element_type=\"widget\" data-e-type=\"widget\" data-widget_type=\"image.default\">\n\t\t\t\t<div class=\"elementor-widget-container\">\n\t\t\t\t\t\t\t\t\t\t\t\t\t\t\t<img loading=\"lazy\" decoding=\"async\" width=\"819\" height=\"1024\" src=\"https:\/\/lopeskincar.shop\/wp-content\/uploads\/2025\/12\/491434117_18006893069733298_147674068194342326_n.webp\" class=\"attachment-large size-large wp-image-8516\" alt=\"\" \/>\t\t\t\t\t\t\t\t\t\t\t\t\t\t\t<\/div>\n\t\t\t\t<\/div>\n\t\t\t\t<\/div>\n\t\t\t\t<\/div>\n\t\t<div class=\"elementor-element elementor-element-6a95ab9 e-flex e-con-boxed e-con e-parent\" data-id=\"6a95ab9\" data-element_type=\"container\" data-e-type=\"container\">\n\t\t\t\t\t<div class=\"e-con-inner\">\n\t\t<div class=\"elementor-element elementor-element-5628595 e-con-full e-flex e-con e-child\" data-id=\"5628595\" data-element_type=\"container\" data-e-type=\"container\">\n\t\t\t\t<div class=\"elementor-element elementor-element-8b74b5f elementor-widget elementor-widget-heading\" data-id=\"8b74b5f\" data-element_type=\"widget\" data-e-type=\"widget\" data-widget_type=\"heading.default\">\n\t\t\t\t<div class=\"elementor-widget-container\">\n\t\t\t\t\t<h2 class=\"elementor-heading-title elementor-size-default\">\u2b50 Conclusion<\/h2>\t\t\t\t<\/div>\n\t\t\t\t<\/div>\n\t\t\t\t<div class=\"elementor-element elementor-element-8a5391a elementor-widget__width-initial elementor-widget elementor-widget-text-editor\" data-id=\"8a5391a\" data-element_type=\"widget\" data-e-type=\"widget\" data-widget_type=\"text-editor.default\">\n\t\t\t\t<div class=\"elementor-widget-container\">\n\t\t\t\t\t\t\t\t\t<p>SPF et PA ne sont pas de simples lettres sur un emballage.<br data-start=\"4603\" data-end=\"4606\" \/>Ce sont des indicateurs essentiels pour choisir une protection solaire vraiment efficace.<br data-start=\"4695\" data-end=\"4698\" \/>Un produit qui combine une bonne protection <strong data-start=\"4742\" data-end=\"4756\">UVB et UVA<\/strong> permet de pr\u00e9server la peau, pr\u00e9venir les taches, les rides et garder un teint uniforme et lumineux.<\/p>\t\t\t\t\t\t\t\t<\/div>\n\t\t\t\t<\/div>\n\t\t\t\t<\/div>\n\t\t<div class=\"elementor-element elementor-element-254ea43 e-con-full e-flex e-con e-child\" data-id=\"254ea43\" data-element_type=\"container\" data-e-type=\"container\">\n\t\t\t\t<div class=\"elementor-element elementor-element-3c467f7 elementor-widget__width-initial elementor-widget elementor-widget-image\" data-id=\"3c467f7\" data-element_type=\"widget\" data-e-type=\"widget\" data-widget_type=\"image.default\">\n\t\t\t\t<div class=\"elementor-widget-container\">\n\t\t\t\t\t\t\t\t\t\t\t\t\t\t\t<img loading=\"lazy\" decoding=\"async\" width=\"819\" height=\"1024\" src=\"https:\/\/lopeskincar.shop\/wp-content\/uploads\/2025\/12\/491437163_18006893078733298_5473988129456019249_n.webp\" class=\"attachment-large size-large wp-image-8515\" alt=\"\" \/>\t\t\t\t\t\t\t\t\t\t\t\t\t\t\t<\/div>\n\t\t\t\t<\/div>\n\t\t\t\t<\/div>\n\t\t\t\t\t<\/div>\n\t\t\t\t<\/div>\n\t\t\t\t<\/div>\n\t\t","protected":false},"excerpt":{"rendered":"<p>Une explication approfondie sur la diff\u00e9rence entre SPF et PA ? La cr\u00e8me solaire est l\u2019un des soins les plus&#8230;<\/p>\n","protected":false},"author":1,"featured_media":0,"parent":0,"menu_order":0,"comment_status":"closed","ping_status":"closed","template":"","meta":{"footnotes":""},"class_list":["post-8542","page","type-page","status-publish","hentry"],"_links":{"self":[{"href":"https:\/\/lopeskincar.shop\/index.php\/wp-json\/wp\/v2\/pages\/8542","targetHints":{"allow":["GET"]}}],"collection":[{"href":"https:\/\/lopeskincar.shop\/index.php\/wp-json\/wp\/v2\/pages"}],"about":[{"href":"https:\/\/lopeskincar.shop\/index.php\/wp-json\/wp\/v2\/types\/page"}],"author":[{"embeddable":true,"href":"https:\/\/lopeskincar.shop\/index.php\/wp-json\/wp\/v2\/users\/1"}],"replies":[{"embeddable":true,"href":"https:\/\/lopeskincar.shop\/index.php\/wp-json\/wp\/v2\/comments?post=8542"}],"version-history":[{"count":0,"href":"https:\/\/lopeskincar.shop\/index.php\/wp-json\/wp\/v2\/pages\/8542\/revisions"}],"wp:attachment":[{"href":"https:\/\/lopeskincar.shop\/index.php\/wp-json\/wp\/v2\/media?parent=8542"}],"curies":[{"name":"wp","href":"https:\/\/api.w.org\/{rel}","templated":true}]}}