{"id":8456,"date":"2025-12-02T16:09:20","date_gmt":"2025-12-02T16:09:20","guid":{"rendered":"https:\/\/lopeskincar.shop\/?page_id=8456"},"modified":"2025-12-02T21:30:27","modified_gmt":"2025-12-02T21:30:27","slug":"cest-quoi-la-difference-entre-spf-et-pa-dans-une-creme-solaire","status":"publish","type":"page","link":"https:\/\/lopeskincar.shop\/index.php\/cest-quoi-la-difference-entre-spf-et-pa-dans-une-creme-solaire\/","title":{"rendered":"S\u00e9rum Niacinamide 10%"},"content":{"rendered":"\t\t<div data-elementor-type=\"wp-page\" data-elementor-id=\"8456\" class=\"elementor elementor-8456\">\n\t\t\t\t<div class=\"elementor-element elementor-element-5810536 e-con-full e-flex e-con e-parent\" data-id=\"5810536\" data-element_type=\"container\" data-e-type=\"container\">\n\t\t\t\t<div class=\"elementor-element elementor-element-c35fe16 elementor-widget elementor-widget-image\" data-id=\"c35fe16\" data-element_type=\"widget\" data-e-type=\"widget\" data-widget_type=\"image.default\">\n\t\t\t\t<div class=\"elementor-widget-container\">\n\t\t\t\t\t\t\t\t\t\t\t\t\t\t\t<img fetchpriority=\"high\" decoding=\"async\" width=\"1024\" height=\"181\" src=\"https:\/\/lopeskincar.shop\/wp-content\/uploads\/2025\/12\/\u062a\u0635\u0645\u064a\u0645-\u0628\u062f\u0648\u0646-\u0639\u0646\u0648\u0627\u0646-10-1.png\" class=\"attachment-large size-large wp-image-8601\" alt=\"\" \/>\t\t\t\t\t\t\t\t\t\t\t\t\t\t\t<\/div>\n\t\t\t\t<\/div>\n\t\t\t\t<\/div>\n\t\t<div class=\"elementor-element elementor-element-32e299d e-con-full e-flex e-con e-parent\" data-id=\"32e299d\" data-element_type=\"container\" data-e-type=\"container\">\n\t\t<div class=\"elementor-element elementor-element-67c5260 e-con-full e-flex e-con e-child\" data-id=\"67c5260\" data-element_type=\"container\" data-e-type=\"container\">\n\t\t\t\t<div class=\"elementor-element elementor-element-584e403 elementor-widget__width-initial elementor-widget elementor-widget-heading\" data-id=\"584e403\" data-element_type=\"widget\" data-e-type=\"widget\" data-widget_type=\"heading.default\">\n\t\t\t\t<div class=\"elementor-widget-container\">\n\t\t\t\t\t<h2 class=\"elementor-heading-title elementor-size-default\">\ud83c\udf38 S\u00e9rum Niacinamide 10% + Acide Tranexamique 4% : Tout savoir sur ce duo \u00e9claircissant et anti-taches<\/h2>\t\t\t\t<\/div>\n\t\t\t\t<\/div>\n\t\t\t\t<div class=\"elementor-element elementor-element-34341b1 elementor-widget__width-initial elementor-widget elementor-widget-text-editor\" data-id=\"34341b1\" data-element_type=\"widget\" data-e-type=\"widget\" data-widget_type=\"text-editor.default\">\n\t\t\t\t<div class=\"elementor-widget-container\">\n\t\t\t\t\t\t\t\t\t<p>Le s\u00e9rum combinant <strong data-start=\"234\" data-end=\"253\">Niacinamide 10%<\/strong> et <strong data-start=\"257\" data-end=\"288\">Acide Tranexamique (TXA) 4%<\/strong> est devenu l\u2019un des soins les plus recherch\u00e9s dans les routines de soin modernes. Gr\u00e2ce \u00e0 l\u2019association de ces deux actifs puissants, il cible efficacement les <strong data-start=\"449\" data-end=\"472\">taches pigmentaires<\/strong>, le <strong data-start=\"477\" data-end=\"488\">m\u00e9lasma<\/strong>, les <strong data-start=\"494\" data-end=\"511\">imperfections<\/strong>, le <strong data-start=\"516\" data-end=\"536\">teint irr\u00e9gulier<\/strong>, et m\u00eame les <strong data-start=\"550\" data-end=\"575\">rougeurs persistantes<\/strong>.<br data-start=\"576\" data-end=\"579\" \/>Voici une explication compl\u00e8te pour comprendre pourquoi ce s\u00e9rum fait autant parler de lui.<\/p>\t\t\t\t\t\t\t\t<\/div>\n\t\t\t\t<\/div>\n\t\t<div class=\"elementor-element elementor-element-b5224d9 e-con-full e-flex e-con e-child\" data-id=\"b5224d9\" data-element_type=\"container\" data-e-type=\"container\">\n\t\t\t\t<div class=\"elementor-element elementor-element-7b5289e elementor-widget elementor-widget-heading\" data-id=\"7b5289e\" data-element_type=\"widget\" data-e-type=\"widget\" data-widget_type=\"heading.default\">\n\t\t\t\t<div class=\"elementor-widget-container\">\n\t\t\t\t\t<h2 class=\"elementor-heading-title elementor-size-default\">\u2728 1. Qu\u2019est-ce que la Niacinamide ?<\/h2>\t\t\t\t<\/div>\n\t\t\t\t<\/div>\n\t\t\t\t<div class=\"elementor-element elementor-element-29ef90f elementor-widget elementor-widget-text-editor\" data-id=\"29ef90f\" data-element_type=\"widget\" data-e-type=\"widget\" data-widget_type=\"text-editor.default\">\n\t\t\t\t<div class=\"elementor-widget-container\">\n\t\t\t\t\t\t\t\t\t<p>La <strong data-start=\"720\" data-end=\"735\">Niacinamide<\/strong> (vitamine B3) est un actif polyvalent, id\u00e9al pour tous les types de peau. \u00c0 une concentration de 10%, elle offre :<\/p>\t\t\t\t\t\t\t\t<\/div>\n\t\t\t\t<\/div>\n\t\t\t\t<\/div>\n\t\t\t\t<\/div>\n\t\t<div class=\"elementor-element elementor-element-4dcdec3 e-con-full e-flex e-con e-child\" data-id=\"4dcdec3\" data-element_type=\"container\" data-e-type=\"container\">\n\t\t\t\t<div class=\"elementor-element elementor-element-c4994b1 elementor-widget elementor-widget-image\" data-id=\"c4994b1\" data-element_type=\"widget\" data-e-type=\"widget\" data-widget_type=\"image.default\">\n\t\t\t\t<div class=\"elementor-widget-container\">\n\t\t\t\t\t\t\t\t\t\t\t\t\t\t\t\t<a href=\"https:\/\/lopeskincar.shop\/index.php\/product\/anua-niacinamide-10-txa-4-dark-spot-correcting-serum-30ml\/\" target=\"_blank\">\n\t\t\t\t\t\t\t<img decoding=\"async\" width=\"485\" height=\"520\" src=\"https:\/\/lopeskincar.shop\/wp-content\/uploads\/2025\/12\/Untitled-design-14.png\" class=\"attachment-large size-large wp-image-8571\" alt=\"\" \/>\t\t\t\t\t\t\t\t<\/a>\n\t\t\t\t\t\t\t\t\t\t\t\t\t\t\t<\/div>\n\t\t\t\t<\/div>\n\t\t\t\t<\/div>\n\t\t\t\t<\/div>\n\t\t<div class=\"elementor-element elementor-element-3fb6fda e-con-full e-flex e-con e-parent\" data-id=\"3fb6fda\" data-element_type=\"container\" data-e-type=\"container\">\n\t\t<div class=\"elementor-element elementor-element-22f410b e-con-full e-flex e-con e-child\" data-id=\"22f410b\" data-element_type=\"container\" data-e-type=\"container\">\n\t\t\t\t<div class=\"elementor-element elementor-element-daf1719 elementor-widget__width-initial elementor-widget elementor-widget-text-editor\" data-id=\"daf1719\" data-element_type=\"widget\" data-e-type=\"widget\" data-widget_type=\"text-editor.default\">\n\t\t\t\t<div class=\"elementor-widget-container\">\n\t\t\t\t\t\t\t\t\t<h3 data-start=\"852\" data-end=\"898\">\u2714\ufe0f Une action sur la production de s\u00e9bum<\/h3><p data-start=\"899\" data-end=\"998\">Elle r\u00e9gule l\u2019exc\u00e8s de s\u00e9bum, r\u00e9duit la brillance et aide \u00e0 diminuer l\u2019apparence des pores dilat\u00e9s.<\/p><h3 data-start=\"1000\" data-end=\"1047\">\u2714\ufe0f Un renforcement de la barri\u00e8re cutan\u00e9e<\/h3><p data-start=\"1048\" data-end=\"1169\">Elle augmente la production de c\u00e9ramides, ce qui aide la peau \u00e0 mieux retenir l\u2019hydratation et \u00e0 devenir plus r\u00e9sistante.<\/p><h3 data-start=\"1171\" data-end=\"1207\">\u2714\ufe0f Un effet anti-inflammatoire<\/h3><p data-start=\"1208\" data-end=\"1263\">Parfait contre l\u2019acn\u00e9, les rougeurs et les irritations.<\/p><h3 data-start=\"1265\" data-end=\"1299\">\u2714\ufe0f Une am\u00e9lioration du teint<\/h3><p data-start=\"1300\" data-end=\"1403\">Elle contribue \u00e0 \u00e9claircir et homog\u00e9n\u00e9iser la couleur de la peau en r\u00e9duisant la formation de m\u00e9lanine.<\/p>\t\t\t\t\t\t\t\t<\/div>\n\t\t\t\t<\/div>\n\t\t\t\t<div class=\"elementor-element elementor-element-d3ae321 elementor-widget elementor-widget-heading\" data-id=\"d3ae321\" data-element_type=\"widget\" data-e-type=\"widget\" data-widget_type=\"heading.default\">\n\t\t\t\t<div class=\"elementor-widget-container\">\n\t\t\t\t\t<h2 class=\"elementor-heading-title elementor-size-default\">\ud83c\udf1f 2. Qu\u2019est-ce que l\u2019Acide Tranexamique (TXA) 4% ?<\/h2>\t\t\t\t<\/div>\n\t\t\t\t<\/div>\n\t\t\t\t<div class=\"elementor-element elementor-element-3214ac4 elementor-widget elementor-widget-text-editor\" data-id=\"3214ac4\" data-element_type=\"widget\" data-e-type=\"widget\" data-widget_type=\"text-editor.default\">\n\t\t\t\t<div class=\"elementor-widget-container\">\n\t\t\t\t\t\t\t\t\t<p data-start=\"1466\" data-end=\"1536\">L\u2019acide tranexamique est un actif reconnu pour son efficacit\u00e9 contre :<\/p><h3 data-start=\"1538\" data-end=\"1577\">\u2714\ufe0f Le m\u00e9lasma (taches hormonales)<\/h3><p data-start=\"1578\" data-end=\"1673\">C\u2019est actuellement l\u2019un des ingr\u00e9dients les plus prometteurs pour traiter les taches profondes.<\/p><h3 data-start=\"1675\" data-end=\"1726\">\u2714\ufe0f Les hyperpigmentations post-inflammatoires<\/h3><p data-start=\"1727\" data-end=\"1767\">Comme les marques laiss\u00e9es apr\u00e8s l\u2019acn\u00e9.<\/p><h3 data-start=\"1769\" data-end=\"1803\">\u2714\ufe0f Les taches dues au soleil<\/h3><p data-start=\"1804\" data-end=\"1874\">Il freine les processus responsables des taches, sans d\u00e9caper la peau.<\/p><h3 data-start=\"1876\" data-end=\"1897\">\u2714\ufe0f Les rougeurs<\/h3><p data-start=\"1898\" data-end=\"1980\">Il a \u00e9galement un effet anti-inflammatoire qui apaise la peau sensible ou irrit\u00e9e.<\/p>\t\t\t\t\t\t\t\t<\/div>\n\t\t\t\t<\/div>\n\t\t\t\t<\/div>\n\t\t<div class=\"elementor-element elementor-element-1d7ad00 e-con-full e-flex e-con e-child\" data-id=\"1d7ad00\" data-element_type=\"container\" data-e-type=\"container\">\n\t\t\t\t<div class=\"elementor-element elementor-element-9859fb8 elementor-widget elementor-widget-image\" data-id=\"9859fb8\" data-element_type=\"widget\" data-e-type=\"widget\" data-widget_type=\"image.default\">\n\t\t\t\t<div class=\"elementor-widget-container\">\n\t\t\t\t\t\t\t\t\t\t\t\t\t\t\t<img decoding=\"async\" width=\"822\" height=\"1024\" src=\"https:\/\/lopeskincar.shop\/wp-content\/uploads\/2025\/12\/482619187_18001872353733298_476273362005366988_n.webp\" class=\"attachment-large size-large wp-image-8544\" alt=\"\" \/>\t\t\t\t\t\t\t\t\t\t\t\t\t\t\t<\/div>\n\t\t\t\t<\/div>\n\t\t\t\t<\/div>\n\t\t\t\t<\/div>\n\t\t<div class=\"elementor-element elementor-element-f1275f3 e-con-full e-flex e-con e-parent\" data-id=\"f1275f3\" data-element_type=\"container\" data-e-type=\"container\">\n\t\t<div class=\"elementor-element elementor-element-367b9cb e-con-full e-flex e-con e-child\" data-id=\"367b9cb\" data-element_type=\"container\" data-e-type=\"container\">\n\t\t\t\t<div class=\"elementor-element elementor-element-50881d7 elementor-widget elementor-widget-heading\" data-id=\"50881d7\" data-element_type=\"widget\" data-e-type=\"widget\" data-widget_type=\"heading.default\">\n\t\t\t\t<div class=\"elementor-widget-container\">\n\t\t\t\t\t<h2 class=\"elementor-heading-title elementor-size-default\">\ud83d\udc8e 3. Pourquoi l\u2019association Niacinamide + TXA est si efficace ?<\/h2>\t\t\t\t<\/div>\n\t\t\t\t<\/div>\n\t\t\t\t<div class=\"elementor-element elementor-element-8c53cd3 elementor-widget elementor-widget-text-editor\" data-id=\"8c53cd3\" data-element_type=\"widget\" data-e-type=\"widget\" data-widget_type=\"text-editor.default\">\n\t\t\t\t<div class=\"elementor-widget-container\">\n\t\t\t\t\t\t\t\t\t<p data-start=\"2056\" data-end=\"2176\">Ces deux actifs agissent sur <strong data-start=\"2085\" data-end=\"2129\">diff\u00e9rents m\u00e9canismes de la pigmentation<\/strong>, ce qui les rend extr\u00eamement compl\u00e9mentaires :<\/p><ul data-start=\"2178\" data-end=\"2519\"><li data-start=\"2178\" data-end=\"2261\"><p data-start=\"2180\" data-end=\"2261\">La <strong data-start=\"2183\" data-end=\"2198\">Niacinamide<\/strong> emp\u00eache le transfert de m\u00e9lanine vers la surface de la peau.<\/p><\/li><li data-start=\"2262\" data-end=\"2355\"><p data-start=\"2264\" data-end=\"2355\">Le <strong data-start=\"2267\" data-end=\"2274\">TXA<\/strong> bloque les signaux inflammatoires qui d\u00e9clenchent la surproduction de pigment.<\/p><\/li><li data-start=\"2356\" data-end=\"2455\"><p data-start=\"2358\" data-end=\"2455\">Ensemble, ils \u00e9claircissent les taches existantes <strong data-start=\"2408\" data-end=\"2414\">et<\/strong> pr\u00e9viennent l\u2019apparition de nouvelles.<\/p><\/li><li data-start=\"2456\" data-end=\"2519\"><p data-start=\"2458\" data-end=\"2519\">La peau devient plus lisse, plus uniforme, et plus lumineuse.<\/p><\/li><\/ul><h3 data-start=\"3621\" data-end=\"3651\">\u00a0<\/h3>\t\t\t\t\t\t\t\t<\/div>\n\t\t\t\t<\/div>\n\t\t\t\t<div class=\"elementor-element elementor-element-848c6d4 elementor-widget elementor-widget-heading\" data-id=\"848c6d4\" data-element_type=\"widget\" data-e-type=\"widget\" data-widget_type=\"heading.default\">\n\t\t\t\t<div class=\"elementor-widget-container\">\n\t\t\t\t\t<h2 class=\"elementor-heading-title elementor-size-default\">\ud83c\udf3c 4. Quels sont les b\u00e9n\u00e9fices visibles ?<\/h2>\t\t\t\t<\/div>\n\t\t\t\t<\/div>\n\t\t\t\t<div class=\"elementor-element elementor-element-62a8e55 elementor-widget elementor-widget-text-editor\" data-id=\"62a8e55\" data-element_type=\"widget\" data-e-type=\"widget\" data-widget_type=\"text-editor.default\">\n\t\t\t\t<div class=\"elementor-widget-container\">\n\t\t\t\t\t\t\t\t\t<ul><li data-start=\"3652\" data-end=\"3707\"><p data-start=\"2572\" data-end=\"2621\">Apr\u00e8s quelques semaines d\u2019utilisation r\u00e9guli\u00e8re :<\/p><ul data-start=\"2623\" data-end=\"2920\"><li data-start=\"2623\" data-end=\"2684\"><p data-start=\"2625\" data-end=\"2684\">Diminution notable des taches brunes et des traces d\u2019acn\u00e9<\/p><\/li><li data-start=\"2685\" data-end=\"2711\"><p data-start=\"2687\" data-end=\"2711\">Att\u00e9nuation du m\u00e9lasma<\/p><\/li><li data-start=\"2712\" data-end=\"2737\"><p data-start=\"2714\" data-end=\"2737\">\u00c9clat global du teint<\/p><\/li><li data-start=\"2738\" data-end=\"2764\"><p data-start=\"2740\" data-end=\"2764\">Grain de peau plus fin<\/p><\/li><li data-start=\"2765\" data-end=\"2802\"><p data-start=\"2767\" data-end=\"2802\">Peau plus douce et moins textur\u00e9e<\/p><\/li><li data-start=\"2803\" data-end=\"2851\"><p data-start=\"2805\" data-end=\"2851\">Diminution des rougeurs et de l\u2019inflammation<\/p><\/li><li data-start=\"2852\" data-end=\"2920\"><p data-start=\"2854\" data-end=\"2920\">Meilleure hydratation gr\u00e2ce au renforcement de la barri\u00e8re cutan\u00e9e<\/p><\/li><\/ul><\/li><\/ul>\t\t\t\t\t\t\t\t<\/div>\n\t\t\t\t<\/div>\n\t\t\t\t<\/div>\n\t\t<div class=\"elementor-element elementor-element-b38f10e e-con-full e-flex e-con e-child\" data-id=\"b38f10e\" data-element_type=\"container\" data-e-type=\"container\">\n\t\t\t\t<div class=\"elementor-element elementor-element-72bc56c elementor-widget elementor-widget-image\" data-id=\"72bc56c\" data-element_type=\"widget\" data-e-type=\"widget\" data-widget_type=\"image.default\">\n\t\t\t\t<div class=\"elementor-widget-container\">\n\t\t\t\t\t\t\t\t\t\t\t\t\t\t\t<img loading=\"lazy\" decoding=\"async\" width=\"822\" height=\"1024\" src=\"https:\/\/lopeskincar.shop\/wp-content\/uploads\/2025\/12\/482664011_18001872344733298_5044407990551222315_n.webp\" class=\"attachment-large size-large wp-image-8545\" alt=\"\" \/>\t\t\t\t\t\t\t\t\t\t\t\t\t\t\t<\/div>\n\t\t\t\t<\/div>\n\t\t\t\t<\/div>\n\t\t\t\t<\/div>\n\t\t<div class=\"elementor-element elementor-element-786abd6 e-con-full e-flex e-con e-parent\" data-id=\"786abd6\" data-element_type=\"container\" data-e-type=\"container\">\n\t\t<div class=\"elementor-element elementor-element-dff9a6a e-con-full e-flex e-con e-child\" data-id=\"dff9a6a\" data-element_type=\"container\" data-e-type=\"container\">\n\t\t\t\t<div class=\"elementor-element elementor-element-c539b80 elementor-widget elementor-widget-heading\" data-id=\"c539b80\" data-element_type=\"widget\" data-e-type=\"widget\" data-widget_type=\"heading.default\">\n\t\t\t\t<div class=\"elementor-widget-container\">\n\t\t\t\t\t<h2 class=\"elementor-heading-title elementor-size-default\">\ud83d\udca7 5. Comment utiliser le s\u00e9rum correctement ?<\/h2>\t\t\t\t<\/div>\n\t\t\t\t<\/div>\n\t\t\t\t<div class=\"elementor-element elementor-element-76819a1 elementor-widget elementor-widget-heading\" data-id=\"76819a1\" data-element_type=\"widget\" data-e-type=\"widget\" data-widget_type=\"heading.default\">\n\t\t\t\t<div class=\"elementor-widget-container\">\n\t\t\t\t\t<h2 class=\"elementor-heading-title elementor-size-default\">\ud83c\udf19 Quand l\u2019appliquer ?<\/h2>\t\t\t\t<\/div>\n\t\t\t\t<\/div>\n\t\t\t\t<div class=\"elementor-element elementor-element-fe38396 elementor-widget elementor-widget-text-editor\" data-id=\"fe38396\" data-element_type=\"widget\" data-e-type=\"widget\" data-widget_type=\"text-editor.default\">\n\t\t\t\t<div class=\"elementor-widget-container\">\n\t\t\t\t\t\t\t\t\t<p data-start=\"3011\" data-end=\"3090\">Une fois par jour (soir de pr\u00e9f\u00e9rence), ou matin + soir si ta peau le supporte.<\/p>\t\t\t\t\t\t\t\t<\/div>\n\t\t\t\t<\/div>\n\t\t\t\t<div class=\"elementor-element elementor-element-c12c74f elementor-widget elementor-widget-heading\" data-id=\"c12c74f\" data-element_type=\"widget\" data-e-type=\"widget\" data-widget_type=\"heading.default\">\n\t\t\t\t<div class=\"elementor-widget-container\">\n\t\t\t\t\t<h2 class=\"elementor-heading-title elementor-size-default\">\ud83d\udca6 Comment l\u2019appliquer ?<\/h2>\t\t\t\t<\/div>\n\t\t\t\t<\/div>\n\t\t\t\t<div class=\"elementor-element elementor-element-7632c83 elementor-widget elementor-widget-text-editor\" data-id=\"7632c83\" data-element_type=\"widget\" data-e-type=\"widget\" data-widget_type=\"text-editor.default\">\n\t\t\t\t<div class=\"elementor-widget-container\">\n\t\t\t\t\t\t\t\t\t<ol><li data-start=\"3127\" data-end=\"3156\"><p data-start=\"3130\" data-end=\"3156\">Sur peau propre et s\u00e8che<\/p><\/li><li data-start=\"3157\" data-end=\"3192\"><p data-start=\"3160\" data-end=\"3192\">2\u20133 gouttes sur tout le visage<\/p><\/li><li data-start=\"3193\" data-end=\"3214\"><p data-start=\"3196\" data-end=\"3214\">Masser doucement<\/p><\/li><li data-start=\"3215\" data-end=\"3248\"><p data-start=\"3218\" data-end=\"3248\">Ajouter une cr\u00e8me hydratante<\/p><\/li><li data-start=\"3249\" data-end=\"3323\"><p data-start=\"3252\" data-end=\"3323\">Le matin : <strong data-start=\"3263\" data-end=\"3309\">indispensable d\u2019appliquer un \u00e9cran solaire<\/strong> (SPF 30 \u00e0 50)<\/p><\/li><\/ol>\t\t\t\t\t\t\t\t<\/div>\n\t\t\t\t<\/div>\n\t\t\t\t<div class=\"elementor-element elementor-element-315d57f elementor-widget elementor-widget-heading\" data-id=\"315d57f\" data-element_type=\"widget\" data-e-type=\"widget\" data-widget_type=\"heading.default\">\n\t\t\t\t<div class=\"elementor-widget-container\">\n\t\t\t\t\t<h2 class=\"elementor-heading-title elementor-size-default\">\u26a0\ufe0f Combinaisons \u00e0 \u00e9viter<\/h2>\t\t\t\t<\/div>\n\t\t\t\t<\/div>\n\t\t\t\t<div class=\"elementor-element elementor-element-32ff42d elementor-widget elementor-widget-text-editor\" data-id=\"32ff42d\" data-element_type=\"widget\" data-e-type=\"widget\" data-widget_type=\"text-editor.default\">\n\t\t\t\t<div class=\"elementor-widget-container\">\n\t\t\t\t\t\t\t\t\t<ul><li data-start=\"3356\" data-end=\"3427\"><p data-start=\"3358\" data-end=\"3427\">Avec des r\u00e9tino\u00efdes puissants au tout d\u00e9but (risque de sensibilit\u00e9)<\/p><\/li><li data-start=\"3428\" data-end=\"3479\"><p data-start=\"3430\" data-end=\"3479\">Avec des exfoliants forts si ta peau est sensible<\/p><\/li><\/ul>\t\t\t\t\t\t\t\t<\/div>\n\t\t\t\t<\/div>\n\t\t\t\t<div class=\"elementor-element elementor-element-2c2363b elementor-widget elementor-widget-heading\" data-id=\"2c2363b\" data-element_type=\"widget\" data-e-type=\"widget\" data-widget_type=\"heading.default\">\n\t\t\t\t<div class=\"elementor-widget-container\">\n\t\t\t\t\t<h2 class=\"elementor-heading-title elementor-size-default\">\ud83c\udf38 6. Convient-il \u00e0 tous les types de peau ?<\/h2>\t\t\t\t<\/div>\n\t\t\t\t<\/div>\n\t\t\t\t<div class=\"elementor-element elementor-element-f0301ec elementor-widget elementor-widget-text-editor\" data-id=\"f0301ec\" data-element_type=\"widget\" data-e-type=\"widget\" data-widget_type=\"text-editor.default\">\n\t\t\t\t<div class=\"elementor-widget-container\">\n\t\t\t\t\t\t\t\t\t<ul><li data-start=\"4332\" data-end=\"4373\"><p data-start=\"3535\" data-end=\"3546\">Oui, mais :<\/p><ul data-start=\"3548\" data-end=\"3846\"><li data-start=\"3548\" data-end=\"3618\"><p data-start=\"3550\" data-end=\"3618\"><strong data-start=\"3550\" data-end=\"3567\">Peau sensible<\/strong> : commencer 2\u20133 fois par semaine, puis augmenter<\/p><\/li><li data-start=\"3619\" data-end=\"3697\"><p data-start=\"3621\" data-end=\"3697\"><strong data-start=\"3621\" data-end=\"3636\">Peau grasse<\/strong> : excellent pour r\u00e9duire les imperfections et la brillance<\/p><\/li><li data-start=\"3698\" data-end=\"3738\"><p data-start=\"3700\" data-end=\"3738\"><strong data-start=\"3700\" data-end=\"3714\">Peau s\u00e8che<\/strong> : bien hydrater apr\u00e8s<\/p><\/li><li data-start=\"3739\" data-end=\"3788\"><p data-start=\"3741\" data-end=\"3788\"><strong data-start=\"3741\" data-end=\"3768\">Peau sujette aux taches<\/strong> : tr\u00e8s recommand\u00e9<\/p><\/li><li data-start=\"3789\" data-end=\"3846\"><p data-start=\"3791\" data-end=\"3846\"><strong data-start=\"3791\" data-end=\"3808\">Peau acn\u00e9ique<\/strong> : aide \u00e9norm\u00e9ment \u00e0 calmer et r\u00e9parer<\/p><\/li><\/ul><\/li><\/ul>\t\t\t\t\t\t\t\t<\/div>\n\t\t\t\t<\/div>\n\t\t\t\t<\/div>\n\t\t<div class=\"elementor-element elementor-element-4f1c1dd e-con-full e-flex e-con e-child\" data-id=\"4f1c1dd\" data-element_type=\"container\" data-e-type=\"container\">\n\t\t\t\t<div class=\"elementor-element elementor-element-8f4d29e elementor-widget elementor-widget-image\" data-id=\"8f4d29e\" data-element_type=\"widget\" data-e-type=\"widget\" data-widget_type=\"image.default\">\n\t\t\t\t<div class=\"elementor-widget-container\">\n\t\t\t\t\t\t\t\t\t\t\t\t\t\t\t<img loading=\"lazy\" decoding=\"async\" width=\"822\" height=\"1024\" src=\"https:\/\/lopeskincar.shop\/wp-content\/uploads\/2025\/12\/482489786_18001872371733298_8301990890321054211_n.webp\" class=\"attachment-large size-large wp-image-8547\" alt=\"\" \/>\t\t\t\t\t\t\t\t\t\t\t\t\t\t\t<\/div>\n\t\t\t\t<\/div>\n\t\t\t\t<\/div>\n\t\t\t\t<\/div>\n\t\t<div class=\"elementor-element elementor-element-6a95ab9 e-flex e-con-boxed e-con e-parent\" data-id=\"6a95ab9\" data-element_type=\"container\" data-e-type=\"container\">\n\t\t\t\t\t<div class=\"e-con-inner\">\n\t\t<div class=\"elementor-element elementor-element-5628595 e-con-full e-flex e-con e-child\" data-id=\"5628595\" data-element_type=\"container\" data-e-type=\"container\">\n\t\t\t\t<div class=\"elementor-element elementor-element-8b74b5f elementor-widget elementor-widget-heading\" data-id=\"8b74b5f\" data-element_type=\"widget\" data-e-type=\"widget\" data-widget_type=\"heading.default\">\n\t\t\t\t<div class=\"elementor-widget-container\">\n\t\t\t\t\t<h2 class=\"elementor-heading-title elementor-size-default\">\u26a0\ufe0f 7. Y a-t-il des effets secondaires ?<\/h2>\t\t\t\t<\/div>\n\t\t\t\t<\/div>\n\t\t\t\t<div class=\"elementor-element elementor-element-8a5391a elementor-widget__width-initial elementor-widget elementor-widget-text-editor\" data-id=\"8a5391a\" data-element_type=\"widget\" data-e-type=\"widget\" data-widget_type=\"text-editor.default\">\n\t\t\t\t<div class=\"elementor-widget-container\">\n\t\t\t\t\t\t\t\t\t<p data-start=\"3897\" data-end=\"3947\">Ils sont rares, mais peuvent appara\u00eetre au d\u00e9but :<\/p><ul data-start=\"3949\" data-end=\"4041\"><li data-start=\"3949\" data-end=\"3971\"><p data-start=\"3951\" data-end=\"3971\">L\u00e9gers picotements<\/p><\/li><li data-start=\"3972\" data-end=\"3995\"><p data-start=\"3974\" data-end=\"3995\">Rougeurs passag\u00e8res<\/p><\/li><li data-start=\"3996\" data-end=\"4041\"><p data-start=\"3998\" data-end=\"4041\">S\u00e9cheresse si utilis\u00e9 trop souvent au d\u00e9but<\/p><\/li><\/ul><p data-start=\"4043\" data-end=\"4090\">Si l\u2019inconfort persiste : r\u00e9duire la fr\u00e9quence.<\/p>\t\t\t\t\t\t\t\t<\/div>\n\t\t\t\t<\/div>\n\t\t\t\t<div class=\"elementor-element elementor-element-72e4111 elementor-widget elementor-widget-heading\" data-id=\"72e4111\" data-element_type=\"widget\" data-e-type=\"widget\" data-widget_type=\"heading.default\">\n\t\t\t\t<div class=\"elementor-widget-container\">\n\t\t\t\t\t<h2 class=\"elementor-heading-title elementor-size-default\">\ud83c\udf3a 8. R\u00e9sultat final ?<\/h2>\t\t\t\t<\/div>\n\t\t\t\t<\/div>\n\t\t\t\t<div class=\"elementor-element elementor-element-5ba128c elementor-widget elementor-widget-text-editor\" data-id=\"5ba128c\" data-element_type=\"widget\" data-e-type=\"widget\" data-widget_type=\"text-editor.default\">\n\t\t\t\t<div class=\"elementor-widget-container\">\n\t\t\t\t\t\t\t\t\t<p>\u0623\u0628\u062c\u062f \u0647\u0648\u0632 \u062d\u0637\u064a \u0643\u0644\u0645\u0646 \u0633\u0639\u0641\u0635 \u0642\u0631\u0634\u062a \u062b\u062e\u0630 \u0636\u0638\u063a<\/p>\t\t\t\t\t\t\t\t<\/div>\n\t\t\t\t<\/div>\n\t\t\t\t<\/div>\n\t\t<div class=\"elementor-element elementor-element-254ea43 e-con-full e-flex e-con e-child\" data-id=\"254ea43\" data-element_type=\"container\" data-e-type=\"container\">\n\t\t\t\t<div class=\"elementor-element elementor-element-3c467f7 elementor-widget__width-initial elementor-widget elementor-widget-image\" data-id=\"3c467f7\" data-element_type=\"widget\" data-e-type=\"widget\" data-widget_type=\"image.default\">\n\t\t\t\t<div class=\"elementor-widget-container\">\n\t\t\t\t\t\t\t\t\t\t\t\t\t\t\t<img loading=\"lazy\" decoding=\"async\" width=\"822\" height=\"1024\" src=\"https:\/\/lopeskincar.shop\/wp-content\/uploads\/2025\/12\/482645650_18001872362733298_980077561735175640_n.webp\" class=\"attachment-large size-large wp-image-8548\" alt=\"\" \/>\t\t\t\t\t\t\t\t\t\t\t\t\t\t\t<\/div>\n\t\t\t\t<\/div>\n\t\t\t\t<\/div>\n\t\t\t\t\t<\/div>\n\t\t\t\t<\/div>\n\t\t\t\t<\/div>\n\t\t","protected":false},"excerpt":{"rendered":"<p>\ud83c\udf38 S\u00e9rum Niacinamide 10% + Acide Tranexamique 4% : Tout savoir sur ce duo \u00e9claircissant et anti-taches Le s\u00e9rum combinant&#8230;<\/p>\n","protected":false},"author":1,"featured_media":0,"parent":0,"menu_order":0,"comment_status":"closed","ping_status":"closed","template":"","meta":{"footnotes":""},"class_list":["post-8456","page","type-page","status-publish","hentry"],"_links":{"self":[{"href":"https:\/\/lopeskincar.shop\/index.php\/wp-json\/wp\/v2\/pages\/8456","targetHints":{"allow":["GET"]}}],"collection":[{"href":"https:\/\/lopeskincar.shop\/index.php\/wp-json\/wp\/v2\/pages"}],"about":[{"href":"https:\/\/lopeskincar.shop\/index.php\/wp-json\/wp\/v2\/types\/page"}],"author":[{"embeddable":true,"href":"https:\/\/lopeskincar.shop\/index.php\/wp-json\/wp\/v2\/users\/1"}],"replies":[{"embeddable":true,"href":"https:\/\/lopeskincar.shop\/index.php\/wp-json\/wp\/v2\/comments?post=8456"}],"version-history":[{"count":0,"href":"https:\/\/lopeskincar.shop\/index.php\/wp-json\/wp\/v2\/pages\/8456\/revisions"}],"wp:attachment":[{"href":"https:\/\/lopeskincar.shop\/index.php\/wp-json\/wp\/v2\/media?parent=8456"}],"curies":[{"name":"wp","href":"https:\/\/api.w.org\/{rel}","templated":true}]}}