{"id":7656,"date":"2025-07-29T13:39:19","date_gmt":"2025-07-29T13:39:19","guid":{"rendered":"https:\/\/lopeskincar.shop\/?page_id=7656"},"modified":"2025-07-29T13:54:49","modified_gmt":"2025-07-29T13:54:49","slug":"haircare","status":"publish","type":"page","link":"https:\/\/lopeskincar.shop\/index.php\/haircare\/","title":{"rendered":"Haircare"},"content":{"rendered":"\t\t<div data-elementor-type=\"wp-post\" data-elementor-id=\"7656\" class=\"elementor elementor-7656\">\n\t\t\t\t<div class=\"elementor-element elementor-element-9c25343 e-con-full e-flex e-con e-parent\" data-id=\"9c25343\" data-element_type=\"container\" data-e-type=\"container\">\n\t\t<div class=\"elementor-element elementor-element-b64055f e-flex e-con-boxed e-con e-child\" data-id=\"b64055f\" data-element_type=\"container\" data-e-type=\"container\">\n\t\t\t\t\t<div class=\"e-con-inner\">\n\t\t<div class=\"elementor-element elementor-element-cdcf11a e-con-full e-flex e-con e-child\" data-id=\"cdcf11a\" data-element_type=\"container\" data-e-type=\"container\">\n\t\t\t\t<div class=\"elementor-element elementor-element-27058ce elementor-widget elementor-widget-image\" data-id=\"27058ce\" data-element_type=\"widget\" data-e-type=\"widget\" data-widget_type=\"image.default\">\n\t\t\t\t<div class=\"elementor-widget-container\">\n\t\t\t\t\t\t\t\t\t\t\t\t\t\t\t<img fetchpriority=\"high\" decoding=\"async\" width=\"510\" height=\"540\" src=\"https:\/\/lopeskincar.shop\/wp-content\/uploads\/2025\/07\/Untitled-design-45-1-1-e1753795725730.png\" class=\"attachment-large size-large wp-image-7648\" alt=\"\" srcset=\"https:\/\/lopeskincar.shop\/wp-content\/uploads\/2025\/07\/Untitled-design-45-1-1-e1753795725730.png 510w, https:\/\/lopeskincar.shop\/wp-content\/uploads\/2025\/07\/Untitled-design-45-1-1-e1753795725730-416x440.png 416w\" sizes=\"(max-width: 510px) 100vw, 510px\" \/>\t\t\t\t\t\t\t\t\t\t\t\t\t\t\t<\/div>\n\t\t\t\t<\/div>\n\t\t\t\t<div class=\"elementor-element elementor-element-dd6ceb9 elementor-widget elementor-widget-heading\" data-id=\"dd6ceb9\" data-element_type=\"widget\" data-e-type=\"widget\" data-widget_type=\"heading.default\">\n\t\t\t\t<div class=\"elementor-widget-container\">\n\t\t\t\t\t<h6 class=\"elementor-heading-title elementor-size-default\">Haircare \ud83d\udebf\n<\/h6>\t\t\t\t<\/div>\n\t\t\t\t<\/div>\n\t\t\t\t<div class=\"elementor-element elementor-element-b1abd66 elementor-widget elementor-widget-heading\" data-id=\"b1abd66\" data-element_type=\"widget\" data-e-type=\"widget\" data-widget_type=\"heading.default\">\n\t\t\t\t<div class=\"elementor-widget-container\">\n\t\t\t\t\t<div class=\"elementor-heading-title elementor-size-default\">Inspir\u00e9 des rituels capillaires japonais et cor\u00e9ens, ce soin allie douceur et r\u00e9gularit\u00e9. Shampooing, huiles et masques agissent en synergie pour un cuir chevelu sain, des longueurs nourries et des cheveux brillants et r\u00e9sistants.\u200b<\/div>\t\t\t\t<\/div>\n\t\t\t\t<\/div>\n\t\t\t\t<\/div>\n\t\t\t\t\t<\/div>\n\t\t\t\t<\/div>\n\t\t\t\t<\/div>\n\t\t<div class=\"elementor-element elementor-element-ab2a9a8 e-flex e-con-boxed e-con e-parent\" data-id=\"ab2a9a8\" data-element_type=\"container\" data-e-type=\"container\">\n\t\t\t\t\t<div class=\"e-con-inner\">\n\t\t\t\t\t<\/div>\n\t\t\t\t<\/div>\n\t\t<div class=\"elementor-element elementor-element-24645b9 e-flex e-con-boxed e-con e-parent\" data-id=\"24645b9\" data-element_type=\"container\" data-e-type=\"container\">\n\t\t\t\t\t<div class=\"e-con-inner\">\n\t\t\t\t<div class=\"elementor-element elementor-element-ea03dd9 elementor-widget elementor-widget-shortcode\" data-id=\"ea03dd9\" data-element_type=\"widget\" data-e-type=\"widget\" data-widget_type=\"shortcode.default\">\n\t\t\t\t<div class=\"elementor-widget-container\">\n\t\t\t\t\t\t\t<div class=\"elementor-shortcode\"><div class=\"woocommerce columns-4 \">\t\t<ul class=\"products columns-4 tablet-columns-2 mobile-columns-2\">\n\t\t<li class=\"product type-product post-5597 status-publish first instock product_cat-en-stock has-post-thumbnail sale taxable shipping-taxable purchasable product-type-simple woo-variation-gallery-product\">\n\t\t\t<div class=\"product-loop-wrapper\">\n\t\t<div class=\"product-loop-image-wrapper\">\t\t<div class=\"product-loop-action\"><a href=\"\/index.php\/wp-json\/wp\/v2\/pages\/7656?add-to-cart=5597\" data-quantity=\"1\" class=\"loop-add-to-cart-icon-btn button product_type_simple add_to_cart_button ajax_add_to_cart\" data-product_id=\"5597\" data-product_sku=\"\" title=\"\u0625\u0636\u0627\u0641\u0629 \u0625\u0644\u0649 \u0639\u0631\u0628\u0629 \u0627\u0644\u062a\u0633\u0648\u0642: &quot;Shiseido Fino Premium Touch Hair Mask (230g)&quot;\" rel=\"nofollow\" role=\"button\"><span class=\"woostify-svg-icon icon-shopping-cart-2\"><svg\n   xmlns:dc=\"http:\/\/purl.org\/dc\/elements\/1.1\/\"\n   xmlns:cc=\"http:\/\/creativecommons.org\/ns#\"\n   xmlns:rdf=\"http:\/\/www.w3.org\/1999\/02\/22-rdf-syntax-ns#\"\n   xmlns:svg=\"http:\/\/www.w3.org\/2000\/svg\"\n   xmlns=\"http:\/\/www.w3.org\/2000\/svg\"\n   xmlns:sodipodi=\"http:\/\/sodipodi.sourceforge.net\/DTD\/sodipodi-0.dtd\"\n   xmlns:inkscape=\"http:\/\/www.inkscape.org\/namespaces\/inkscape\"\n   version=\"1.1\"\n   width=\"17\"\n   height=\"17\"\n   viewBox=\"0 0 17 17\"\n   id=\"svg50\"\n   sodipodi:docname=\"shopping-cart-2.svg\"\n   inkscape:version=\"1.0.2-2 (e86c870879, 2021-01-15)\">\n  <metadata\n     id=\"metadata56\">\n    <rdf:RDF>\n      <cc:Work\n         rdf:about=\"\">\n        <dc:format>image\/svg+xml<\/dc:format>\n        <dc:type\n           rdf:resource=\"http:\/\/purl.org\/dc\/dcmitype\/StillImage\" \/>\n        <dc:title><\/dc:title>\n      <\/cc:Work>\n    <\/rdf:RDF>\n  <\/metadata>\n  <defs\n     id=\"defs54\" \/>\n  <sodipodi:namedview\n     pagecolor=\"#ffffff\"\n     bordercolor=\"#666666\"\n     borderopacity=\"1\"\n     objecttolerance=\"10\"\n     gridtolerance=\"10\"\n     guidetolerance=\"10\"\n     inkscape:pageopacity=\"0\"\n     inkscape:pageshadow=\"2\"\n     inkscape:window-width=\"2400\"\n     inkscape:window-height=\"1271\"\n     id=\"namedview52\"\n     showgrid=\"false\"\n     inkscape:zoom=\"48.823529\"\n     inkscape:cx=\"8.5\"\n     inkscape:cy=\"8.5\"\n     inkscape:window-x=\"2391\"\n     inkscape:window-y=\"-9\"\n     inkscape:window-maximized=\"1\"\n     inkscape:current-layer=\"svg50\" \/>\n  <g\n     id=\"g46\"\n     transform=\"matrix(-1,0,0,1,16.926,0)\" \/>\n  <path\n     d=\"m 14.176,12.5 c 0.965,0 1.75,0.785 1.75,1.75 0,0.965 -0.785,1.75 -1.75,1.75 -0.965,0 -1.75,-0.785 -1.75,-1.75 0,-0.965 0.785,-1.75 1.75,-1.75 z m 0,2.5 c 0.414,0 0.75,-0.337 0.75,-0.75 0,-0.413 -0.336,-0.75 -0.75,-0.75 -0.414,0 -0.75,0.337 -0.75,0.75 0,0.413 0.336,0.75 0.75,0.75 z m -8.5,-2.5 c 0.965,0 1.75,0.785 1.75,1.75 0,0.965 -0.785,1.75 -1.75,1.75 -0.965,0 -1.75,-0.785 -1.75,-1.75 0,-0.965 0.785,-1.75 1.75,-1.75 z m 0,2.5 c 0.414,0 0.75,-0.337 0.75,-0.75 0,-0.413 -0.336,-0.75 -0.75,-0.75 -0.414,0 -0.75,0.337 -0.75,0.75 0,0.413 0.336,0.75 0.75,0.75 z M 3.555,2 3.857,4 H 17 l -1.118,8.036 H 3.969 L 2.931,4.573 2.695,3 H -0.074 V 2 Z M 4,5 4.139,6 H 15.713 L 15.852,5 Z M 15.012,11.036 15.573,7 H 4.278 l 0.561,4.036 z\"\n     fill=\"#000000\"\n     id=\"path48\" \/>\n<\/svg>\n<\/span>\u0625\u0636\u0627\u0641\u0629 \u0625\u0644\u0649 \u0627\u0644\u0633\u0644\u0629<\/a>\t<span id=\"woocommerce_loop_add_to_cart_link_describedby_5597\" class=\"screen-reader-text\">\n\t\t\t<\/span>\n<\/div>\n\t\t<a href=\"https:\/\/lopeskincar.shop\/index.php\/product\/shiseido-fino-premium-touch-hair-mask-230g\/\" class=\"woocommerce-LoopProduct-link woocommerce-loop-product__link\">\t\t\t\t<span class=\"product-loop-hover-image\" style=\"background-image: url(https:\/\/lopeskincar.shop\/wp-content\/uploads\/2025\/06\/fino-jp_20220225_p_2781272900601080966_1_2781272897262227574.webp);\"><\/span>\n\t\t\t\t<img decoding=\"async\" width=\"1920\" height=\"1920\" src=\"https:\/\/lopeskincar.shop\/wp-content\/uploads\/2025\/06\/InShot-20250211_195509907.webp\" class=\"attachment-woocommerce_thumbnail size-woocommerce_thumbnail product-loop-image\" alt=\"Product image\" \/><\/a>\n\t\t<div class=\"loop-wrapper-wishlist\">\n\t\t\t<div class=\"tinv-wraper woocommerce tinv-wishlist tinvwl-shortcode-add-to-cart tinvwl-woocommerce_before_shop_loop_item_title\"\r\n\t data-tinvwl_product_id=\"5597\">\r\n\t<a role=\"button\" tabindex=\"0\" name=\"add-to-wishlist\" aria-label=\"Add to Wishlist\" class=\"tinvwl_add_to_wishlist_button tinvwl-icon-heart no-txt  tinvwl-position-after ftinvwl-animated\" data-tinv-wl-list=\"[]\" data-tinv-wl-product=\"5597\" data-tinv-wl-productvariation=\"0\" data-tinv-wl-productvariations=\"[]\" data-tinv-wl-producttype=\"simple\" data-tinv-wl-action=\"add\"><\/a>\t\t<div\r\n\t\tclass=\"tinvwl-tooltip\">Add to Wishlist<\/div>\r\n<\/div>\r\n\t\t<\/div>\n\t\t<\/div><div class=\"product-loop-content text-center\">\t\t<h2 class=\"woocommerce-loop-product__title\">\n\t\t\t<a href=\"https:\/\/lopeskincar.shop\/index.php\/product\/shiseido-fino-premium-touch-hair-mask-230g\/\" class=\"woocommerce-LoopProduct-link woocommerce-loop-product__link\">Shiseido Fino Premium Touch Hair Mask (230g)<\/a>\t\t<\/h2>\n\t\t<div class=\"product-loop-meta no-transform\"><div class=\"animated-meta\">\t\t\t<span class=\"price\"><del aria-hidden=\"true\"><span class=\"woocommerce-Price-amount amount\"><span class=\"woocommerce-Price-currencySymbol\">&#x62f;.&#x645;.<\/span>&nbsp;249,00<\/span><\/del> <span class=\"screen-reader-text\">\u0627\u0644\u0633\u0639\u0631 \u0627\u0644\u0623\u0635\u0644\u064a \u0647\u0648: &#x62f;.&#x645;.&nbsp;249,00.<\/span><ins aria-hidden=\"true\"><span class=\"woocommerce-Price-amount amount\"><span class=\"woocommerce-Price-currencySymbol\">&#x62f;.&#x645;.<\/span>&nbsp;199,00<\/span><\/ins><span class=\"screen-reader-text\">\u0627\u0644\u0633\u0639\u0631 \u0627\u0644\u062d\u0627\u0644\u064a \u0647\u0648: &#x62f;.&#x645;.&nbsp;199,00.<\/span><\/span>\n\t\t\t<div class=\"loop-product-qty\"><div class=\"quantity\">\n\t\t<label class=\"screen-reader-text\" for=\"quantity_69e224063acb9\">\u0643\u0645\u064a\u0629 Shiseido Fino Premium Touch Hair Mask (230g)<\/label>\n\t<input\n\t\ttype=\"number\"\n\t\t\t\tid=\"quantity_69e224063acb9\"\n\t\tclass=\"input-text qty text\"\n\t\tname=\"quantity\"\n\t\tvalue=\"1\"\n\t\taria-label=\"\u0643\u0645\u064a\u0629 \u0627\u0644\u0645\u0646\u062a\u062c\"\n\t\t\t\tmin=\"1\"\n\t\t\t\t\tmax=\"2\"\n\t\t\t\t\t\t\tstep=\"1\"\n\t\t\tplaceholder=\"\"\n\t\t\tinputmode=\"numeric\"\n\t\t\tautocomplete=\"off\"\n\t\t\t\/>\n\t<\/div>\n<\/div><div class=\"tinv-wraper woocommerce tinv-wishlist tinvwl-after-add-to-cart tinvwl-loop-button-wrapper tinvwl-woocommerce_after_shop_loop_item\"\r\n\t data-tinvwl_product_id=\"5597\">\r\n\t<a role=\"button\" tabindex=\"0\" name=\"add-to-wishlist\" aria-label=\"Add to Wishlist\" class=\"tinvwl_add_to_wishlist_button tinvwl-icon-heart no-txt  tinvwl-position-after tinvwl-loop\" data-tinv-wl-list=\"[]\" data-tinv-wl-product=\"5597\" data-tinv-wl-productvariation=\"0\" data-tinv-wl-productvariations=\"[]\" data-tinv-wl-producttype=\"simple\" data-tinv-wl-action=\"add\"><\/a>\t\t<div\r\n\t\tclass=\"tinvwl-tooltip\">Add to Wishlist<\/div>\r\n<\/div>\r\n<\/div><\/div><\/div>\t\t<\/div>\n\t\t<\/li>\n<li class=\"product type-product post-5601 status-publish instock product_cat-en-stock has-post-thumbnail sale taxable shipping-taxable purchasable product-type-simple woo-variation-gallery-product\">\n\t\t\t<div class=\"product-loop-wrapper\">\n\t\t<div class=\"product-loop-image-wrapper\">\t\t<div class=\"product-loop-action\"><a href=\"\/index.php\/wp-json\/wp\/v2\/pages\/7656?add-to-cart=5601\" data-quantity=\"1\" class=\"loop-add-to-cart-icon-btn button product_type_simple add_to_cart_button ajax_add_to_cart\" data-product_id=\"5601\" data-product_sku=\"\" title=\"\u0625\u0636\u0627\u0641\u0629 \u0625\u0644\u0649 \u0639\u0631\u0628\u0629 \u0627\u0644\u062a\u0633\u0648\u0642: &quot;Shiseido Tsubaki Premium EX Repair Hair Mask (180g)&quot;\" rel=\"nofollow\" role=\"button\"><span class=\"woostify-svg-icon icon-shopping-cart-2\"><svg\n   xmlns:dc=\"http:\/\/purl.org\/dc\/elements\/1.1\/\"\n   xmlns:cc=\"http:\/\/creativecommons.org\/ns#\"\n   xmlns:rdf=\"http:\/\/www.w3.org\/1999\/02\/22-rdf-syntax-ns#\"\n   xmlns:svg=\"http:\/\/www.w3.org\/2000\/svg\"\n   xmlns=\"http:\/\/www.w3.org\/2000\/svg\"\n   xmlns:sodipodi=\"http:\/\/sodipodi.sourceforge.net\/DTD\/sodipodi-0.dtd\"\n   xmlns:inkscape=\"http:\/\/www.inkscape.org\/namespaces\/inkscape\"\n   version=\"1.1\"\n   width=\"17\"\n   height=\"17\"\n   viewBox=\"0 0 17 17\"\n   id=\"svg50\"\n   sodipodi:docname=\"shopping-cart-2.svg\"\n   inkscape:version=\"1.0.2-2 (e86c870879, 2021-01-15)\">\n  <metadata\n     id=\"metadata56\">\n    <rdf:RDF>\n      <cc:Work\n         rdf:about=\"\">\n        <dc:format>image\/svg+xml<\/dc:format>\n        <dc:type\n           rdf:resource=\"http:\/\/purl.org\/dc\/dcmitype\/StillImage\" \/>\n        <dc:title><\/dc:title>\n      <\/cc:Work>\n    <\/rdf:RDF>\n  <\/metadata>\n  <defs\n     id=\"defs54\" \/>\n  <sodipodi:namedview\n     pagecolor=\"#ffffff\"\n     bordercolor=\"#666666\"\n     borderopacity=\"1\"\n     objecttolerance=\"10\"\n     gridtolerance=\"10\"\n     guidetolerance=\"10\"\n     inkscape:pageopacity=\"0\"\n     inkscape:pageshadow=\"2\"\n     inkscape:window-width=\"2400\"\n     inkscape:window-height=\"1271\"\n     id=\"namedview52\"\n     showgrid=\"false\"\n     inkscape:zoom=\"48.823529\"\n     inkscape:cx=\"8.5\"\n     inkscape:cy=\"8.5\"\n     inkscape:window-x=\"2391\"\n     inkscape:window-y=\"-9\"\n     inkscape:window-maximized=\"1\"\n     inkscape:current-layer=\"svg50\" \/>\n  <g\n     id=\"g46\"\n     transform=\"matrix(-1,0,0,1,16.926,0)\" \/>\n  <path\n     d=\"m 14.176,12.5 c 0.965,0 1.75,0.785 1.75,1.75 0,0.965 -0.785,1.75 -1.75,1.75 -0.965,0 -1.75,-0.785 -1.75,-1.75 0,-0.965 0.785,-1.75 1.75,-1.75 z m 0,2.5 c 0.414,0 0.75,-0.337 0.75,-0.75 0,-0.413 -0.336,-0.75 -0.75,-0.75 -0.414,0 -0.75,0.337 -0.75,0.75 0,0.413 0.336,0.75 0.75,0.75 z m -8.5,-2.5 c 0.965,0 1.75,0.785 1.75,1.75 0,0.965 -0.785,1.75 -1.75,1.75 -0.965,0 -1.75,-0.785 -1.75,-1.75 0,-0.965 0.785,-1.75 1.75,-1.75 z m 0,2.5 c 0.414,0 0.75,-0.337 0.75,-0.75 0,-0.413 -0.336,-0.75 -0.75,-0.75 -0.414,0 -0.75,0.337 -0.75,0.75 0,0.413 0.336,0.75 0.75,0.75 z M 3.555,2 3.857,4 H 17 l -1.118,8.036 H 3.969 L 2.931,4.573 2.695,3 H -0.074 V 2 Z M 4,5 4.139,6 H 15.713 L 15.852,5 Z M 15.012,11.036 15.573,7 H 4.278 l 0.561,4.036 z\"\n     fill=\"#000000\"\n     id=\"path48\" \/>\n<\/svg>\n<\/span>\u0625\u0636\u0627\u0641\u0629 \u0625\u0644\u0649 \u0627\u0644\u0633\u0644\u0629<\/a>\t<span id=\"woocommerce_loop_add_to_cart_link_describedby_5601\" class=\"screen-reader-text\">\n\t\t\t<\/span>\n<\/div>\n\t\t<a href=\"https:\/\/lopeskincar.shop\/index.php\/product\/shiseido-tsubaki-premium-ex-repair-hair-mask-180g\/\" class=\"woocommerce-LoopProduct-link woocommerce-loop-product__link\">\t\t\t\t<span class=\"product-loop-hover-image\" style=\"background-image: url(https:\/\/lopeskincar.shop\/wp-content\/uploads\/2025\/06\/shiseido-tsubaki-premium-repair-hair-mask-180g-lmching-group-limited-9-540x.webp);\"><\/span>\n\t\t\t\t<img decoding=\"async\" width=\"1000\" height=\"1000\" src=\"https:\/\/lopeskincar.shop\/wp-content\/uploads\/2025\/06\/shiseido-tsubaki-premium-repair-hair-mask-180g-819.webp\" class=\"attachment-woocommerce_thumbnail size-woocommerce_thumbnail product-loop-image\" alt=\"Product image\" \/><\/a>\n\t\t<div class=\"loop-wrapper-wishlist\">\n\t\t\t<div class=\"tinv-wraper woocommerce tinv-wishlist tinvwl-shortcode-add-to-cart tinvwl-woocommerce_before_shop_loop_item_title\"\r\n\t data-tinvwl_product_id=\"5601\">\r\n\t<a role=\"button\" tabindex=\"0\" name=\"add-to-wishlist\" aria-label=\"Add to Wishlist\" class=\"tinvwl_add_to_wishlist_button tinvwl-icon-heart no-txt  tinvwl-position-after ftinvwl-animated\" data-tinv-wl-list=\"[]\" data-tinv-wl-product=\"5601\" data-tinv-wl-productvariation=\"0\" data-tinv-wl-productvariations=\"[]\" data-tinv-wl-producttype=\"simple\" data-tinv-wl-action=\"add\"><\/a>\t\t<div\r\n\t\tclass=\"tinvwl-tooltip\">Add to Wishlist<\/div>\r\n<\/div>\r\n\t\t<\/div>\n\t\t<\/div><div class=\"product-loop-content text-center\">\t\t<h2 class=\"woocommerce-loop-product__title\">\n\t\t\t<a href=\"https:\/\/lopeskincar.shop\/index.php\/product\/shiseido-tsubaki-premium-ex-repair-hair-mask-180g\/\" class=\"woocommerce-LoopProduct-link woocommerce-loop-product__link\">Shiseido Tsubaki Premium EX Repair Hair Mask (180g)<\/a>\t\t<\/h2>\n\t\t<div class=\"product-loop-meta no-transform\"><div class=\"animated-meta\">\t\t\t<span class=\"price\"><del aria-hidden=\"true\"><span class=\"woocommerce-Price-amount amount\"><span class=\"woocommerce-Price-currencySymbol\">&#x62f;.&#x645;.<\/span>&nbsp;209,00<\/span><\/del> <span class=\"screen-reader-text\">\u0627\u0644\u0633\u0639\u0631 \u0627\u0644\u0623\u0635\u0644\u064a \u0647\u0648: &#x62f;.&#x645;.&nbsp;209,00.<\/span><ins aria-hidden=\"true\"><span class=\"woocommerce-Price-amount amount\"><span class=\"woocommerce-Price-currencySymbol\">&#x62f;.&#x645;.<\/span>&nbsp;199,00<\/span><\/ins><span class=\"screen-reader-text\">\u0627\u0644\u0633\u0639\u0631 \u0627\u0644\u062d\u0627\u0644\u064a \u0647\u0648: &#x62f;.&#x645;.&nbsp;199,00.<\/span><\/span>\n\t\t\t<div class=\"loop-product-qty\"><div class=\"quantity\">\n\t\t<label class=\"screen-reader-text\" for=\"quantity_69e224063dab1\">\u0643\u0645\u064a\u0629 Shiseido Tsubaki Premium EX Repair Hair Mask (180g)<\/label>\n\t<input\n\t\ttype=\"hidden\"\n\t\t\t\tid=\"quantity_69e224063dab1\"\n\t\tclass=\"input-text qty text\"\n\t\tname=\"quantity\"\n\t\tvalue=\"1\"\n\t\taria-label=\"\u0643\u0645\u064a\u0629 \u0627\u0644\u0645\u0646\u062a\u062c\"\n\t\t\t\tmin=\"1\"\n\t\t\t\t\tmax=\"1\"\n\t\t\t\t\t\t\tstep=\"1\"\n\t\t\tplaceholder=\"\"\n\t\t\tinputmode=\"numeric\"\n\t\t\tautocomplete=\"off\"\n\t\t\t\/>\n\t<\/div>\n<\/div><div class=\"tinv-wraper woocommerce tinv-wishlist tinvwl-after-add-to-cart tinvwl-loop-button-wrapper tinvwl-woocommerce_after_shop_loop_item\"\r\n\t data-tinvwl_product_id=\"5601\">\r\n\t<a role=\"button\" tabindex=\"0\" name=\"add-to-wishlist\" aria-label=\"Add to Wishlist\" class=\"tinvwl_add_to_wishlist_button tinvwl-icon-heart no-txt  tinvwl-position-after tinvwl-loop\" data-tinv-wl-list=\"[]\" data-tinv-wl-product=\"5601\" data-tinv-wl-productvariation=\"0\" data-tinv-wl-productvariations=\"[]\" data-tinv-wl-producttype=\"simple\" data-tinv-wl-action=\"add\"><\/a>\t\t<div\r\n\t\tclass=\"tinvwl-tooltip\">Add to Wishlist<\/div>\r\n<\/div>\r\n<\/div><\/div><\/div>\t\t<\/div>\n\t\t<\/li>\n<\/ul>\n<\/div><\/div>\n\t\t\t\t\t\t<\/div>\n\t\t\t\t<\/div>\n\t\t<div class=\"elementor-element elementor-element-595b135 e-con-full e-flex e-con e-child\" data-id=\"595b135\" data-element_type=\"container\" data-e-type=\"container\">\n\t\t\t\t<\/div>\n\t\t\t\t\t<\/div>\n\t\t\t\t<\/div>\n\t\t<div class=\"elementor-element elementor-element-1a5ef16 e-flex e-con-boxed e-con e-parent\" data-id=\"1a5ef16\" data-element_type=\"container\" data-e-type=\"container\">\n\t\t\t\t\t<div class=\"e-con-inner\">\n\t\t\t\t\t<\/div>\n\t\t\t\t<\/div>\n\t\t<div class=\"elementor-element elementor-element-7463cc0 e-flex e-con-boxed e-con e-parent\" data-id=\"7463cc0\" data-element_type=\"container\" data-e-type=\"container\">\n\t\t\t\t\t<div class=\"e-con-inner\">\n\t\t\t\t\t<\/div>\n\t\t\t\t<\/div>\n\t\t\t\t<\/div>\n\t\t","protected":false},"excerpt":{"rendered":"<p>Haircare \ud83d\udebf Inspir\u00e9 des rituels capillaires japonais et cor\u00e9ens, ce soin allie douceur et r\u00e9gularit\u00e9. Shampooing, huiles et masques agissent&#8230;<\/p>\n","protected":false},"author":1,"featured_media":0,"parent":0,"menu_order":0,"comment_status":"closed","ping_status":"closed","template":"","meta":{"footnotes":""},"class_list":["post-7656","page","type-page","status-publish","hentry"],"_links":{"self":[{"href":"https:\/\/lopeskincar.shop\/index.php\/wp-json\/wp\/v2\/pages\/7656","targetHints":{"allow":["GET"]}}],"collection":[{"href":"https:\/\/lopeskincar.shop\/index.php\/wp-json\/wp\/v2\/pages"}],"about":[{"href":"https:\/\/lopeskincar.shop\/index.php\/wp-json\/wp\/v2\/types\/page"}],"author":[{"embeddable":true,"href":"https:\/\/lopeskincar.shop\/index.php\/wp-json\/wp\/v2\/users\/1"}],"replies":[{"embeddable":true,"href":"https:\/\/lopeskincar.shop\/index.php\/wp-json\/wp\/v2\/comments?post=7656"}],"version-history":[{"count":0,"href":"https:\/\/lopeskincar.shop\/index.php\/wp-json\/wp\/v2\/pages\/7656\/revisions"}],"wp:attachment":[{"href":"https:\/\/lopeskincar.shop\/index.php\/wp-json\/wp\/v2\/media?parent=7656"}],"curies":[{"name":"wp","href":"https:\/\/api.w.org\/{rel}","templated":true}]}}