{"id":6975,"date":"2025-06-30T22:32:42","date_gmt":"2025-06-30T22:32:42","guid":{"rendered":"https:\/\/lopeskincar.shop\/?page_id=6975"},"modified":"2025-07-19T15:53:32","modified_gmt":"2025-07-19T15:53:32","slug":"sunscreens","status":"publish","type":"page","link":"https:\/\/lopeskincar.shop\/index.php\/sunscreens\/","title":{"rendered":"Sunscreens"},"content":{"rendered":"\t\t<div data-elementor-type=\"wp-post\" data-elementor-id=\"6975\" class=\"elementor elementor-6975\">\n\t\t\t\t<div class=\"elementor-element elementor-element-9c25343 e-con-full e-flex e-con e-parent\" data-id=\"9c25343\" data-element_type=\"container\" data-e-type=\"container\">\n\t\t<div class=\"elementor-element elementor-element-2971a41 e-con-full e-flex e-con e-child\" data-id=\"2971a41\" data-element_type=\"container\" data-e-type=\"container\">\n\t\t\t\t<div class=\"elementor-element elementor-element-2369f5e elementor-widget elementor-widget-image\" data-id=\"2369f5e\" data-element_type=\"widget\" data-e-type=\"widget\" data-widget_type=\"image.default\">\n\t\t\t\t<div class=\"elementor-widget-container\">\n\t\t\t\t\t\t\t\t\t\t\t\t\t\t\t<img decoding=\"async\" width=\"159\" height=\"234\" src=\"https:\/\/lopeskincar.shop\/wp-content\/uploads\/2025\/07\/Untitled-design-56.png\" class=\"attachment-large size-large wp-image-7470\" alt=\"\" \/>\t\t\t\t\t\t\t\t\t\t\t\t\t\t\t<\/div>\n\t\t\t\t<\/div>\n\t\t\t\t<div class=\"elementor-element elementor-element-0d65331 elementor-widget elementor-widget-heading\" data-id=\"0d65331\" data-element_type=\"widget\" data-e-type=\"widget\" data-widget_type=\"heading.default\">\n\t\t\t\t<div class=\"elementor-widget-container\">\n\t\t\t\t\t<h2 class=\"elementor-heading-title elementor-size-default\">Sunscreens<\/h2>\t\t\t\t<\/div>\n\t\t\t\t<\/div>\n\t\t\t\t<div class=\"elementor-element elementor-element-916d5ac elementor-widget elementor-widget-heading\" data-id=\"916d5ac\" data-element_type=\"widget\" data-e-type=\"widget\" data-widget_type=\"heading.default\">\n\t\t\t\t<div class=\"elementor-widget-container\">\n\t\t\t\t\t<div class=\"elementor-heading-title elementor-size-default\">La protection solaire, primordiale en beaut\u00e9 asiatique, est particuli\u00e8rement d\u00e9velopp\u00e9e au Japon et en Cor\u00e9e. Les femmes l\u2019utilisent quotidiennement, par tous les temps, gr\u00e2ce \u00e0 des \u00e9crans solaires efficaces, confortables et doux pour la peau. <\/div>\t\t\t\t<\/div>\n\t\t\t\t<\/div>\n\t\t\t\t<\/div>\n\t\t\t\t<\/div>\n\t\t<div class=\"elementor-element elementor-element-ab2a9a8 e-flex e-con-boxed e-con e-parent\" data-id=\"ab2a9a8\" data-element_type=\"container\" data-e-type=\"container\">\n\t\t\t\t\t<div class=\"e-con-inner\">\n\t\t\t\t\t<\/div>\n\t\t\t\t<\/div>\n\t\t<div class=\"elementor-element elementor-element-24645b9 e-flex e-con-boxed e-con e-parent\" data-id=\"24645b9\" data-element_type=\"container\" data-e-type=\"container\">\n\t\t\t\t\t<div class=\"e-con-inner\">\n\t\t\t\t<div class=\"elementor-element elementor-element-ea03dd9 elementor-widget elementor-widget-shortcode\" data-id=\"ea03dd9\" data-element_type=\"widget\" data-e-type=\"widget\" data-widget_type=\"shortcode.default\">\n\t\t\t\t<div class=\"elementor-widget-container\">\n\t\t\t\t\t\t\t<div class=\"elementor-shortcode\"><div class=\"woocommerce columns-4 \">\t\t<ul class=\"products columns-4 tablet-columns-2 mobile-columns-2\">\n\t\t<li class=\"product type-product post-5642 status-publish first outofstock product_cat-out-stouk has-post-thumbnail taxable shipping-taxable purchasable product-type-simple woo-variation-gallery-product\">\n\t\t\t<div class=\"product-loop-wrapper\">\n\t\t\t\t\t<span class=\"woostify-out-of-stock-label position-right is-square\">Sold Out<\/span>\n\t\t\t<div class=\"product-loop-image-wrapper\">\t\t<div class=\"product-loop-action\"><a href=\"https:\/\/lopeskincar.shop\/index.php\/product\/round-lab-birch-juice-moisturizing-sunscreen-spf-50-50ml\/\" data-quantity=\"1\" class=\"loop-add-to-cart-icon-btn button product_type_simple\" data-product_id=\"5642\" data-product_sku=\"299\" title=\"\u0625\u0642\u0631\u0623 \u0627\u0644\u0645\u0632\u064a\u062f \u0639\u0646 &ldquo;ROUND LAB - Birch Juice Moisturizing Sunscreen SPF 50+ \u2013 50ml&rdquo;\" rel=\"nofollow\"><span class=\"woostify-svg-icon icon-shopping-cart-2\"><svg\n   xmlns:dc=\"http:\/\/purl.org\/dc\/elements\/1.1\/\"\n   xmlns:cc=\"http:\/\/creativecommons.org\/ns#\"\n   xmlns:rdf=\"http:\/\/www.w3.org\/1999\/02\/22-rdf-syntax-ns#\"\n   xmlns:svg=\"http:\/\/www.w3.org\/2000\/svg\"\n   xmlns=\"http:\/\/www.w3.org\/2000\/svg\"\n   xmlns:sodipodi=\"http:\/\/sodipodi.sourceforge.net\/DTD\/sodipodi-0.dtd\"\n   xmlns:inkscape=\"http:\/\/www.inkscape.org\/namespaces\/inkscape\"\n   version=\"1.1\"\n   width=\"17\"\n   height=\"17\"\n   viewBox=\"0 0 17 17\"\n   id=\"svg50\"\n   sodipodi:docname=\"shopping-cart-2.svg\"\n   inkscape:version=\"1.0.2-2 (e86c870879, 2021-01-15)\">\n  <metadata\n     id=\"metadata56\">\n    <rdf:RDF>\n      <cc:Work\n         rdf:about=\"\">\n        <dc:format>image\/svg+xml<\/dc:format>\n        <dc:type\n           rdf:resource=\"http:\/\/purl.org\/dc\/dcmitype\/StillImage\" \/>\n        <dc:title><\/dc:title>\n      <\/cc:Work>\n    <\/rdf:RDF>\n  <\/metadata>\n  <defs\n     id=\"defs54\" \/>\n  <sodipodi:namedview\n     pagecolor=\"#ffffff\"\n     bordercolor=\"#666666\"\n     borderopacity=\"1\"\n     objecttolerance=\"10\"\n     gridtolerance=\"10\"\n     guidetolerance=\"10\"\n     inkscape:pageopacity=\"0\"\n     inkscape:pageshadow=\"2\"\n     inkscape:window-width=\"2400\"\n     inkscape:window-height=\"1271\"\n     id=\"namedview52\"\n     showgrid=\"false\"\n     inkscape:zoom=\"48.823529\"\n     inkscape:cx=\"8.5\"\n     inkscape:cy=\"8.5\"\n     inkscape:window-x=\"2391\"\n     inkscape:window-y=\"-9\"\n     inkscape:window-maximized=\"1\"\n     inkscape:current-layer=\"svg50\" \/>\n  <g\n     id=\"g46\"\n     transform=\"matrix(-1,0,0,1,16.926,0)\" \/>\n  <path\n     d=\"m 14.176,12.5 c 0.965,0 1.75,0.785 1.75,1.75 0,0.965 -0.785,1.75 -1.75,1.75 -0.965,0 -1.75,-0.785 -1.75,-1.75 0,-0.965 0.785,-1.75 1.75,-1.75 z m 0,2.5 c 0.414,0 0.75,-0.337 0.75,-0.75 0,-0.413 -0.336,-0.75 -0.75,-0.75 -0.414,0 -0.75,0.337 -0.75,0.75 0,0.413 0.336,0.75 0.75,0.75 z m -8.5,-2.5 c 0.965,0 1.75,0.785 1.75,1.75 0,0.965 -0.785,1.75 -1.75,1.75 -0.965,0 -1.75,-0.785 -1.75,-1.75 0,-0.965 0.785,-1.75 1.75,-1.75 z m 0,2.5 c 0.414,0 0.75,-0.337 0.75,-0.75 0,-0.413 -0.336,-0.75 -0.75,-0.75 -0.414,0 -0.75,0.337 -0.75,0.75 0,0.413 0.336,0.75 0.75,0.75 z M 3.555,2 3.857,4 H 17 l -1.118,8.036 H 3.969 L 2.931,4.573 2.695,3 H -0.074 V 2 Z M 4,5 4.139,6 H 15.713 L 15.852,5 Z M 15.012,11.036 15.573,7 H 4.278 l 0.561,4.036 z\"\n     fill=\"#000000\"\n     id=\"path48\" \/>\n<\/svg>\n<\/span>\u0642\u0631\u0627\u0621\u0629 \u0627\u0644\u0645\u0632\u064a\u062f<\/a>\t<span id=\"woocommerce_loop_add_to_cart_link_describedby_5642\" class=\"screen-reader-text\">\n\t\t\t<\/span>\n<\/div>\n\t\t<a href=\"https:\/\/lopeskincar.shop\/index.php\/product\/round-lab-birch-juice-moisturizing-sunscreen-spf-50-50ml\/\" class=\"woocommerce-LoopProduct-link woocommerce-loop-product__link\">\t\t\t\t<span class=\"product-loop-hover-image\" style=\"background-image: url(https:\/\/lopeskincar.shop\/wp-content\/uploads\/2025\/06\/443267105.webp);\"><\/span>\n\t\t\t\t<img fetchpriority=\"high\" decoding=\"async\" width=\"800\" height=\"800\" src=\"https:\/\/lopeskincar.shop\/wp-content\/uploads\/2025\/06\/Untitled-design-23.png\" class=\"attachment-woocommerce_thumbnail size-woocommerce_thumbnail product-loop-image\" alt=\"Product image\" \/><\/a>\n\t\t<div class=\"loop-wrapper-wishlist\">\n\t\t\t<div class=\"tinv-wraper woocommerce tinv-wishlist tinvwl-shortcode-add-to-cart tinvwl-woocommerce_before_shop_loop_item_title\"\r\n\t data-tinvwl_product_id=\"5642\">\r\n\t<a role=\"button\" tabindex=\"0\" name=\"add-to-wishlist\" aria-label=\"Add to Wishlist\" class=\"tinvwl_add_to_wishlist_button tinvwl-icon-heart no-txt  tinvwl-position-after ftinvwl-animated\" data-tinv-wl-list=\"[]\" data-tinv-wl-product=\"5642\" data-tinv-wl-productvariation=\"0\" data-tinv-wl-productvariations=\"[]\" data-tinv-wl-producttype=\"simple\" data-tinv-wl-action=\"add\"><\/a>\t\t<div\r\n\t\tclass=\"tinvwl-tooltip\">Add to Wishlist<\/div>\r\n<\/div>\r\n\t\t<\/div>\n\t\t<\/div><div class=\"product-loop-content text-center\">\t\t<h2 class=\"woocommerce-loop-product__title\">\n\t\t\t<a href=\"https:\/\/lopeskincar.shop\/index.php\/product\/round-lab-birch-juice-moisturizing-sunscreen-spf-50-50ml\/\" class=\"woocommerce-LoopProduct-link woocommerce-loop-product__link\">ROUND LAB &#8211; Birch Juice Moisturizing Sunscreen SPF 50+ \u2013 50ml<\/a>\t\t<\/h2>\n\t\t<div class=\"product-loop-meta no-transform\"><div class=\"animated-meta\">\t\t\t<span class=\"price\"><span class=\"woocommerce-Price-amount amount\"><span class=\"woocommerce-Price-currencySymbol\">&#x62f;.&#x645;.<\/span>&nbsp;266,00<\/span><\/span>\n\t\t\t<div class=\"loop-product-qty\"><div class=\"quantity\">\n\t\t<label class=\"screen-reader-text\" for=\"quantity_69e22405e5a12\">\u0643\u0645\u064a\u0629 ROUND LAB - Birch Juice Moisturizing Sunscreen SPF 50+ \u2013 50ml<\/label>\n\t<input\n\t\ttype=\"number\"\n\t\t\t\tid=\"quantity_69e22405e5a12\"\n\t\tclass=\"input-text qty text\"\n\t\tname=\"quantity\"\n\t\tvalue=\"1\"\n\t\taria-label=\"\u0643\u0645\u064a\u0629 \u0627\u0644\u0645\u0646\u062a\u062c\"\n\t\t\t\tmin=\"1\"\n\t\t\t\t\t\t\tstep=\"1\"\n\t\t\tplaceholder=\"\"\n\t\t\tinputmode=\"numeric\"\n\t\t\tautocomplete=\"off\"\n\t\t\t\/>\n\t<\/div>\n<\/div><div class=\"tinv-wraper woocommerce tinv-wishlist tinvwl-after-add-to-cart tinvwl-loop-button-wrapper tinvwl-woocommerce_after_shop_loop_item\"\r\n\t data-tinvwl_product_id=\"5642\">\r\n\t<a role=\"button\" tabindex=\"0\" name=\"add-to-wishlist\" aria-label=\"Add to Wishlist\" class=\"tinvwl_add_to_wishlist_button tinvwl-icon-heart no-txt  tinvwl-position-after tinvwl-loop\" data-tinv-wl-list=\"[]\" data-tinv-wl-product=\"5642\" data-tinv-wl-productvariation=\"0\" data-tinv-wl-productvariations=\"[]\" data-tinv-wl-producttype=\"simple\" data-tinv-wl-action=\"add\"><\/a>\t\t<div\r\n\t\tclass=\"tinvwl-tooltip\">Add to Wishlist<\/div>\r\n<\/div>\r\n<\/div><\/div><\/div>\t\t<\/div>\n\t\t<\/li>\n<li class=\"product type-product post-5627 status-publish outofstock product_cat-out-stouk product_cat-skin1004 has-post-thumbnail sale taxable shipping-taxable purchasable product-type-simple woo-variation-gallery-product\">\n\t\t\t<div class=\"product-loop-wrapper\">\n\t\t\t\t\t<span class=\"woostify-out-of-stock-label position-right is-square\">Sold Out<\/span>\n\t\t\t<div class=\"product-loop-image-wrapper\">\t\t<div class=\"product-loop-action\"><a href=\"https:\/\/lopeskincar.shop\/index.php\/product\/skin-1004-madagascar-centella-hyalu-cica-water-fit-sun-serum-spf-50-50ml\/\" data-quantity=\"1\" class=\"loop-add-to-cart-icon-btn button product_type_simple\" data-product_id=\"5627\" data-product_sku=\"\" title=\"\u0625\u0642\u0631\u0623 \u0627\u0644\u0645\u0632\u064a\u062f \u0639\u0646 &ldquo;SKIN 1004 - Madagascar Centella Hyalu-Cica Water-Fit Sun Serum SPF 50+ - 50ml&rdquo;\" rel=\"nofollow\"><span class=\"woostify-svg-icon icon-shopping-cart-2\"><svg\n   xmlns:dc=\"http:\/\/purl.org\/dc\/elements\/1.1\/\"\n   xmlns:cc=\"http:\/\/creativecommons.org\/ns#\"\n   xmlns:rdf=\"http:\/\/www.w3.org\/1999\/02\/22-rdf-syntax-ns#\"\n   xmlns:svg=\"http:\/\/www.w3.org\/2000\/svg\"\n   xmlns=\"http:\/\/www.w3.org\/2000\/svg\"\n   xmlns:sodipodi=\"http:\/\/sodipodi.sourceforge.net\/DTD\/sodipodi-0.dtd\"\n   xmlns:inkscape=\"http:\/\/www.inkscape.org\/namespaces\/inkscape\"\n   version=\"1.1\"\n   width=\"17\"\n   height=\"17\"\n   viewBox=\"0 0 17 17\"\n   id=\"svg50\"\n   sodipodi:docname=\"shopping-cart-2.svg\"\n   inkscape:version=\"1.0.2-2 (e86c870879, 2021-01-15)\">\n  <metadata\n     id=\"metadata56\">\n    <rdf:RDF>\n      <cc:Work\n         rdf:about=\"\">\n        <dc:format>image\/svg+xml<\/dc:format>\n        <dc:type\n           rdf:resource=\"http:\/\/purl.org\/dc\/dcmitype\/StillImage\" \/>\n        <dc:title><\/dc:title>\n      <\/cc:Work>\n    <\/rdf:RDF>\n  <\/metadata>\n  <defs\n     id=\"defs54\" \/>\n  <sodipodi:namedview\n     pagecolor=\"#ffffff\"\n     bordercolor=\"#666666\"\n     borderopacity=\"1\"\n     objecttolerance=\"10\"\n     gridtolerance=\"10\"\n     guidetolerance=\"10\"\n     inkscape:pageopacity=\"0\"\n     inkscape:pageshadow=\"2\"\n     inkscape:window-width=\"2400\"\n     inkscape:window-height=\"1271\"\n     id=\"namedview52\"\n     showgrid=\"false\"\n     inkscape:zoom=\"48.823529\"\n     inkscape:cx=\"8.5\"\n     inkscape:cy=\"8.5\"\n     inkscape:window-x=\"2391\"\n     inkscape:window-y=\"-9\"\n     inkscape:window-maximized=\"1\"\n     inkscape:current-layer=\"svg50\" \/>\n  <g\n     id=\"g46\"\n     transform=\"matrix(-1,0,0,1,16.926,0)\" \/>\n  <path\n     d=\"m 14.176,12.5 c 0.965,0 1.75,0.785 1.75,1.75 0,0.965 -0.785,1.75 -1.75,1.75 -0.965,0 -1.75,-0.785 -1.75,-1.75 0,-0.965 0.785,-1.75 1.75,-1.75 z m 0,2.5 c 0.414,0 0.75,-0.337 0.75,-0.75 0,-0.413 -0.336,-0.75 -0.75,-0.75 -0.414,0 -0.75,0.337 -0.75,0.75 0,0.413 0.336,0.75 0.75,0.75 z m -8.5,-2.5 c 0.965,0 1.75,0.785 1.75,1.75 0,0.965 -0.785,1.75 -1.75,1.75 -0.965,0 -1.75,-0.785 -1.75,-1.75 0,-0.965 0.785,-1.75 1.75,-1.75 z m 0,2.5 c 0.414,0 0.75,-0.337 0.75,-0.75 0,-0.413 -0.336,-0.75 -0.75,-0.75 -0.414,0 -0.75,0.337 -0.75,0.75 0,0.413 0.336,0.75 0.75,0.75 z M 3.555,2 3.857,4 H 17 l -1.118,8.036 H 3.969 L 2.931,4.573 2.695,3 H -0.074 V 2 Z M 4,5 4.139,6 H 15.713 L 15.852,5 Z M 15.012,11.036 15.573,7 H 4.278 l 0.561,4.036 z\"\n     fill=\"#000000\"\n     id=\"path48\" \/>\n<\/svg>\n<\/span>\u0642\u0631\u0627\u0621\u0629 \u0627\u0644\u0645\u0632\u064a\u062f<\/a>\t<span id=\"woocommerce_loop_add_to_cart_link_describedby_5627\" class=\"screen-reader-text\">\n\t\t\t<\/span>\n<\/div>\n\t\t<a href=\"https:\/\/lopeskincar.shop\/index.php\/product\/skin-1004-madagascar-centella-hyalu-cica-water-fit-sun-serum-spf-50-50ml\/\" class=\"woocommerce-LoopProduct-link woocommerce-loop-product__link\">\t\t\t\t<span class=\"product-loop-hover-image\" style=\"background-image: url(https:\/\/lopeskincar.shop\/wp-content\/uploads\/2025\/06\/911ecf9a-7afa-4f14-a44e-6eb217537392.ef183dbaf220820cf85472bec6911a38.webp);\"><\/span>\n\t\t\t\t<img decoding=\"async\" width=\"768\" height=\"768\" src=\"https:\/\/lopeskincar.shop\/wp-content\/uploads\/2025\/06\/cd571b0a-5585-415e-932c-4b965ee74386.3086e9374c1c8d4eb3e7cbf55af2f97b.webp\" class=\"attachment-woocommerce_thumbnail size-woocommerce_thumbnail product-loop-image\" alt=\"Product image\" \/><\/a>\n\t\t<div class=\"loop-wrapper-wishlist\">\n\t\t\t<div class=\"tinv-wraper woocommerce tinv-wishlist tinvwl-shortcode-add-to-cart tinvwl-woocommerce_before_shop_loop_item_title\"\r\n\t data-tinvwl_product_id=\"5627\">\r\n\t<a role=\"button\" tabindex=\"0\" name=\"add-to-wishlist\" aria-label=\"Add to Wishlist\" class=\"tinvwl_add_to_wishlist_button tinvwl-icon-heart no-txt  tinvwl-position-after ftinvwl-animated\" data-tinv-wl-list=\"[]\" data-tinv-wl-product=\"5627\" data-tinv-wl-productvariation=\"0\" data-tinv-wl-productvariations=\"[]\" data-tinv-wl-producttype=\"simple\" data-tinv-wl-action=\"add\"><\/a>\t\t<div\r\n\t\tclass=\"tinvwl-tooltip\">Add to Wishlist<\/div>\r\n<\/div>\r\n\t\t<\/div>\n\t\t<\/div><div class=\"product-loop-content text-center\">\t\t<h2 class=\"woocommerce-loop-product__title\">\n\t\t\t<a href=\"https:\/\/lopeskincar.shop\/index.php\/product\/skin-1004-madagascar-centella-hyalu-cica-water-fit-sun-serum-spf-50-50ml\/\" class=\"woocommerce-LoopProduct-link woocommerce-loop-product__link\">SKIN 1004 &#8211; Madagascar Centella Hyalu-Cica Water-Fit Sun Serum SPF 50+ &#8211; 50ml<\/a>\t\t<\/h2>\n\t\t<div class=\"product-loop-meta no-transform\"><div class=\"animated-meta\">\t\t\t<span class=\"price\"><del aria-hidden=\"true\"><span class=\"woocommerce-Price-amount amount\"><span class=\"woocommerce-Price-currencySymbol\">&#x62f;.&#x645;.<\/span>&nbsp;200,00<\/span><\/del> <span class=\"screen-reader-text\">\u0627\u0644\u0633\u0639\u0631 \u0627\u0644\u0623\u0635\u0644\u064a \u0647\u0648: &#x62f;.&#x645;.&nbsp;200,00.<\/span><ins aria-hidden=\"true\"><span class=\"woocommerce-Price-amount amount\"><span class=\"woocommerce-Price-currencySymbol\">&#x62f;.&#x645;.<\/span>&nbsp;190,00<\/span><\/ins><span class=\"screen-reader-text\">\u0627\u0644\u0633\u0639\u0631 \u0627\u0644\u062d\u0627\u0644\u064a \u0647\u0648: &#x62f;.&#x645;.&nbsp;190,00.<\/span><\/span>\n\t\t\t<div class=\"loop-product-qty\"><div class=\"quantity\">\n\t\t<label class=\"screen-reader-text\" for=\"quantity_69e22405ea651\">\u0643\u0645\u064a\u0629 SKIN 1004 - Madagascar Centella Hyalu-Cica Water-Fit Sun Serum SPF 50+ - 50ml<\/label>\n\t<input\n\t\ttype=\"number\"\n\t\t\t\tid=\"quantity_69e22405ea651\"\n\t\tclass=\"input-text qty text\"\n\t\tname=\"quantity\"\n\t\tvalue=\"1\"\n\t\taria-label=\"\u0643\u0645\u064a\u0629 \u0627\u0644\u0645\u0646\u062a\u062c\"\n\t\t\t\tmin=\"1\"\n\t\t\t\t\t\t\tstep=\"1\"\n\t\t\tplaceholder=\"\"\n\t\t\tinputmode=\"numeric\"\n\t\t\tautocomplete=\"off\"\n\t\t\t\/>\n\t<\/div>\n<\/div><div class=\"tinv-wraper woocommerce tinv-wishlist tinvwl-after-add-to-cart tinvwl-loop-button-wrapper tinvwl-woocommerce_after_shop_loop_item\"\r\n\t data-tinvwl_product_id=\"5627\">\r\n\t<a role=\"button\" tabindex=\"0\" name=\"add-to-wishlist\" aria-label=\"Add to Wishlist\" class=\"tinvwl_add_to_wishlist_button tinvwl-icon-heart no-txt  tinvwl-position-after tinvwl-loop\" data-tinv-wl-list=\"[]\" data-tinv-wl-product=\"5627\" data-tinv-wl-productvariation=\"0\" data-tinv-wl-productvariations=\"[]\" data-tinv-wl-producttype=\"simple\" data-tinv-wl-action=\"add\"><\/a>\t\t<div\r\n\t\tclass=\"tinvwl-tooltip\">Add to Wishlist<\/div>\r\n<\/div>\r\n<\/div><\/div><\/div>\t\t<\/div>\n\t\t<\/li>\n<li class=\"product type-product post-5646 status-publish outofstock product_cat-out-stouk product_cat-skin1004 has-post-thumbnail taxable shipping-taxable purchasable product-type-simple woo-variation-gallery-product\">\n\t\t\t<div class=\"product-loop-wrapper\">\n\t\t\t\t\t<span class=\"woostify-out-of-stock-label position-right is-square\">Sold Out<\/span>\n\t\t\t<div class=\"product-loop-image-wrapper\">\t\t<div class=\"product-loop-action\"><a href=\"https:\/\/lopeskincar.shop\/index.php\/product\/skin-1004-madagascar-centella-hyalu-cica-water-fit-sun-serum-twin-pack\/\" data-quantity=\"1\" class=\"loop-add-to-cart-icon-btn button product_type_simple\" data-product_id=\"5646\" data-product_sku=\"\" title=\"\u0625\u0642\u0631\u0623 \u0627\u0644\u0645\u0632\u064a\u062f \u0639\u0646 &ldquo;SKIN 1004 - Madagascar Centella Hyalu-Cica Water-Fit Sun Serum Twin Pack&rdquo;\" rel=\"nofollow\"><span class=\"woostify-svg-icon icon-shopping-cart-2\"><svg\n   xmlns:dc=\"http:\/\/purl.org\/dc\/elements\/1.1\/\"\n   xmlns:cc=\"http:\/\/creativecommons.org\/ns#\"\n   xmlns:rdf=\"http:\/\/www.w3.org\/1999\/02\/22-rdf-syntax-ns#\"\n   xmlns:svg=\"http:\/\/www.w3.org\/2000\/svg\"\n   xmlns=\"http:\/\/www.w3.org\/2000\/svg\"\n   xmlns:sodipodi=\"http:\/\/sodipodi.sourceforge.net\/DTD\/sodipodi-0.dtd\"\n   xmlns:inkscape=\"http:\/\/www.inkscape.org\/namespaces\/inkscape\"\n   version=\"1.1\"\n   width=\"17\"\n   height=\"17\"\n   viewBox=\"0 0 17 17\"\n   id=\"svg50\"\n   sodipodi:docname=\"shopping-cart-2.svg\"\n   inkscape:version=\"1.0.2-2 (e86c870879, 2021-01-15)\">\n  <metadata\n     id=\"metadata56\">\n    <rdf:RDF>\n      <cc:Work\n         rdf:about=\"\">\n        <dc:format>image\/svg+xml<\/dc:format>\n        <dc:type\n           rdf:resource=\"http:\/\/purl.org\/dc\/dcmitype\/StillImage\" \/>\n        <dc:title><\/dc:title>\n      <\/cc:Work>\n    <\/rdf:RDF>\n  <\/metadata>\n  <defs\n     id=\"defs54\" \/>\n  <sodipodi:namedview\n     pagecolor=\"#ffffff\"\n     bordercolor=\"#666666\"\n     borderopacity=\"1\"\n     objecttolerance=\"10\"\n     gridtolerance=\"10\"\n     guidetolerance=\"10\"\n     inkscape:pageopacity=\"0\"\n     inkscape:pageshadow=\"2\"\n     inkscape:window-width=\"2400\"\n     inkscape:window-height=\"1271\"\n     id=\"namedview52\"\n     showgrid=\"false\"\n     inkscape:zoom=\"48.823529\"\n     inkscape:cx=\"8.5\"\n     inkscape:cy=\"8.5\"\n     inkscape:window-x=\"2391\"\n     inkscape:window-y=\"-9\"\n     inkscape:window-maximized=\"1\"\n     inkscape:current-layer=\"svg50\" \/>\n  <g\n     id=\"g46\"\n     transform=\"matrix(-1,0,0,1,16.926,0)\" \/>\n  <path\n     d=\"m 14.176,12.5 c 0.965,0 1.75,0.785 1.75,1.75 0,0.965 -0.785,1.75 -1.75,1.75 -0.965,0 -1.75,-0.785 -1.75,-1.75 0,-0.965 0.785,-1.75 1.75,-1.75 z m 0,2.5 c 0.414,0 0.75,-0.337 0.75,-0.75 0,-0.413 -0.336,-0.75 -0.75,-0.75 -0.414,0 -0.75,0.337 -0.75,0.75 0,0.413 0.336,0.75 0.75,0.75 z m -8.5,-2.5 c 0.965,0 1.75,0.785 1.75,1.75 0,0.965 -0.785,1.75 -1.75,1.75 -0.965,0 -1.75,-0.785 -1.75,-1.75 0,-0.965 0.785,-1.75 1.75,-1.75 z m 0,2.5 c 0.414,0 0.75,-0.337 0.75,-0.75 0,-0.413 -0.336,-0.75 -0.75,-0.75 -0.414,0 -0.75,0.337 -0.75,0.75 0,0.413 0.336,0.75 0.75,0.75 z M 3.555,2 3.857,4 H 17 l -1.118,8.036 H 3.969 L 2.931,4.573 2.695,3 H -0.074 V 2 Z M 4,5 4.139,6 H 15.713 L 15.852,5 Z M 15.012,11.036 15.573,7 H 4.278 l 0.561,4.036 z\"\n     fill=\"#000000\"\n     id=\"path48\" \/>\n<\/svg>\n<\/span>\u0642\u0631\u0627\u0621\u0629 \u0627\u0644\u0645\u0632\u064a\u062f<\/a>\t<span id=\"woocommerce_loop_add_to_cart_link_describedby_5646\" class=\"screen-reader-text\">\n\t\t\t<\/span>\n<\/div>\n\t\t<a href=\"https:\/\/lopeskincar.shop\/index.php\/product\/skin-1004-madagascar-centella-hyalu-cica-water-fit-sun-serum-twin-pack\/\" class=\"woocommerce-LoopProduct-link woocommerce-loop-product__link\">\t\t\t\t<span class=\"product-loop-hover-image\" style=\"background-image: url(https:\/\/lopeskincar.shop\/wp-content\/uploads\/2025\/06\/1004.webp);\"><\/span>\n\t\t\t\t<img loading=\"lazy\" decoding=\"async\" width=\"800\" height=\"800\" src=\"https:\/\/lopeskincar.shop\/wp-content\/uploads\/2025\/06\/Untitled-design-24.png\" class=\"attachment-woocommerce_thumbnail size-woocommerce_thumbnail product-loop-image\" alt=\"Product image\" \/><\/a>\n\t\t<div class=\"loop-wrapper-wishlist\">\n\t\t\t<div class=\"tinv-wraper woocommerce tinv-wishlist tinvwl-shortcode-add-to-cart tinvwl-woocommerce_before_shop_loop_item_title\"\r\n\t data-tinvwl_product_id=\"5646\">\r\n\t<a role=\"button\" tabindex=\"0\" name=\"add-to-wishlist\" aria-label=\"Add to Wishlist\" class=\"tinvwl_add_to_wishlist_button tinvwl-icon-heart no-txt  tinvwl-position-after ftinvwl-animated\" data-tinv-wl-list=\"[]\" data-tinv-wl-product=\"5646\" data-tinv-wl-productvariation=\"0\" data-tinv-wl-productvariations=\"[]\" data-tinv-wl-producttype=\"simple\" data-tinv-wl-action=\"add\"><\/a>\t\t<div\r\n\t\tclass=\"tinvwl-tooltip\">Add to Wishlist<\/div>\r\n<\/div>\r\n\t\t<\/div>\n\t\t<\/div><div class=\"product-loop-content text-center\">\t\t<h2 class=\"woocommerce-loop-product__title\">\n\t\t\t<a href=\"https:\/\/lopeskincar.shop\/index.php\/product\/skin-1004-madagascar-centella-hyalu-cica-water-fit-sun-serum-twin-pack\/\" class=\"woocommerce-LoopProduct-link woocommerce-loop-product__link\">SKIN 1004 &#8211; Madagascar Centella Hyalu-Cica Water-Fit Sun Serum Twin Pack<\/a>\t\t<\/h2>\n\t\t<div class=\"product-loop-meta no-transform\"><div class=\"animated-meta\">\t\t\t<span class=\"price\"><span class=\"woocommerce-Price-amount amount\"><span class=\"woocommerce-Price-currencySymbol\">&#x62f;.&#x645;.<\/span>&nbsp;333,00<\/span><\/span>\n\t\t\t<div class=\"loop-product-qty\"><div class=\"quantity\">\n\t\t<label class=\"screen-reader-text\" for=\"quantity_69e22405ee354\">\u0643\u0645\u064a\u0629 SKIN 1004 - Madagascar Centella Hyalu-Cica Water-Fit Sun Serum Twin Pack<\/label>\n\t<input\n\t\ttype=\"number\"\n\t\t\t\tid=\"quantity_69e22405ee354\"\n\t\tclass=\"input-text qty text\"\n\t\tname=\"quantity\"\n\t\tvalue=\"1\"\n\t\taria-label=\"\u0643\u0645\u064a\u0629 \u0627\u0644\u0645\u0646\u062a\u062c\"\n\t\t\t\tmin=\"1\"\n\t\t\t\t\t\t\tstep=\"1\"\n\t\t\tplaceholder=\"\"\n\t\t\tinputmode=\"numeric\"\n\t\t\tautocomplete=\"off\"\n\t\t\t\/>\n\t<\/div>\n<\/div><div class=\"tinv-wraper woocommerce tinv-wishlist tinvwl-after-add-to-cart tinvwl-loop-button-wrapper tinvwl-woocommerce_after_shop_loop_item\"\r\n\t data-tinvwl_product_id=\"5646\">\r\n\t<a role=\"button\" tabindex=\"0\" name=\"add-to-wishlist\" aria-label=\"Add to Wishlist\" class=\"tinvwl_add_to_wishlist_button tinvwl-icon-heart no-txt  tinvwl-position-after tinvwl-loop\" data-tinv-wl-list=\"[]\" data-tinv-wl-product=\"5646\" data-tinv-wl-productvariation=\"0\" data-tinv-wl-productvariations=\"[]\" data-tinv-wl-producttype=\"simple\" data-tinv-wl-action=\"add\"><\/a>\t\t<div\r\n\t\tclass=\"tinvwl-tooltip\">Add to Wishlist<\/div>\r\n<\/div>\r\n<\/div><\/div><\/div>\t\t<\/div>\n\t\t<\/li>\n<\/ul>\n<\/div><\/div>\n\t\t\t\t\t\t<\/div>\n\t\t\t\t<\/div>\n\t\t\t\t\t<\/div>\n\t\t\t\t<\/div>\n\t\t\t\t<\/div>\n\t\t","protected":false},"excerpt":{"rendered":"<p>Sunscreens La protection solaire, primordiale en beaut\u00e9 asiatique, est particuli\u00e8rement d\u00e9velopp\u00e9e au Japon et en Cor\u00e9e. Les femmes l\u2019utilisent quotidiennement,&#8230;<\/p>\n","protected":false},"author":1,"featured_media":0,"parent":0,"menu_order":0,"comment_status":"closed","ping_status":"closed","template":"","meta":{"footnotes":""},"class_list":["post-6975","page","type-page","status-publish","hentry"],"_links":{"self":[{"href":"https:\/\/lopeskincar.shop\/index.php\/wp-json\/wp\/v2\/pages\/6975","targetHints":{"allow":["GET"]}}],"collection":[{"href":"https:\/\/lopeskincar.shop\/index.php\/wp-json\/wp\/v2\/pages"}],"about":[{"href":"https:\/\/lopeskincar.shop\/index.php\/wp-json\/wp\/v2\/types\/page"}],"author":[{"embeddable":true,"href":"https:\/\/lopeskincar.shop\/index.php\/wp-json\/wp\/v2\/users\/1"}],"replies":[{"embeddable":true,"href":"https:\/\/lopeskincar.shop\/index.php\/wp-json\/wp\/v2\/comments?post=6975"}],"version-history":[{"count":0,"href":"https:\/\/lopeskincar.shop\/index.php\/wp-json\/wp\/v2\/pages\/6975\/revisions"}],"wp:attachment":[{"href":"https:\/\/lopeskincar.shop\/index.php\/wp-json\/wp\/v2\/media?parent=6975"}],"curies":[{"name":"wp","href":"https:\/\/api.w.org\/{rel}","templated":true}]}}